{"id":965,"date":"2024-01-04T18:11:06","date_gmt":"2024-01-04T15:11:06","guid":{"rendered":"https:\/\/www.arthistorystudies.lt\/?page_id=965"},"modified":"2024-06-08T09:52:40","modified_gmt":"2024-06-08T06:52:40","slug":"turinys-t-14","status":"publish","type":"page","link":"https:\/\/www.arthistorystudies.lt\/en\/turinys-t-14\/","title":{"rendered":"Content T.14"},"content":{"rendered":"<p><strong><em>Meno istorijos studijos \/ Art History Studies<\/em><\/strong><strong>, 14:\u00a0<em>Modernism and Migration: The Movement of Artists and Ideas<\/em>, ed. by Giedr\u0117 Jankevi\u010di\u016bt\u0117, Vilnius: Lietuvos kult\u016bros tyrim\u0173 institutas, 2023<\/strong><br \/>\n<a href=\"https:\/\/doi.org\/10.53631\/MIS\/2023.14\">https:\/\/doi.org\/10.53631\/MIS\/2023.14<\/a><\/p>\n<p><strong>Table of Contents <\/strong><\/p>\n<p>Giedre\u0307 Jankevic\u030ciu\u0304te\u0307<\/p>\n<p>Editor\u2019s Foreword \/ Pratarme\u0307 <strong><a href=\"https:\/\/www.arthistorystudies.lt\/wp-content\/uploads\/2024\/03\/MIS-14_00-introduction.pdf\" target=\"_blank\" rel=\"noopener\">(PDF)<\/a><\/strong><br \/>\n<a href=\"https:\/\/www.arthistorystudies.lt\/wp-content\/uploads\/2024\/03\/MIS-14_00-introduction.pdf\" target=\"_blank\" rel=\"noopener\">https:\/\/doi.org\/10.53631\/MIS\/2023.14.9<\/a><\/p>\n<p>Deborah Ascher Barnstone<\/p>\n<p><a href=\"https:\/\/www.arthistorystudies.lt\/turinys-t-14\/kulturos-pernasa-naujas-kelias-suprasti-australijos-avangarda%cc%a8-santrauka\/\">Cultural Transfer: A New Way to Understand the Avant-Garde in Australia \/ Kultu\u0304ros perna\u0161a: naujas kelias suprasti Australijos avangarda\u0328<\/a><\/p>\n<p>Ma\u0142gorzata Anna Je\u0328drzejczyk<\/p>\n<p><a href=\"https:\/\/www.arthistorystudies.lt\/turinys-t-14\/migruojancios-ide%cc%87jos-migruojantys-vaizdai-avangardo-u%cc%a8-tinklai-santrauka\/\">Migrating Ideas \/ Migrating Images. Networks of the Avant-Garde(s) \/ Migruojanc\u030cios ide\u0307jos \/ migruojantys vaizdai. Avangardo(-u\u0328) tinklai<\/a><\/p>\n<p>Jindr\u030cich Vybiral<\/p>\n<p><a href=\"https:\/\/www.arthistorystudies.lt\/turinys-t-14\/cekijos-kubizmas-simboliniu%cc%a8-prekiu%cc%a8-rinkoje-santrauka\/\">Czech Cubism in the Marketplace of Symbolic Goods \/ C\u030cekijos kubizmas simboliniu\u0328 prekiu\u0328 rinkoje<\/a><\/p>\n<p>Mika Iwama<\/p>\n<p><a href=\"https:\/\/www.arthistorystudies.lt\/turinys-t-14\/gimtosios-nuode%cc%87me%cc%87s-reprezentacijos-modernioje-japonijoje-williamo-blakeo-kurybos-prie%cc%87mimas-ir-perkurimas-ryusei-kishidos-daile%cc%87je-santrauka\/\">Representations of Original Sin in Modern Japan: Ryu\u0304sei Kishida\u2019s Acceptance and Recreation of William Blake \/ Gimtosios nuode\u0307me\u0307s reprezentacijos modernioje Japonijoje: Williamo Blake\u2019o ku\u0304rybos prie\u0307mimas ir perku\u0304rimas Ryu\u0304sei Kishidos daile\u0307je<\/a><\/p>\n<p>Jane Eckett<\/p>\n<p><a href=\"https:\/\/www.arthistorystudies.lt\/turinys-t-14\/kulturinis-nacionalizmas-ir-avangardas-teisutis-zikaras-kaune-freiburge-ir-melburne-santrauka\/\">Cultural Nationalism and the Avant-Garde: Teisutis Zikaras in Kaunas, Freiburg, Melbourne \/ Kultu\u0304rinis nacionalizmas ir avangardas: Teisutis Zikaras Kaune, Freiburge ir Melburne<\/a><\/p>\n<p>Serena de Dominicis<\/p>\n<p><a href=\"https:\/\/www.arthistorystudies.lt\/turinys-t-14\/antonietta-raphael-litvaku%cc%a8-ir-italu%cc%a8-dailininke%cc%87s-transkulturine%cc%87-patirtis-santrauka\/\">Antonietta Rapha\u00ebl: The Transcultural Experience of a Litvak-Italian Artist \/ Antonietta Rapha\u00ebl: litvaku\u0328 ir italu\u0328 dailininke\u0307s transkultu\u0304rine\u0307 patirtis<\/a><\/p>\n<p>Gabriele\u0307 Radzevic\u030ciu\u0304te\u0307<\/p>\n<p><a href=\"https:\/\/www.arthistorystudies.lt\/turinys-t-14\/daile%cc%87-ir-politika-ide%cc%87ju%cc%a8-ir-vaizdu%cc%a8-migracija-tarp-veimaro-respublikos-ir-tarpukario-lietuvos-santrauka\/\">Art and Politics: The Migration of Images and Ideas between Weimar Republic and Interwar Lithuania \/ Daile\u0307 ir politika: ide\u0307ju\u0328 ir vaizdu\u0328 migracija tarp Veimaro Respublikos ir tarpukario Lietuvos<\/a><\/p>\n<p>Lolita Jablonskiene\u0307<\/p>\n<p><a href=\"https:\/\/www.arthistorystudies.lt\/turinys-t-14\/jono-meko-kurybos-viesinimas-priezastys-ir-naratyvai-santrauka\/\">Exhibiting Jonas Mekas: Causes and Narratives \/ Jono Meko ku\u0304rybos vie\u0161inimas: prie\u017eastys ir naratyvai<\/a><\/p>","protected":false},"excerpt":{"rendered":"<p>Meno istorijos studijos \/ Art History Studies, 14:\u00a0Modernism and Migration: The Movement of Artists and Ideas, ed. by Giedr\u0117 Jankevi\u010di\u016bt\u0117, Vilnius: Lietuvos kult\u016bros tyrim\u0173 institutas, 2023 https:\/\/doi.org\/10.53631\/MIS\/2023.14 Table of Contents Giedre\u0307 Jankevic\u030ciu\u0304te\u0307 Editor\u2019s Foreword \/ Pratarme\u0307 (PDF) https:\/\/doi.org\/10.53631\/MIS\/2023.14.9 Deborah Ascher Barnstone Cultural Transfer: A New Way to Understand the Avant-Garde in Australia \/ Kultu\u0304ros perna\u0161a:<a href=\"https:\/\/www.arthistorystudies.lt\/en\/turinys-t-14\/\">[&#8230;]<\/a><\/p>\n","protected":false},"author":1,"featured_media":0,"parent":0,"menu_order":0,"comment_status":"closed","ping_status":"closed","template":"","meta":{"footnotes":""},"class_list":["post-965","page","type-page","status-publish","hentry"],"_links":{"self":[{"href":"https:\/\/www.arthistorystudies.lt\/en\/wp-json\/wp\/v2\/pages\/965","targetHints":{"allow":["GET"]}}],"collection":[{"href":"https:\/\/www.arthistorystudies.lt\/en\/wp-json\/wp\/v2\/pages"}],"about":[{"href":"https:\/\/www.arthistorystudies.lt\/en\/wp-json\/wp\/v2\/types\/page"}],"author":[{"embeddable":true,"href":"https:\/\/www.arthistorystudies.lt\/en\/wp-json\/wp\/v2\/users\/1"}],"replies":[{"embeddable":true,"href":"https:\/\/www.arthistorystudies.lt\/en\/wp-json\/wp\/v2\/comments?post=965"}],"version-history":[{"count":23,"href":"https:\/\/www.arthistorystudies.lt\/en\/wp-json\/wp\/v2\/pages\/965\/revisions"}],"predecessor-version":[{"id":1596,"href":"https:\/\/www.arthistorystudies.lt\/en\/wp-json\/wp\/v2\/pages\/965\/revisions\/1596"}],"wp:attachment":[{"href":"https:\/\/www.arthistorystudies.lt\/en\/wp-json\/wp\/v2\/media?parent=965"}],"curies":[{"name":"wp","href":"https:\/\/api.w.org\/{rel}","templated":true}]}}