{"id":880,"date":"2023-09-29T11:50:32","date_gmt":"2023-09-29T08:50:32","guid":{"rendered":"https:\/\/www.arthistorystudies.lt\/?page_id=880"},"modified":"2023-12-13T11:13:23","modified_gmt":"2023-12-13T08:13:23","slug":"turinys-t-13-2","status":"publish","type":"page","link":"https:\/\/www.arthistorystudies.lt\/en\/turinys-t-13-2\/","title":{"rendered":"Content T.13"},"content":{"rendered":"<p>Vida Bakutyt\u0117<\/p>\n<p><a href=\"https:\/\/www.arthistorystudies.lt\/turinys-t-13-2\/stygininkes-pionieres-vilniuje-nuo-solisciu-iki-orkestro-xix-a-antra-puse-pioneer-female-string-players-in-vilnius-from-soloists-to-the-orchestra-2nd-half-of-the-19th-century-summary\/\">Styginink\u0117s pionier\u0117s Vilniuje: nuo solis\u010di\u0173 iki orkestro (XIX\u00a0a. antra pus\u0117) \/ Pioneer Female String Players in Vilnius: From Soloists to the Orchestra (2<sup>nd<\/sup> Half of the 19<sup>th<\/sup> Century) (Summary)<\/a><\/p>\n<p>Alicja Dacevi\u010d<\/p>\n<p><a href=\"https:\/\/www.arthistorystudies.lt\/en\/turinys-t-13-2\/bazilijonu-muzikos-kapelos-veikla-xviii-a-vilniaus-erdveje\/\">Bazilijon\u0173 muzikos kapelos veikla XVIII\u00a0a. Vilniaus erdv\u0117je \/ Basilian Music Chapel Active in Vilnius Area in the Eighteenth Century (Summary)<\/a><\/p>\n<p>Viktorija Bruneizeryt\u0117-Gaidamavi\u010dien\u0117<\/p>\n<p><a href=\"https:\/\/www.arthistorystudies.lt\/en\/turinys-t-13-2\/masines-miesto-kulturos-atvaizdai-periodineje-tarpukario-spaudoje\/\">Masin\u0117s miesto kult\u016bros (at)vaizdai periodin\u0117je tarpukario spaudoje \/ Images of Urban Mass Culture in the Interwar Periodical Press (Summary)<\/a><\/p>\n<p>Laima Budzinauskien\u0117, Giedr\u0117 Muralyt\u0117<\/p>\n<p><a href=\"https:\/\/www.arthistorystudies.lt\/en\/turinys-t-13-2\/henry-purcellio-ir-benjamino-britteno-dainu-paraleles\/\">Henry Purcellio ir Benjamino Britteno dain\u0173 paralel\u0117s \/ Parallels Between the Songs by Henry Purcell and Benjamin Britten (Summary)<\/a><\/p>\n<p>\u0160ar\u016bn\u0117 Trink\u016bnait\u0117<\/p>\n<p><a href=\"https:\/\/www.arthistorystudies.lt\/en\/turinys-t-13-2\/rusu-klausimas-valstybes-teatre-naujosios-romuvos-tautines-autonomines-kulturos-ideja\/\">\u201eRus\u0173 klausimas\u201c Valstyb\u0117s teatre. \u201eNaujosios Romuvos\u201c tautin\u0117s \/ autonomin\u0117s kult\u016bros id\u0117ja \/ \u201eRussian Problem\u201c in the Lithuanian State Theatre in Early 1930s (Summary)<\/a><\/p>\n<p>Rasa Vasinauskait\u0117<\/p>\n<p><a href=\"https:\/\/www.arthistorystudies.lt\/en\/turinys-t-13-2\/rezisieriai-kritikai-algirdas-jaksevicius-ir-juozas-miltinis\/\">Re\u017eisieriai kritikai: Algirdas Jak\u0161evi\u010dius ir Juozas Miltinis \/ Directors Algirdas Jak\u0161evi\u010dius and Juozas Miltinis in the Field of Criticism (Summary)<\/a><\/p>\n<p>Vaidas Jauni\u0161kis<\/p>\n<p><a href=\"https:\/\/www.arthistorystudies.lt\/en\/turinys-t-13-2\/lietuvos-scenos-menu-lauko-kaita-priezastys-ir-prielaidos\/\">Lietuvos scenos men\u0173 lauko kaita: prie\u017eastys ir prielaidos \/ Changes in the Lithuanian Performing Arts Field: Causes and Assumptions (Summary)<\/a><\/p>\n<p>J\u016brat\u0117 Landsbergyt\u0117-Becher<\/p>\n<p><a href=\"https:\/\/www.arthistorystudies.lt\/en\/turinys-t-13-2\/baroko-sampratos-skleidimasis-dabartineje-lietuviu-kulturoje\/\">Baroko sampratos skleidimasis dabartin\u0117je lietuvi\u0173 kult\u016broje \/ Interpretations of Baroque in Current Lithuanian Culture (Summary)<\/a><\/p>","protected":false},"excerpt":{"rendered":"<p>Vida Bakutyt\u0117 Styginink\u0117s pionier\u0117s Vilniuje: nuo solis\u010di\u0173 iki orkestro (XIX\u00a0a. antra pus\u0117) \/ Pioneer Female String Players in Vilnius: From Soloists to the Orchestra (2nd Half of the 19th Century) (Summary) Alicja Dacevi\u010d Bazilijon\u0173 muzikos kapelos veikla XVIII\u00a0a. Vilniaus erdv\u0117je \/ Basilian Music Chapel Active in Vilnius Area in the Eighteenth Century (Summary) Viktorija Bruneizeryt\u0117-Gaidamavi\u010dien\u0117<a href=\"https:\/\/www.arthistorystudies.lt\/en\/turinys-t-13-2\/\">[&#8230;]<\/a><\/p>\n","protected":false},"author":1,"featured_media":0,"parent":0,"menu_order":0,"comment_status":"closed","ping_status":"closed","template":"","meta":{"footnotes":""},"class_list":["post-880","page","type-page","status-publish","hentry"],"_links":{"self":[{"href":"https:\/\/www.arthistorystudies.lt\/en\/wp-json\/wp\/v2\/pages\/880","targetHints":{"allow":["GET"]}}],"collection":[{"href":"https:\/\/www.arthistorystudies.lt\/en\/wp-json\/wp\/v2\/pages"}],"about":[{"href":"https:\/\/www.arthistorystudies.lt\/en\/wp-json\/wp\/v2\/types\/page"}],"author":[{"embeddable":true,"href":"https:\/\/www.arthistorystudies.lt\/en\/wp-json\/wp\/v2\/users\/1"}],"replies":[{"embeddable":true,"href":"https:\/\/www.arthistorystudies.lt\/en\/wp-json\/wp\/v2\/comments?post=880"}],"version-history":[{"count":23,"href":"https:\/\/www.arthistorystudies.lt\/en\/wp-json\/wp\/v2\/pages\/880\/revisions"}],"predecessor-version":[{"id":948,"href":"https:\/\/www.arthistorystudies.lt\/en\/wp-json\/wp\/v2\/pages\/880\/revisions\/948"}],"wp:attachment":[{"href":"https:\/\/www.arthistorystudies.lt\/en\/wp-json\/wp\/v2\/media?parent=880"}],"curies":[{"name":"wp","href":"https:\/\/api.w.org\/{rel}","templated":true}]}}