{"id":80,"date":"2022-09-21T09:08:00","date_gmt":"2022-09-21T06:08:00","guid":{"rendered":"https:\/\/www.arthistorystudies.lt\/?page_id=80"},"modified":"2022-12-23T16:11:13","modified_gmt":"2022-12-23T13:11:13","slug":"redakcine-kolegija","status":"publish","type":"page","link":"https:\/\/www.arthistorystudies.lt\/en\/redakcine-kolegija\/","title":{"rendered":"Editorial board"},"content":{"rendered":"<p><strong>Editor-in-Chief<\/strong><\/p>\n<p>(hp) Laima Lau\u010dkait\u0117-Surgailien\u0117<\/p>\n<p>(Lithuanian Culture Research Institute)<\/p>\n<p><strong>Vice-Editor-in-Chief<\/strong><\/p>\n<p>Gabija Surdokait\u0117-Vitien\u0117<\/p>\n<p>(Lithuanian Culture Research Institute, e-mail: <a href=\"mailto:gabija.surdokaite@gmail.com\">gabija.surdokaite@gmail.com<\/a>)<\/p>\n<p><strong>Editor<\/strong><strong>ial<\/strong> <strong>Secretary<\/strong><\/p>\n<p>Doc., dr. Helmutas \u0160abasevi\u010dius<\/p>\n<p>(Vilnius Academy of Arts, e-mail: <a href=\"mailto:helmutas.sabasevicius@gmail.com\">helmutas.sabasevicius@gmail.com<\/a>)<\/p>\n<p><strong>Members<\/strong><\/p>\n<p>Prof., dr. habil. Jagoda Hernik-Spali\u0144ska (Polish Academy of Sciences Institute of Art)<\/p>\n<p>Prof., dr. habil. B\u00e9atrice Joyeux-Prunel (University of Geneva, Switzerland)<\/p>\n<p>Prof. em., dr. Helmut Loos (Institut f\u00fcr Musikwissenschaft, Universit\u00e4t Leipzig, Leipzig,\u00a0Germany)<\/p>\n<p>Prof., dr. habil. Maciej Szymanowicz (Adam Mickiewicz University Poznan, Poland)<\/p>\n<p>Prof., dr. Jind\u0159ich Vyb\u00edral (Art and Design Academy, Czech Republic)<\/p>\n<p>Prof., dr. Isabel W\u00fcnsche (Jacobs University, Denmark)<\/p>","protected":false},"excerpt":{"rendered":"<p>Editor-in-Chief (hp) Laima Lau\u010dkait\u0117-Surgailien\u0117 (Lithuanian Culture Research Institute) Vice-Editor-in-Chief Gabija Surdokait\u0117-Vitien\u0117 (Lithuanian Culture Research Institute, e-mail: gabija.surdokaite@gmail.com) Editorial Secretary Doc., dr. Helmutas \u0160abasevi\u010dius (Vilnius Academy of Arts, e-mail: helmutas.sabasevicius@gmail.com) Members Prof., dr. habil. Jagoda Hernik-Spali\u0144ska (Polish Academy of Sciences Institute of Art) Prof., dr. habil. B\u00e9atrice Joyeux-Prunel (University of Geneva, Switzerland) Prof. em., dr. Helmut<a href=\"https:\/\/www.arthistorystudies.lt\/en\/redakcine-kolegija\/\">[&#8230;]<\/a><\/p>\n","protected":false},"author":1,"featured_media":0,"parent":0,"menu_order":0,"comment_status":"closed","ping_status":"closed","template":"","meta":{"footnotes":""},"class_list":["post-80","page","type-page","status-publish","hentry"],"_links":{"self":[{"href":"https:\/\/www.arthistorystudies.lt\/en\/wp-json\/wp\/v2\/pages\/80","targetHints":{"allow":["GET"]}}],"collection":[{"href":"https:\/\/www.arthistorystudies.lt\/en\/wp-json\/wp\/v2\/pages"}],"about":[{"href":"https:\/\/www.arthistorystudies.lt\/en\/wp-json\/wp\/v2\/types\/page"}],"author":[{"embeddable":true,"href":"https:\/\/www.arthistorystudies.lt\/en\/wp-json\/wp\/v2\/users\/1"}],"replies":[{"embeddable":true,"href":"https:\/\/www.arthistorystudies.lt\/en\/wp-json\/wp\/v2\/comments?post=80"}],"version-history":[{"count":15,"href":"https:\/\/www.arthistorystudies.lt\/en\/wp-json\/wp\/v2\/pages\/80\/revisions"}],"predecessor-version":[{"id":510,"href":"https:\/\/www.arthistorystudies.lt\/en\/wp-json\/wp\/v2\/pages\/80\/revisions\/510"}],"wp:attachment":[{"href":"https:\/\/www.arthistorystudies.lt\/en\/wp-json\/wp\/v2\/media?parent=80"}],"curies":[{"name":"wp","href":"https:\/\/api.w.org\/{rel}","templated":true}]}}