{"id":782,"date":"2022-12-29T15:13:54","date_gmt":"2022-12-29T12:13:54","guid":{"rendered":"https:\/\/www.arthistorystudies.lt\/?page_id=782"},"modified":"2024-03-21T19:50:24","modified_gmt":"2024-03-21T16:50:24","slug":"turinys-t-10","status":"publish","type":"page","link":"https:\/\/www.arthistorystudies.lt\/en\/turinys-t-10\/","title":{"rendered":"Content T.10"},"content":{"rendered":"<p><a href=\"https:\/\/www.arthistorystudies.lt\/wp-content\/uploads\/2022\/12\/MIS-10_tituliniai_compressed.pdf\" target=\"_blank\" rel=\"noopener\">Turinys \/ Table of Contents<\/a><\/p>\n<p>Asta Gini\u016bnien\u0117<br \/>\n<a href=\"https:\/\/www.arthistorystudies.lt\/turinys-t-10\/svc-mergeles-marijos-atvaizdai-atgailos-kanauninku-videniskiu-baznycioje\/\">\u0160v\u010d. Mergel\u0117s Marijos atvaizdai atgailos kanaunink\u0173 Videni\u0161ki\u0173 ba\u017eny\u010dioje \/ The Images of the Blessed Virgin Mary in the Canons Penitentiary Church in Videni\u0161kiai (Summary)<\/a><\/p>\n<p>Gabija Surdokait\u0117-Vitien\u0117<br \/>\n<a href=\"https:\/\/www.arthistorystudies.lt\/turinys-t-10\/skausmingosios-svc-mergeles-marijos-siuzetai-lietuvos-liaudies-daileje-pirmavaizdzio-problema-ir-populiarumas\/\">Skausmingosios \u0160v\u010d. Mergel\u0117s Marijos siu\u017eetai Lietuvos liaudies dail\u0117je: pirmavaizd\u017eio problema ir populiarumas \/ The Sorrowful Virgin Mary in Lithuanian Folk Art: the Question of Prototype and Popularity (Summary)<\/a><\/p>\n<p>Milda Adamonyt\u0117<br \/>\n<a href=\"https:\/\/www.arthistorystudies.lt\/turinys-t-10\/sakralines-architekturos-modernejimas-lietuvoje-1918-1940-m-architekto-vytauto-landsbergio-zemkalnio-baznycios\/\">Sakralin\u0117s architekt\u016bros modern\u0117jimas Lietuvoje 1918\u20131940 m.: architekto Vytauto Landsbergio-\u017demkalnio ba\u017eny\u010dios \/ Modernisation of Ecclesiastical Architecture in Lithuania in 1918\u20131940: the Churches of Architect Vytautas Landsbergis-\u017demkalnis (Summary)<\/a><\/p>\n<p>Skirmant\u0117 Smilingyt\u0117-\u017deimien\u0117<br \/>\n<a href=\"https:\/\/www.arthistorystudies.lt\/turinys-t-10\/apie-marijampoles-valstybine-amatu-mokykla\/\">Apie Marijampol\u0117s valstybin\u0119 amat\u0173 mokykl\u0105 \/ The State Craft School in Marijampol\u0117 (Summary)<\/a><\/p>\n<p>Lijana \u0160atavi\u010di\u016bt\u0117-Natalevi\u010dien\u0117<br \/>\n<a href=\"https:\/\/www.arthistorystudies.lt\/turinys-t-10\/prie-liaudies-meno-tyrimo-istaku-ankstyvoji-pauliaus-galaunes-tautodailes-puoselejimo-veikla\/\">Prie liaudies meno tyrimo i\u0161tak\u0173: ankstyvoji Pauliaus Galaun\u0117s tautodail\u0117s puosel\u0117jimo veikla \/ The Origins of Folk Art Research: Paulius Galaun\u0117\u2019s Early Upheld Activities of Folk Art (Summary)<\/a><\/p>\n<p>Jolita Mulevi\u010di\u016bt\u0117<br \/>\n<a href=\"https:\/\/www.arthistorystudies.lt\/turinys-t-10\/lietuvos-muziejai-ir-rusijos-imperijos-muziejininkystes-strategijos\/\">Lietuvos muziejai ir Rusijos imperijos muziejininkyst\u0117s strategijos \/ Lithuanian Museums and the Russian Imperial Museum Strategies (Summary)<\/a><\/p>\n<p>Olga Mastianica<br \/>\n<a href=\"https:\/\/www.arthistorystudies.lt\/turinys-t-10\/uz-tevyne-ir-cara-1812-m-karo-100-mecio-sventimas-kaip-jaunimo-imperinio-lojalumo-konstravimo-irankis\/\">\u201eU\u017e T\u0117vyn\u0119 ir Car\u0105\u201c: 1812 m. karo 100-me\u010dio \u0161ventimas kaip jaunimo imperinio lojalumo konstravimo \u012frankis \/ \u2018For the Fatherland and the Tsar\u2019: Celebrating the 100th Anniversary of the War of 1812 as a Tool for Building Imperial Loyalty of the Youth (Summary)<\/a><\/p>\n<p>Giedr\u0117 Jankevi\u010di\u016bt\u0117<br \/>\n<a href=\"https:\/\/www.arthistorystudies.lt\/turinys-t-10\/amzininku-daile-nacionaliniuose-rinkiniuose-vilniaus-dailes-integravimas-i-lietuvos-menini-pavelda-1939-1944-m\/\">Am\u017einink\u0173 dail\u0117 nacionaliniuose rinkiniuose: Vilniaus dail\u0117s integravimas \u012f Lietuvos menin\u012f paveld\u0105 1939\u20131944 m. \/ Contemporary Art in National Collections: Integration of Vilnius Art into the Lithuanian Artistic Heritage in 1939\u20131944 (Summary)<\/a><\/p>\n<p>Renata \u0160ukaityt\u0117<br \/>\n<a href=\"https:\/\/www.arthistorystudies.lt\/turinys-t-10\/karo-ukrainoje-irodymai-saruno-barto-filme-serksnas-2017\/\">Karo Ukrainoje \u012frodymai \u0160ar\u016bno Barto filme \u201e\u0160erk\u0161nas\u201c (2017) \/ Evidence of the War in Ukraine in \u0160ar\u016bnas Bartas\u2019 Film \u2018Frost\u2019 (2017) (Summary)<\/a><\/p>","protected":false},"excerpt":{"rendered":"<p>Turinys \/ Table of Contents Asta Gini\u016bnien\u0117 \u0160v\u010d. Mergel\u0117s Marijos atvaizdai atgailos kanaunink\u0173 Videni\u0161ki\u0173 ba\u017eny\u010dioje \/ The Images of the Blessed Virgin Mary in the Canons Penitentiary Church in Videni\u0161kiai (Summary) Gabija Surdokait\u0117-Vitien\u0117 Skausmingosios \u0160v\u010d. Mergel\u0117s Marijos siu\u017eetai Lietuvos liaudies dail\u0117je: pirmavaizd\u017eio problema ir populiarumas \/ The Sorrowful Virgin Mary in Lithuanian Folk Art: the<a href=\"https:\/\/www.arthistorystudies.lt\/en\/turinys-t-10\/\">[&#8230;]<\/a><\/p>\n","protected":false},"author":1,"featured_media":0,"parent":0,"menu_order":0,"comment_status":"closed","ping_status":"closed","template":"","meta":{"footnotes":""},"class_list":["post-782","page","type-page","status-publish","hentry"],"_links":{"self":[{"href":"https:\/\/www.arthistorystudies.lt\/en\/wp-json\/wp\/v2\/pages\/782","targetHints":{"allow":["GET"]}}],"collection":[{"href":"https:\/\/www.arthistorystudies.lt\/en\/wp-json\/wp\/v2\/pages"}],"about":[{"href":"https:\/\/www.arthistorystudies.lt\/en\/wp-json\/wp\/v2\/types\/page"}],"author":[{"embeddable":true,"href":"https:\/\/www.arthistorystudies.lt\/en\/wp-json\/wp\/v2\/users\/1"}],"replies":[{"embeddable":true,"href":"https:\/\/www.arthistorystudies.lt\/en\/wp-json\/wp\/v2\/comments?post=782"}],"version-history":[{"count":16,"href":"https:\/\/www.arthistorystudies.lt\/en\/wp-json\/wp\/v2\/pages\/782\/revisions"}],"predecessor-version":[{"id":1163,"href":"https:\/\/www.arthistorystudies.lt\/en\/wp-json\/wp\/v2\/pages\/782\/revisions\/1163"}],"wp:attachment":[{"href":"https:\/\/www.arthistorystudies.lt\/en\/wp-json\/wp\/v2\/media?parent=782"}],"curies":[{"name":"wp","href":"https:\/\/api.w.org\/{rel}","templated":true}]}}