{"id":694,"date":"2022-12-29T13:50:44","date_gmt":"2022-12-29T10:50:44","guid":{"rendered":"https:\/\/www.arthistorystudies.lt\/?page_id=694"},"modified":"2024-07-30T11:26:21","modified_gmt":"2024-07-30T08:26:21","slug":"turinys-t-7","status":"publish","type":"page","link":"https:\/\/www.arthistorystudies.lt\/en\/turinys-t-7\/","title":{"rendered":"Content T.7"},"content":{"rendered":"<p><a href=\"https:\/\/www.arthistorystudies.lt\/wp-content\/uploads\/2022\/12\/DIS-7_tituliniai_compressed.pdf\" target=\"_blank\" rel=\"noopener\">Content<\/a><\/p>\n<p>Pratarm\u0117<br \/>\n<a href=\"https:\/\/www.arthistorystudies.lt\/wp-content\/uploads\/2022\/12\/DIS-7_2016_p.6-11_compressed.pdf\" target=\"_blank\" rel=\"noopener\"><strong>https:\/\/doi.org\/10.53631\/DIS\/2016.7.11<\/strong><\/a><\/p>\n<p>Sigita Maslauskait\u0117-Ma\u017eylien\u0117<br \/>\n<a href=\"https:\/\/www.arthistorystudies.lt\/turinys-t-7\/vaizduotes-ir-pojuciu-klausimas-apie-religinio-meno-suvokima-santrauka\/\">Vaizduot\u0117s ir poj\u016b\u010di\u0173 klausimas: apie religinio meno suvokim\u0105 \/ The Issue of Imagination and Senses: Problematics of Perception of Religious Art (Summary)<\/a><\/p>\n<p>Jolita Li\u0161kevi\u010dien\u0117<br \/>\n<a href=\"https:\/\/www.arthistorystudies.lt\/turinys-t-7\/akiu-vaistai-arba-mikalojaus-kristupo-chaleckio-alegorijos-santrauka\/\">Aki\u0173 vaistai, arba Mikalojaus Kristupo Chaleckio \u201eAlegorijos\u201c \/ Eye Remedy, or Allegories by Nicolaus Christophorus Chaletzki (Summary)<\/a><\/p>\n<p>Inga Vidugiryt\u0117<br \/>\n<a href=\"https:\/\/www.arthistorystudies.lt\/turinys-t-7\/literaturinio-peizazo-vizualumas-santrauka\/\">Literat\u016brinio peiza\u017eo vizualumas \/ Visual Aspects of Literary Landscape (Summary)<\/a><\/p>\n<p>Laima Lau\u010dkait\u0117<br \/>\n<a href=\"https:\/\/www.arthistorystudies.lt\/turinys-t-7\/spalvoti-arnoldo-zweigo-vilniaus-karoliai-santrauka\/\">Spalvoti Arnoldo Zweigo Vilniaus karoliai \/ The Colourful Necklace of Vilnius by Arnold Zweig (Summary)<\/a><\/p>\n<p>Edita Povilaityt\u0117-Leliugien\u0117<br \/>\n<a href=\"https:\/\/www.arthistorystudies.lt\/turinys-t-7\/fotografija-paveldo-istorijoje-vilniaus-aukstutine-pilis-santrauka\/\">Fotografija paveldo istorijoje: Vilniaus Auk\u0161tutin\u0117s pilis \/ Photography in the History of Heritage: Vilnius Upper Castle (Summary)<\/a><\/p>\n<p>Lijana \u0160atavi\u010di\u016bt\u0117-Natalevi\u010dien\u0117<br \/>\n<a href=\"https:\/\/www.arthistorystudies.lt\/turinys-t-7\/parodos-pedsakais-tekstai-apie-1934-1935-m-lietuviu-ir-estu-tradiciniu-amatu-parodas-jungtinese-amerikos-valstijose-santrauka\/\" target=\"_blank\" rel=\"noopener\">Parodos p\u0117dsakais: tekstai apie 1934\u20131935 m. lietuvi\u0173 ir est\u0173 tradicini\u0173 amat\u0173 parodas Jungtin\u0117se Amerikos Valstijose \/ Tracing an Exhibition: Texts on Lithuanian and Estonian Traditional Handicraft Exhibitions in the USA, 1934\u201335 (Summary)<\/a><\/p>\n<p>Laura Petrauskait\u0117<br \/>\n<a href=\"https:\/\/www.arthistorystudies.lt\/turinys-t-7\/mato-mencinsko-skulpturos-ir-ju-interpretaciju-kaita-santrauka\/\">Mato Men\u010dinsko skulpt\u016bros ir j\u0173 interpretacij\u0173 kaita \/ Sculptures by Matas Men\u010dinskas and Their Changing Interpretations (Summary)<\/a><\/p>\n<p>Margarita Matulyt\u0117<br \/>\n<a href=\"https:\/\/www.arthistorystudies.lt\/turinys-t-7\/atlydzio-zurnalistika-ir-adaukto-marcinkeviciaus-fotografijos-estetika-santrauka\/\">\u201eAtlyd\u017eio\u201c \u017eurnalistika ir Adaukto Marcinkevi\u010diaus fotografijos estetika \/ Journalism of the Khrushchev\u2019s Thaw and Aesthetics in Adauktas Marcinkevi\u010dius\u2019 Photography (Summary)<\/a><\/p>\n<p>Erika Grigoravi\u010dien\u0117<br \/>\n<a href=\"https:\/\/www.arthistorystudies.lt\/turinys-t-7\/vaizdas-zodis-ir-vaizdinys-siuolaikiniame-mene-santrauka\/\">Vaizdas, \u017eodis ir vaizdinys \u0161iuolaikiniame mene \/ Image, Picture and Word in Contemporary Art (Summary)<\/a><\/p>\n<p>Irina Melnikova<br \/>\n<a href=\"https:\/\/www.arthistorystudies.lt\/turinys-t-7\/1915-2\/\">Dail\u0117 kine: (ne)kalbantys portretai \/ Painting in Cinema: (Not) Talking Portraits (Summary)<\/a><\/p>","protected":false},"excerpt":{"rendered":"<p>Content Pratarm\u0117 https:\/\/doi.org\/10.53631\/DIS\/2016.7.11 Sigita Maslauskait\u0117-Ma\u017eylien\u0117 Vaizduot\u0117s ir poj\u016b\u010di\u0173 klausimas: apie religinio meno suvokim\u0105 \/ The Issue of Imagination and Senses: Problematics of Perception of Religious Art (Summary) Jolita Li\u0161kevi\u010dien\u0117 Aki\u0173 vaistai, arba Mikalojaus Kristupo Chaleckio \u201eAlegorijos\u201c \/ Eye Remedy, or Allegories by Nicolaus Christophorus Chaletzki (Summary) Inga Vidugiryt\u0117 Literat\u016brinio peiza\u017eo vizualumas \/ Visual Aspects of<a href=\"https:\/\/www.arthistorystudies.lt\/en\/turinys-t-7\/\">[&#8230;]<\/a><\/p>\n","protected":false},"author":1,"featured_media":0,"parent":0,"menu_order":0,"comment_status":"closed","ping_status":"closed","template":"","meta":{"footnotes":""},"class_list":["post-694","page","type-page","status-publish","hentry"],"_links":{"self":[{"href":"https:\/\/www.arthistorystudies.lt\/en\/wp-json\/wp\/v2\/pages\/694","targetHints":{"allow":["GET"]}}],"collection":[{"href":"https:\/\/www.arthistorystudies.lt\/en\/wp-json\/wp\/v2\/pages"}],"about":[{"href":"https:\/\/www.arthistorystudies.lt\/en\/wp-json\/wp\/v2\/types\/page"}],"author":[{"embeddable":true,"href":"https:\/\/www.arthistorystudies.lt\/en\/wp-json\/wp\/v2\/users\/1"}],"replies":[{"embeddable":true,"href":"https:\/\/www.arthistorystudies.lt\/en\/wp-json\/wp\/v2\/comments?post=694"}],"version-history":[{"count":19,"href":"https:\/\/www.arthistorystudies.lt\/en\/wp-json\/wp\/v2\/pages\/694\/revisions"}],"predecessor-version":[{"id":1918,"href":"https:\/\/www.arthistorystudies.lt\/en\/wp-json\/wp\/v2\/pages\/694\/revisions\/1918"}],"wp:attachment":[{"href":"https:\/\/www.arthistorystudies.lt\/en\/wp-json\/wp\/v2\/media?parent=694"}],"curies":[{"name":"wp","href":"https:\/\/api.w.org\/{rel}","templated":true}]}}