{"id":666,"date":"2022-12-29T12:23:49","date_gmt":"2022-12-29T09:23:49","guid":{"rendered":"https:\/\/www.arthistorystudies.lt\/?page_id=666"},"modified":"2024-07-24T13:35:10","modified_gmt":"2024-07-24T10:35:10","slug":"turinys-t-6","status":"publish","type":"page","link":"https:\/\/www.arthistorystudies.lt\/en\/turinys-t-6\/","title":{"rendered":"Content T.6"},"content":{"rendered":"<p><a href=\"https:\/\/www.arthistorystudies.lt\/wp-content\/uploads\/2022\/12\/DIS-6_tituliniai_compressed.pdf\" target=\"_blank\" rel=\"noopener\">Content page<\/a><\/p>\n<p><a href=\"https:\/\/www.arthistorystudies.lt\/wp-content\/uploads\/2024\/07\/DIS-6__2014_p.7-8_pratarme.pdf\" target=\"_blank\" rel=\"noopener\">Introduction<\/a><br \/>\n<a href=\"https:\/\/www.arthistorystudies.lt\/wp-content\/uploads\/2024\/07\/DIS-6__2014_p.7-8_pratarme.pdf\" target=\"_blank\" rel=\"noopener\"><strong>https:\/\/doi.org\/10.53631\/DIS\/2014.6.14<\/strong><\/a><\/p>\n<p>Giedr\u0117 Mick\u016bnait\u0117<br \/>\n<a href=\"https:\/\/www.arthistorystudies.lt\/turinys-t-6\/tikrumo-link-traku-dievo-motinos-paveikslo-prisitaikymas-naujiesiems-laikams\/\">Tikrumo link: Trak\u0173 Dievo motinos paveikslo pri(si)taikymas Naujiesiems laikams \/ Towards Authenticity: The Early Modern Adjustments of the Image of the Trakai Mother of God (Summary)<\/a><\/p>\n<p>Jolita Li\u0161kevi\u010dien\u0117<br \/>\n<a href=\"https:\/\/www.arthistorystudies.lt\/turinys-t-6\/cenzura-ugnimi-lietuvos-brastos-radvilu-biblijos-antrastinio-lapo-ikonografija\/\">Cenz\u016bra ugnimi: Lietuvos Brastos Radvil\u0173 Biblijos antra\u0161tinio lapo ikonografija \/ Censorship by Fire: The Brest Bible of the Radziwi\u0142\u0142s (Summary)<\/a><\/p>\n<p>Aist\u0117 Paliu\u0161yt\u0117<br \/>\n<a href=\"https:\/\/www.arthistorystudies.lt\/turinys-t-6\/direktyvos-dailininkams-xviii-a-lietuvos-didziojoje-kunigaikstysteje\/\">Direktyvos dailininkams XVIII a. Lietuvos Did\u017eiojoje Kunigaik\u0161tyst\u0117je \/ Directives for Artists in the Grand Duchy of Lithuania in the 18th Century (Summary)<\/a><\/p>\n<p>Indr\u0117 \u0160urkut\u0117<br \/>\n<a href=\"https:\/\/www.arthistorystudies.lt\/turinys-t-6\/sv-viktoro-altorius-baznycios-mokymo-vizualizacija-ir-jos-suvokimo-aspektai\/\">\u0160v. Viktoro altorius: Ba\u017eny\u010dios mokymo vizualizacija ir jos suvokimo aspektai \/ The Altar of St Victor: Visualisation of the Church Doctrine and Aspects of its Perception (Summary)<\/a><\/p>\n<p>Laima Lau\u010dkait\u0117<br \/>\n<a href=\"https:\/\/www.arthistorystudies.lt\/turinys-t-6\/vaizdo-kontrole-pirmojo-pasaulinio-karo-vilniaus-periodikoje-zeitung-der-10-armee-santrauka\/\">Vaizdo kontrol\u0117 Pirmojo pasaulinio karo Vilniaus periodikoje: \u201eZeitung der 10. Armee\u201c \/ Control of the Image in Vilnius\u2019 Print media during World War I: <em>Zeitung der 10. Armee<\/em> (Summary)<\/a><\/p>\n<p>Natalija Arlauskait\u0117<br \/>\n<a href=\"https:\/\/www.arthistorystudies.lt\/turinys-t-6\/pamatyti-bylu-uki-kestucio-grigaliuno-projektas-apie-meile-santrauka\/\">Pamatyti byl\u0173 \u016bk\u012f: K\u0119stu\u010dio Grigali\u016bno projektas \u201eApie meil\u0119\u201c \/ Looking at the Scriptural Economy of the Atrocity Archive: <em>About Love<\/em> by K\u0119stutis Grigali\u016bnas (Summary)<\/a><\/p>\n<p>Linara Dovydaityt\u0117<br \/>\n<a href=\"https:\/\/www.arthistorystudies.lt\/turinys-t-6\/muziejus-nuo-vaizdu-prieziuros-prie-vaizduotes-islaisvinimo-santrauka\/\">\u201eMuziejus\u201c: nuo vaizd\u0173 prie\u017ei\u016bros prie vaizduot\u0117s i\u0161laisvinimo \/ <em>Museum<\/em>: From Image Control to Liberation of Imagination (Summary)<\/a><\/p>\n<p>R\u016bta \u0160ermuk\u0161nyt\u0117<br \/>\n<a href=\"https:\/\/www.arthistorystudies.lt\/turinys-t-6\/vaizdas-kaip-ugdymo-priemone-lietuviskos-istorijos-didaktikos-pavyzdys-santrauka\/\">Vaizdas kaip ugdymo priemon\u0117: lietuvi\u0161kos istorijos didaktikos pavyzdys \/ Image as Teaching Aide: The Example of Lithuanian History Didactics (Summary)<\/a><\/p>\n<p>Giedr\u0117 Jankevi\u010di\u016bt\u0117<br \/>\n<a href=\"https:\/\/www.arthistorystudies.lt\/turinys-t-6\/istorijos-prieglobstyje-apie-retrospektyvizma-antrojo-pasaulinio-karo-metu-lietuvos-daileje-santrauka\/\">Istorijos prieglobstyje: apie retrospektyvizm\u0105 Antrojo pasaulinio karo met\u0173 Lietuvos dail\u0117je \/ Under the Shield of History: On Retrospectivism in Lithuanian Art during World War II (Summary)<\/a><\/p>\n<p>Aleksandra Aleksandravi\u010di\u016bt\u0117<br \/>\n<a href=\"https:\/\/www.arthistorystudies.lt\/turinys-t-6\/stilizacija-plastine-vaizdo-savikontrole-santrauka\/\">Stilizacija: plastin\u0117 vaizdo savikontrol\u0117 \/ Stylization: Plastic Self\u00adcontrol of the Image (Summary)<\/a><\/p>\n<p>Milda \u017dvirblyt\u0117<br \/>\n<a href=\"https:\/\/www.arthistorystudies.lt\/turinys-t-6\/lietuviskas-nonkonformizmas-realizmo-be-krantu-epochoje-vinco-kisarausko-kuryba-santrauka\/\">Lietuvi\u0161kas nonkonformizmas \u201erealizmo be krant\u0173\u201c epochoje: Vinco Kisarausko k\u016bryba \/ Lithuanian Nonconformism in the Era of \u201cRealism without Borders\u201d: The Oeuvre of Vincas Kisarauskas (Summary)<\/a><\/p>\n<p>Julija Fomina<br \/>\n<a href=\"https:\/\/www.arthistorystudies.lt\/turinys-t-6\/kuratoryste-kaip-vaizdu-tvarkos-praktika-alfonso-andriuskeviciaus-parodos-mitas-dabarties-tapyboje-santrauka-1988-ir-nakties-ir-dienos-tapyba-1990\/\">Kuratoryst\u0117 kaip vaizd\u0173 tvarkos praktika: Alfonso Andriu\u0161kevi\u010diaus parodos \u201eMitas dabarties tapyboje\u201c (1988) ir \u201eDienos ir nakties tapyba\u201c (1990) \/ Curatorial Practice as the Order of Images: <em>The Myth in Painting Today<\/em> (1988) and <em>Day and Night Painting<\/em> (1990) by Alfonsas Andriu\u0161kevi\u010dius (Summary)<\/a><\/p>\n<p>Erika Grigoravi\u010dien\u0117<br \/>\n<a href=\"https:\/\/www.arthistorystudies.lt\/turinys-t-6\/vaizdas-ir-zodis-siuolaikineje-daileje-santrauka\/\">Vaizdas ir \u017eodis \u0161iuolaikin\u0117je dail\u0117je \/ Image and Word in Contemporary Art (Summary)<\/a><\/p>","protected":false},"excerpt":{"rendered":"<p>Content page Introduction https:\/\/doi.org\/10.53631\/DIS\/2014.6.14 Giedr\u0117 Mick\u016bnait\u0117 Tikrumo link: Trak\u0173 Dievo motinos paveikslo pri(si)taikymas Naujiesiems laikams \/ Towards Authenticity: The Early Modern Adjustments of the Image of the Trakai Mother of God (Summary) Jolita Li\u0161kevi\u010dien\u0117 Cenz\u016bra ugnimi: Lietuvos Brastos Radvil\u0173 Biblijos antra\u0161tinio lapo ikonografija \/ Censorship by Fire: The Brest Bible of the Radziwi\u0142\u0142s (Summary) Aist\u0117<a href=\"https:\/\/www.arthistorystudies.lt\/en\/turinys-t-6\/\">[&#8230;]<\/a><\/p>\n","protected":false},"author":1,"featured_media":0,"parent":0,"menu_order":0,"comment_status":"closed","ping_status":"closed","template":"","meta":{"footnotes":""},"class_list":["post-666","page","type-page","status-publish","hentry"],"_links":{"self":[{"href":"https:\/\/www.arthistorystudies.lt\/en\/wp-json\/wp\/v2\/pages\/666","targetHints":{"allow":["GET"]}}],"collection":[{"href":"https:\/\/www.arthistorystudies.lt\/en\/wp-json\/wp\/v2\/pages"}],"about":[{"href":"https:\/\/www.arthistorystudies.lt\/en\/wp-json\/wp\/v2\/types\/page"}],"author":[{"embeddable":true,"href":"https:\/\/www.arthistorystudies.lt\/en\/wp-json\/wp\/v2\/users\/1"}],"replies":[{"embeddable":true,"href":"https:\/\/www.arthistorystudies.lt\/en\/wp-json\/wp\/v2\/comments?post=666"}],"version-history":[{"count":22,"href":"https:\/\/www.arthistorystudies.lt\/en\/wp-json\/wp\/v2\/pages\/666\/revisions"}],"predecessor-version":[{"id":1863,"href":"https:\/\/www.arthistorystudies.lt\/en\/wp-json\/wp\/v2\/pages\/666\/revisions\/1863"}],"wp:attachment":[{"href":"https:\/\/www.arthistorystudies.lt\/en\/wp-json\/wp\/v2\/media?parent=666"}],"curies":[{"name":"wp","href":"https:\/\/api.w.org\/{rel}","templated":true}]}}