{"id":626,"date":"2022-12-29T11:39:02","date_gmt":"2022-12-29T08:39:02","guid":{"rendered":"https:\/\/www.arthistorystudies.lt\/?page_id=626"},"modified":"2024-07-30T16:27:19","modified_gmt":"2024-07-30T13:27:19","slug":"turinys-t-5","status":"publish","type":"page","link":"https:\/\/www.arthistorystudies.lt\/en\/turinys-t-5\/","title":{"rendered":"Content T.5"},"content":{"rendered":"<p><a href=\"https:\/\/www.arthistorystudies.lt\/wp-content\/uploads\/2022\/12\/DIS-5_tituliniai_compressed.pdf\" target=\"_blank\" rel=\"noopener\">Titulinis puslapis \/ Content page<\/a><\/p>\n<p>Giedr\u0117 Jankevi\u010di\u016bt\u0117, Laima Lau\u010dkait\u0117<br \/>\n<a href=\"https:\/\/www.arthistorystudies.lt\/wp-content\/uploads\/2022\/12\/DIS-5_p.7-11_CompressPdf.pdf\" target=\"_blank\" rel=\"noopener\">Introduction<\/a><br \/>\n<a href=\"https:\/\/doi.org\/10.53631\/DIS\/2012.5.21\"><strong>https:\/\/doi.org\/10.53631\/DIS\/2012.5.21<\/strong><\/a><\/p>\n<p>Kristi\u0101na \u0100bele<br \/>\n<a href=\"https:\/\/www.arthistorystudies.lt\/turinys-t-5\/uz-namu-zidinio-latviskumo-isitvirtinimas-dailes-gyvenime-pirmojo-pasaulinio-karo-metais-santrauka\/\">Out from Behind the Fireplace. The Progress of Latvian National Emancipation in Art Life during the First World War \/ U\u017e nam\u0173 \u017eidinio. Latvi\u0161kumo \u012fsitvirtinimas dail\u0117s gyvenime Pirmojo pasaulinio karo metais (Summary)<\/a><\/p>\n<p>Mikl\u00f3s Sz\u00e9kely<br \/>\n<a href=\"https:\/\/www.arthistorystudies.lt\/turinys-t-5\/dailes-parodos-uzsienyje-kaip-komunikavimo-strategija-vengrija-1914-1918-santrauka\/\">Art Exhibitions Abroad as a Communication Strategy: The Case of Hungary between 1914 and 1918 \/ Dail\u0117s parodos u\u017esienyje kaip komunikavimo strategija: Vengrija 1914\u20131918 (Summary)<\/a><\/p>\n<p>Lijana \u0160atavi\u010di\u016bt\u0117<br \/>\n<a href=\"https:\/\/www.arthistorystudies.lt\/turinys-t-5\/vilniaus-dienorastis-lietuvos-dailieji-amatai-pirmojo-pasaulinio-karo-metais-1914-1918-santrauka\/\">A Vilnius Diary: Lithuanian Fine Crafts during the First World War \/ Vilniaus dienora\u0161tis: Lietuvos dailieji amatai Pirmojo pasaulinio karo metais (1914\u20131918) (Summary)<\/a><\/p>\n<p>Stella Pel\u0161e<br \/>\n<a href=\"https:\/\/www.arthistorystudies.lt\/turinys-t-5\/pirmasis-pasaulinis-karas-ir-jo-atgarsiai-latvijos-dailes-kritikoje-santrauka\/\" target=\"_blank\" rel=\"noopener\">The First World War and its Aftermath in Latvian Writing on Art \/ Pirmasis pasaulinis karas ir jo atgarsiai Latvijos dail\u0117s kritikoje (Summary)<\/a><\/p>\n<p>Elena Kulchinskaya<br \/>\n<a href=\"https:\/\/www.arthistorystudies.lt\/turinys-t-5\/architekturos-paminklu-apsauga-rusijoje-pirmojo-pasaulinio-karo-metais-santrauka\/\">The Protection of Architectural Monuments in Russia during the First World War \/ Architekt\u016bros paminkl\u0173 apsauga Rusijoje Pirmojo pasaulinio karo metais (Summary)<\/a><\/p>\n<p>Kai Artinger<br \/>\n<a href=\"https:\/\/www.arthistorystudies.lt\/turinys-t-5\/giotto-michelangelo-raphael-ir-pirmasis-pasaulinis-karas-williamo-orpeno-paprasto-kareivio-paveikslas-santrauka\/\">Giotto, Michelangelo, Raphael and the First World War: William Orpen\u2019s Picture of a\u2018Simple Soldier man\u2019s\u2019 Death \/ Giotto, Michelangelo, Raphael ir Pirmasis pasaulinis karas. Williamo Orpeno \u201epaprasto kareivio\u201c paveikslas (Summary)<\/a><\/p>\n<p>Laima Lau\u010dkait\u0117<br \/>\n<a href=\"https:\/\/www.arthistorystudies.lt\/turinys-t-5\/okupuoto-miesto-vaizdas-walterio-buhes-vilnius-pirmojo-pasaulinio-karo-metais-santrauka\/\">The Image of an Occupied City: Walter Buhe\u2019s Vilnius of the First World War \/ Okupuoto miesto vaizdas: Walterio Buhe\u2019s Vilnius Pirmojo pasaulinio karo metais (Summary)<\/a><\/p>\n<p>Irina Pronina<br \/>\n<a href=\"https:\/\/www.arthistorystudies.lt\/turinys-t-5\/futuristiniai-musiai-ir-pirmasis-pasaulinis-karas-pavelas-filonovas-1914-1919-santrauka\/\">Futurist Battles and the First World War. Pavel Filonov between 1914 and 1919 \/ Futuristiniai m\u016b\u0161iai ir Pirmasis pasaulinis karas. Pavelas Filonovas 1914\u20131919 (Summary)<\/a><\/p>\n<p>Eduards K\u013cavi\u0146\u0161<br \/>\n<a href=\"https:\/\/www.arthistorystudies.lt\/turinys-t-5\/patriotine-retorika-ir-ziauri-tikrove-pirmojo-pasaulinio-karo-latvijos-daileje-jazeps-grosvalds-santrauka\/\" target=\"_blank\" rel=\"noopener\">Patriotic Rhetoric and the Grim Realities of the First World War in Latvian Art: The Case of J\u0101zeps Grosvalds \/ Patriotin\u0117 retorika ir \u017eiauri tikrov\u0117 Pirmojo pasaulinio karo Latvijos dail\u0117je: J\u0101zeps Grosvalds (Summary)<\/a><\/p>\n<p>Jonathan Black<br \/>\n<a href=\"https:\/\/www.arthistorystudies.lt\/turinys-t-5\/akinantis-supermenas-britisko-vyriskumo-konstravimas-ir-antrojo-pasaulinio-karo-herojaus-atvaizdas-erico-kenningtono-portretuose-santrauka\/\" target=\"_blank\" rel=\"noopener\">Strident Supermen? Constructions of British Masculinity and the Image of the Hero in the Second World War Portraiture of Eric Kennington (1888\u20131960) \/ Akinantis supermenas? Briti\u0161ko vyri\u0161kumo konstravimas ir Antrojo pasaulinio karo herojaus atvaizdas Erico Kenningtono portretuose (Summary)<\/a><\/p>\n<p>Vojt\u011bch Lahoda<br \/>\n<a href=\"https:\/\/www.arthistorystudies.lt\/turinys-t-5\/taikus-sugyvenimas-issigimes-menas-ir-ceku-modernizmas-bohemijos-ir-moravijos-protektorate-santrauka\/\" target=\"_blank\" rel=\"noopener\">Living in Peace? Degenerate Art and Czech Modernism in the Protectorate of Bohemia and Moravia \/ Taikus sugyvenimas? \u201eI\u0161sigim\u0119s menas\u201c ir \u010dek\u0173 modernizmas Bohemijos ir Moravijos protektorate (Summary)<\/a><\/p>\n<p>Anna Pravdov\u00e1<br \/>\n<a href=\"https:\/\/www.arthistorystudies.lt\/turinys-t-5\/ceku-dailininkai-prancuzijoje-ir-ju-kulturine-rezistencija-paryziuje-antrojo-pasaulinio-karo-metais-santrauka\/\" target=\"_blank\" rel=\"noopener\">Czech Artists who Fled to France during the Second World War and their Cultural Resistance in Paris \/ \u010cek\u0173 dailininkai Pranc\u016bzijoje ir j\u0173 kult\u016brin\u0117 rezistencija Pary\u017eiuje Antrojo pasaulinio karo metais (Summary)<\/a><\/p>\n<p>Milan Pech<br \/>\n<a href=\"https:\/\/www.arthistorystudies.lt\/turinys-t-5\/istorizmo-tendencija-antrojo-pasaulinio-karo-metu-ceku-daileje-santrauka\/\" target=\"_blank\" rel=\"noopener\">Historicist Trends in Czech Art during the Second World War \/ Istorizmo tendencija Antrojo pasaulinio karo met\u0173 \u010dek\u0173 dail\u0117je (Summary)<\/a><\/p>\n<p>Giedr\u0117 Jankevi\u010di\u016bt\u0117<br \/>\n<a href=\"https:\/\/www.arthistorystudies.lt\/turinys-t-5\/intymizmas-antrojo-pasaulinio-karo-lietuvos-daileje-santrauka\/\">Intimism in Lithuanian Art during the Second World War \/ Intymizmas Antrojo pasaulinio karo Lietuvos dail\u0117je (Summary)<\/a><\/p>\n<p>Kristina J\u00f5ekalda<br \/>\n<a href=\"https:\/\/www.arthistorystudies.lt\/turinys-t-5\/architekturos-paminklai-kaip-isteklius-persvarstant-pavelda-ir-ideologijas-naciu-okupuotoje-estijoje-santrauka\/\">Architectural Monuments as a Resource: Reworking Heritage and Ideologies in Nazi-Occupied Estonia \/ Architekt\u016bros paminklai kaip i\u0161teklius: persvarstant paveld\u0105 ir ideologijas naci\u0173 okupuotoje Estijoje (Summary)<\/a><\/p>\n<p>J\u0101nis Kalna\u010ds<br \/>\n<a href=\"https:\/\/www.arthistorystudies.lt\/turinys-t-5\/dailininkas-naciu-okupuotoje-latvijoje-karas-okupacija-valdzia-santrauka\/\" target=\"_blank\" rel=\"noopener\">Artists in Latvia under the Nazi Occupation. War, Occupation and Power \/ Dailininkas naci\u0173 okupuotoje Latvijoje. Karas, okupacija, vald\u017eia (Summary)<\/a><\/p>\n<p>Ieva Antanavi\u010di\u016bt\u0117<br \/>\n<a href=\"https:\/\/www.arthistorystudies.lt\/turinys-t-5\/vilniaus-urbanistine-raida-antrojo-pasaulinio-karo-metu-santrauka\/\">Urban Development in Vilnius during the Second World War \/ Vilniaus urbanistin\u0117 raida Antrojo pasaulinio karo metu (Summary)<\/a><\/p>\n<p>Uladzimir Valodzin<br \/>\n<a href=\"https:\/\/www.arthistorystudies.lt\/turinys-t-5\/janka-kaskielis-nusikaltimu-bendrininkas-ar-dvieju-diktaturu-auka-stalininio-ir-naciu-rezimu-karikaturisto-likimas-santrauka\/\" target=\"_blank\" rel=\"noopener\">Janka Ka\u0161kiel: An Accomplice in Crimes or the Victim of Two Dictatorships? The Fate of a Caricaturist in the Service of the Stalinist and Nazi Regimes \/ Janka Ka\u0161kielis: nusikaltim\u0173 bendrininkas ar dviej\u0173 diktat\u016br\u0173 auka? Stalininio ir naci\u0173 re\u017eim\u0173 karikat\u016bristo likimas (Summary)<\/a><\/p>\n<p>Lars Olof Larsson<br \/>\n<a href=\"https:\/\/www.arthistorystudies.lt\/turinys-t-5\/frohliche-neugestaltung-linksmasis-miestu-planavimas-humoristiniai-komentarai-apie-berlyno-perstatyma-naciu-valdymo-metais-santrauka\/\">Merry Town Planning (<em>Fr\u00f6hliche Neugestaltung<\/em>): Humorous Comments on the Reshaping of Berlin during the Nazi Period \/ <em>Fr\u00f6hliche Neugestaltung<\/em> <em>\u2013 Linksmasis miest\u0173 planavimas<\/em>. Humoristiniai komentarai apie Berlyno perstatym\u0105 naci\u0173 valdymo metais (Summary)<\/a><\/p>\n<p>Gregory Maertz<br \/>\n<a href=\"https:\/\/www.arthistorystudies.lt\/turinys-t-5\/paskutinis-tabu-pokarine-naciu-dailininku-reabilitacija-santrauka\/\">The Last Taboo: The Postwar Rehabilitation of Nazi Artists \/ Paskutinis tabu: pokarin\u0117 naci\u0173 dailinink\u0173 reabilitacija (Summary)<\/a><\/p>","protected":false},"excerpt":{"rendered":"<p>Titulinis puslapis \/ Content page Giedr\u0117 Jankevi\u010di\u016bt\u0117, Laima Lau\u010dkait\u0117 Introduction https:\/\/doi.org\/10.53631\/DIS\/2012.5.21 Kristi\u0101na \u0100bele Out from Behind the Fireplace. The Progress of Latvian National Emancipation in Art Life during the First World War \/ U\u017e nam\u0173 \u017eidinio. Latvi\u0161kumo \u012fsitvirtinimas dail\u0117s gyvenime Pirmojo pasaulinio karo metais (Summary) Mikl\u00f3s Sz\u00e9kely Art Exhibitions Abroad as a Communication Strategy: The<a href=\"https:\/\/www.arthistorystudies.lt\/en\/turinys-t-5\/\">[&#8230;]<\/a><\/p>\n","protected":false},"author":1,"featured_media":0,"parent":0,"menu_order":0,"comment_status":"closed","ping_status":"closed","template":"","meta":{"footnotes":""},"class_list":["post-626","page","type-page","status-publish","hentry"],"_links":{"self":[{"href":"https:\/\/www.arthistorystudies.lt\/en\/wp-json\/wp\/v2\/pages\/626","targetHints":{"allow":["GET"]}}],"collection":[{"href":"https:\/\/www.arthistorystudies.lt\/en\/wp-json\/wp\/v2\/pages"}],"about":[{"href":"https:\/\/www.arthistorystudies.lt\/en\/wp-json\/wp\/v2\/types\/page"}],"author":[{"embeddable":true,"href":"https:\/\/www.arthistorystudies.lt\/en\/wp-json\/wp\/v2\/users\/1"}],"replies":[{"embeddable":true,"href":"https:\/\/www.arthistorystudies.lt\/en\/wp-json\/wp\/v2\/comments?post=626"}],"version-history":[{"count":35,"href":"https:\/\/www.arthistorystudies.lt\/en\/wp-json\/wp\/v2\/pages\/626\/revisions"}],"predecessor-version":[{"id":1921,"href":"https:\/\/www.arthistorystudies.lt\/en\/wp-json\/wp\/v2\/pages\/626\/revisions\/1921"}],"wp:attachment":[{"href":"https:\/\/www.arthistorystudies.lt\/en\/wp-json\/wp\/v2\/media?parent=626"}],"curies":[{"name":"wp","href":"https:\/\/api.w.org\/{rel}","templated":true}]}}