{"id":583,"date":"2022-12-28T21:28:35","date_gmt":"2022-12-28T18:28:35","guid":{"rendered":"https:\/\/www.arthistorystudies.lt\/?page_id=583"},"modified":"2024-07-30T12:26:17","modified_gmt":"2024-07-30T09:26:17","slug":"turinys-t-4","status":"publish","type":"page","link":"https:\/\/www.arthistorystudies.lt\/en\/turinys-t-4\/","title":{"rendered":"Content T.4"},"content":{"rendered":"<p><strong><a href=\"https:\/\/www.arthistorystudies.lt\/wp-content\/uploads\/2022\/12\/DIS-4_tituliniai_compressed.pdf\">Titulinis puslapis \/ Content page<\/a><\/strong><\/p>\n<p><strong>Introduction <a href=\"https:\/\/www.arthistorystudies.lt\/wp-content\/uploads\/2024\/07\/DIS-4_p.9-17_izanga_introduction.pdf\" target=\"_blank\" rel=\"noopener\">(PDF)<\/a><\/strong><br \/>\n<a href=\"https:\/\/www.arthistorystudies.lt\/wp-content\/uploads\/2024\/07\/DIS-4_p.9-17_izanga_introduction.pdf\" target=\"_blank\" rel=\"noopener\"><strong>https:\/\/doi.org\/10.53631\/DIS\/2010.4.25<\/strong><\/a><\/p>\n<p>Krzysztof Obremski<br \/>\n<a href=\"https:\/\/www.arthistorystudies.lt\/turinys-t-4\/lietuvos-didziosios-kunigaikstystes-istorijos-ikonosfera-pavaizduota-motiejaus-stryjkovskio-plunksna-santrauka\/\">\u201eIkonosfera\u201d dziej\u00f3w Wielkiego Ksi\u0119stwa Litewskiego unaoczniona pi\u00f3rem Mmacieja Stryjkowskiego \/ Lietuvos Did\u017eiosios Kunigaik\u0161tyst\u0117s istorijos \u201eikonosfera\u201c, pavaizduota Motiejaus Stryjkovskio plunksna (Summary)<\/a><\/p>\n<p>S\u0142awomir Baczewski<br \/>\n<a href=\"https:\/\/www.arthistorystudies.lt\/turinys-t-4\/lietuvos-didziosios-kunigaikstystes-heraldika-ir-jos-visuomenines-idejines-reiksmes-baltramiejaus-paprockio-kuryboje-santrauka\/\">Heraldyka Wielkiego Ksi\u0119stwa Litewskiego i jej tre\u015bci spo\u0142eczno-ideowe w tw\u00f3rczo\u015bci Bart\u0142omieja Paprockiego \/ Lietuvos Did\u017eiosios Kunigaik\u0161tyst\u0117s heraldika ir jos visuomenin\u0117s id\u0117jin\u0117s reik\u0161m\u0117s Baltramiejaus Paprockio k\u016bryboje (Summary)<\/a><\/p>\n<p>Marcin Bauer<br \/>\n<a href=\"https:\/\/www.arthistorystudies.lt\/turinys-t-4\/lietuvos-didziosios-kunigaikstystes-vaizdai-kai-kuriuose-xvii-amziaus-memuaruose-santrauka\/\">Obrazy Wielkiego Ksi\u0119stwa Litewskiego w wybranych pami\u0119tnikach z XVII wieku \/ Lietuvos Did\u017eiosios Kunigaik\u0161tyst\u0117s vaizdai kai kuriuose XVII am\u017eiaus memuaruose (Summary)<\/a><\/p>\n<p>Micha\u0142 Kuran<br \/>\n<a href=\"https:\/\/www.arthistorystudies.lt\/turinys-t-4\/jonuso-skumino-tiskeviciaus-kulturine-mecenatyste-mokslo-ir-proginiu-spaudiniu-vizualumas-santrauka\/\">Mecenat kulturalny Janusza Skumina Tyszkiewicza. Aspekt wizualny druk\u00f3w naukowych i okoliczno\u015bciowych \/ Jonu\u0161o Skumino-Ti\u0161kevi\u010diaus kult\u016brin\u0117 mecenatyst\u0117: mokslo ir progini\u0173 spaudini\u0173 vizualumas (Summary)<\/a><\/p>\n<p>Mariola Jarczykowa<br \/>\n<a href=\"https:\/\/www.arthistorystudies.lt\/turinys-t-4\/zodziu-iamzinti-vaizdai-xvii-amziaus-progine-architektura-spausdintuose-laidotuviu-pamoksluose-ir-rankrastiniuose-dokumentuose-santrauka\/\">Obraz utrwalone s\u0142owem. Siedemnastowieczna architektura okazjonalna w drukowanych kazaniach pogrzebowych oraz w przekazach r\u0119kopi\u015bmiennych \/ \u017dod\u017eiu \u012fam\u017einti vaizdai: XVII am\u017eiaus progin\u0117 architekt\u016bra spausdintuose laidotuvi\u0173 pamoksluose ir rankra\u0161tiniuose dokumentuose (Summary)<\/a><\/p>\n<p>Anna Nowicka-Struska<br \/>\n<a href=\"https:\/\/www.arthistorystudies.lt\/turinys-t-4\/vilniaus-embleminiai-epitalamijai-xvii-amziaus-antroje-puseje-santrauka\/\">Emblematyczne epitalamia wile\u0144skie z drugiej po\u0142owy XVII wieku \/ Vilniaus embleminiai epitalamijai XVII am\u017eiaus antroje pus\u0117je (Summary)<\/a><\/p>\n<p>Tojana Ra\u010di\u016bnait\u0117<br \/>\n<a href=\"https:\/\/www.arthistorystudies.lt\/turinys-t-4\/portretas-ir-asmens-tapatybe-karalaite-marija-ona-terese\/\">Portretas ir asmens tapatyb\u0117: karalait\u0117 Marija Ona Teres\u0117 \/ The Portrait and Personal Identity: Princess maria Anna Teresa (Summary)<\/a><\/p>\n<p>Hanna Osiecka-Samsonowicz<br \/>\n<a href=\"https:\/\/www.arthistorystudies.lt\/turinys-t-4\/piligrimas-ir-turistas-mykolo-kazimiero-radvilos-kelione-i-italija-1678-metais-santrauka\/\">Pielgrzym i \u201eturysta\u201d. W\u0142oska peregrynacja Micha\u0142a Kazimierza Radziwi\u0142\u0142a w 1678 roku \/ Piligrimas ir \u201eturistas\u201c: Mykolo Kazimiero Radvilos kelion\u0117 \u012f Italij\u0105 1678 metais (Summary)<\/a><\/p>\n<p>Viktorija Vaitkevi\u010di\u016bt\u0117<br \/>\n<a href=\"https:\/\/www.arthistorystudies.lt\/turinys-t-4\/ivaizdinti-pavyzdziai-ldk-baroko-kataliku-pamoksluose\/\">\u201e\u012evaizdinti\u201c pavyzd\u017eiai LDK Baroko katalik\u0173 pamoksluose \/ \u201cVisualized\u201d examples in Catholic Baroque Sermons of the Grand Duchy of Lithuania (Summary)<\/a><\/p>\n<p>Jolita Sarcevi\u010dien\u0117<br \/>\n<a href=\"https:\/\/www.arthistorystudies.lt\/turinys-t-4\/diel-kozna-griesznika-sugatawota-ira-wieta-muku-pragaro-vaizdiniai-xviii-amziaus-ldk-spaudiniuose\/\"><em>Diel ko\u017cna griesznika sugatawota ira wieta muku<\/em>: pragaro vaizdiniai XVIII am\u017eiaus LDK spaudiniuose \/ <em>A Place of Suffering Awaits Each Sinner<\/em>: Images of Hell in the Printed Publications of the Grand Duchy of Lithuania of the 18th Century (Summary)<\/a><\/p>\n<p>Mikas Vaicekauskas<br \/>\n<a href=\"https:\/\/www.arthistorystudies.lt\/turinys-t-4\/dangiskieji-gydytojai-xix-amziaus-pabaigos-barokiniai-lietuviu-didaktai-juozas-antanavicius-serafinas-laurynas-kuseliauskas-martynas-sederavicius-antanas-vytartas\/\">Dangi\u0161kieji gydytojai: XIX am\u017eiaus pabaigos barokiniai lietuvi\u0173 didaktai (Juozas Antanavi\u010dius, Serafinas Laurynas Ku\u0161eliauskas, Martynas Sederavi\u010dius, Antanas Vytartas) \/ Divine Healers: Baroque Lithuanian Didacts of the Late 19th Century (Juozas Antanavi\u010dius, Serafinas Laurynas Ku\u0161eliauskas, Martynas Sederavi\u010dius, Antanas Vytartas) (Summary)<\/a><\/p>\n<p>Maria Ka\u0142amajska-Saeed<br \/>\n<a href=\"https:\/\/www.arthistorystudies.lt\/turinys-t-4\/stebuklingu-paveikslu-propagandai-skirtu-spaudiniu-meninis-apipavidalinimas-ir-ju-turinio-pasaulietinis-aspektas-santrauka\/\">Oprawa artystyczna oraz pozareligijny aspekt zawarto\u015bci barokowych druk\u00f3w s\u0142u\u017c\u0105cych propagandzie cudownych obraz\u00f3w \/ Stebukling\u0173 paveiksl\u0173 propagandai skirt\u0173 spaudini\u0173 meninis apipavidalinimas ir j\u0173 turinio pasaulietinis aspektas (Summary)<\/a><\/p>\n<p>Dorota Piramidowicz<br \/>\n<a href=\"https:\/\/www.arthistorystudies.lt\/turinys-t-4\/vaizdas-ir-zodis-biarozos-kartuzai-pagal-ikonografinius-ir-rasytinius-saltinius-santrauka\/\">Obraz i s\u0142owo. Kartuzja w Berezie w \u015bwietle \u017ar\u00f3de\u0142 ikonograficznych i tekstowych \/ Vaizdas ir \u017eodis: Biarozos kart\u016bzai pagal ikonografinius ir ra\u0161ytinius \u0161altinius (Summary)<\/a><\/p>\n<p>Marcin Zgli\u0144ski<br \/>\n<a href=\"https:\/\/www.arthistorystudies.lt\/turinys-t-4\/tariamuju-zydu-ritualiniu-zudyniu-auku-antkapiai-ir-kultas-xvii%e2%88%92xix-amziaus-lietuvos-istorinese-zemese-santrauka\/\">Nagrobki i kult ofiar rzekomych \u017cydowskich mord\u00f3w rytualnych na historycznych ziemiach litewskich w XVII\u2212XIX wieku \/ Tariam\u0173j\u0173 \u017eyd\u0173 ritualini\u0173 \u017eudyni\u0173 auk\u0173 antkapiai ir kultas XVII\u2212XIX am\u017eiaus Lietuvos istorin\u0117se \u017eem\u0117se (Summary)<\/a><\/p>\n<p>Dorota Wereda<br \/>\n<a href=\"https:\/\/www.arthistorystudies.lt\/turinys-t-4\/vizualizavimas-%e2%88%92-unitu-hierarchu-prestizo-isaukstinimo-metodas-xviii-amziaus-abieju-tautu-respublikoje-santrauka\/\">Wizualizacja jako metoda podnoszenia presti\u017cu hierarch\u00f3w unickich w Rzeczypospolitej Obojga Narod\u00f3w XVIII wieku \/ Vizualizavimas \u2212 unit\u0173 hierarch\u0173 presti\u017eo i\u0161auk\u0161tinimo metodas XVIII am\u017eiaus Abiej\u0173 Taut\u0173 Respublikoje (Summary)<\/a><\/p>\n<p>Wo\u0142odymyr A\u0142eksandrowycz<br \/>\n<a href=\"https:\/\/www.arthistorystudies.lt\/turinys-t-4\/dievo-motinos-globejos-ikonu-literaturiniai-saltiniai-ir-ikonografine-tradicija-santrauka\/\">\u0179r\u00f3d\u0142a literackie i tradycja ikonograficzna w przedstawieniach Pokrowu Bogurodzicy \/ Dievo Motinos Glob\u0117jos ikon\u0173 literat\u016briniai \u0161altiniai ir ikonografin\u0117 tradicija (Summary)<\/a><\/p>\n<p>\u0410\u043b\u0435\u043a\u0441\u0430\u043d\u0434\u0440 \u042f\u0440\u043e\u0448\u0435\u0432\u0438\u0447<br \/>\n<a href=\"https:\/\/www.arthistorystudies.lt\/turinys-t-4\/baltarusijos-sventuju-gyvenimo-ikonos-ir-ju-hagiografiniai-saltiniai-santrauka\/\">\u0411\u0435\u043b\u043e\u0440\u0443\u0441\u0441\u043a\u0438\u0435 \u0436\u0438\u0442\u0438\u0439\u043d\u044b\u0435 \u0438\u043a\u043e\u043d\u044b \u0438 \u0438\u0445 \u0430\u0433\u0438\u043e\u0433\u0440\u0430\u0444\u0438\u0447\u0435\u0441\u043a\u0438\u0435 \u0438\u0441\u0442\u043e\u0447\u043d\u0438\u043a\u0438 \/ Baltarusijos \u0161vent\u0173j\u0173 gyvenimo ikonos ir j\u0173 hagiografiniai \u0161altiniai (Summary)<\/a><\/p>\n<p>\u042e\u0440\u0438\u0439 \u041f\u0438\u0441\u043a\u0443\u043d<br \/>\n<a href=\"https:\/\/www.arthistorystudies.lt\/turinys-t-4\/xviii%e2%88%92xix-amziaus-baltarusijos-staciatikiu-ir-unitu-suveriamu-tapytu-altoriu-strukturos-aiskinimo-pavyzdziai-aukojimo-stalai-ir-nesiojamosios-bendruomeniu-ikonos-santrauka\/\">\u041f\u0440\u0438\u043c\u0435\u0440\u044b \u0438\u043d\u0442\u0435\u0440\u043f\u0440\u0435\u0442\u0430\u0446\u0438\u0438 \u0441\u0442\u0440\u0443\u043a\u0442\u0443\u0440\u044b \u0441\u0442\u0432\u043e\u0440\u0447\u0430\u0442\u044b\u0445 \u0430\u043b\u0442\u0430\u0440\u0435\u0439-\u043a\u0438\u043e\u0442\u043e\u0432 \u0432 \u043f\u0440\u0430\u0432\u043e\u0441\u043b\u0430\u0432\u043d\u043e\u0439 \u0438 \u0443\u043d\u0438\u0430\u0442\u0441\u043a\u043e\u0439 \u0436\u0438\u0432\u043e\u043f\u0438\u0441\u0438 \u0411\u0435\u043b\u043e\u0440\u0443\u0441\u0438\u0438 XVIII\u2013XIX \u0432\u0435\u043a\u043e\u0432: \u0436\u0435\u0440\u0442\u0432\u0435\u043d\u043d\u0438\u043a\u0438 \u0438 \u043f\u0435\u0440\u0435\u043d\u043e\u0441\u043d\u044b\u0435 \u043e\u0431\u0449\u0438\u043d\u043d\u044b\u0435 \u0438\u043a\u043e\u043d\u044b \/ XVIII\u2212XIX am\u017eiaus Baltarusijos sta\u010diatiki\u0173 ir unit\u0173 suveriam\u0173 tapyt\u0173 altori\u0173 strukt\u016bros ai\u0161kinimo pavyzd\u017eiai: aukojimo stalai ir ne\u0161iojamosios bendruomeni\u0173 ikonos (Summary)<\/a><\/p>\n<p>Filip Wola\u0144ski<br \/>\n<a href=\"https:\/\/www.arthistorystudies.lt\/turinys-t-4\/radvilu-laidotuviu-iskilmes-abieju-tautu-respublikos-laidojimo-paprociu-kontekste-xviii-amziuje-santrauka\/\">Radziwi\u0142\u0142owskie uroczysto\u015bci funeralne w XVIII wieku na tle zwyczaj\u00f3w pogrzebowych w Rzeczypospolitej \/ Radvil\u0173 laidotuvi\u0173 i\u0161kilm\u0117s Abiej\u0173 Taut\u0173 Respublikos laidojimo papro\u010di\u0173 kontekste XVIII am\u017eiuje (Summary)<\/a><\/p>\n<p>Barbara Judkowiak<br \/>\n<a href=\"https:\/\/www.arthistorystudies.lt\/turinys-t-4\/nesvyziaus-kunigaiksciu-aristokratine-tapatybe-pagal-literaturinius-ir-teatrinius-vaizdus-pranciskos-ursules-radvilienes-kurybos-aplinka-santrauka\/\">Arystokratyczna to\u017csamo\u015b\u0107 ksi\u0105\u017c\u0105t nie\u015bwieskich w \u015bwietle obraz\u00f3w literackich i teatralnych. W kr\u0119gu tw\u00f3rczo\u015bci Franciszki Urszuli Radziwi\u0142\u0142owej \/ Nesvy\u017eiaus kunigaik\u0161\u010di\u0173 aristokratin\u0117 tapatyb\u0117 pagal literat\u016brinius ir teatrinius vaizdus: Pranci\u0161kos Ur\u0161ul\u0117s Radvilien\u0117s k\u016brybos aplinka (Summary)<\/a><\/p>\n<p>Andrzej J\u00f3zef Baranowski<br \/>\n<a href=\"https:\/\/www.arthistorystudies.lt\/turinys-t-4\/voluines-aristokratu-gimines-tarp-lietuvos-didziosios-kunigaikstystes-ir-lenkijos-karalystes-santrauka\/\">Rody arystokratyczne Wo\u0142ynia. Mi\u0119dzy Wielkim Ksi\u0119stwem Litewskim a Koron\u0105 Polsk\u0105 \/ Voluin\u0117s aristokrat\u0173 gimin\u0117s: tarp Lietuvos Did\u017eiosios Kunigaik\u0161tyst\u0117s ir Lenkijos Karalyst\u0117s (Summary)<\/a><\/p>\n<p>Anna Ole\u0144ska<br \/>\n<a href=\"https:\/\/www.arthistorystudies.lt\/turinys-t-4\/voucyno-ir-jablonuvo-rezidencijos-xviii-amziuje-ju-savininku-statuso-lietuvos-didziojoje-kunigaikstysteje-reprezentavimas-santrauka\/\">Osiemnastowieczne rezydencje w Wo\u0142czynie i Jab\u0142onowie jako manifestacja statusu ich w\u0142a\u015bcicieli w Wielkim Ksi\u0119stwie Litewskim \/ Vou\u010dyno ir Jablonuvo rezidencijos XVIII am\u017eiuje: j\u0173 savinink\u0173 statuso Lietuvos Did\u017eiojoje Kunigaik\u0161tyst\u0117je reprezentavimas (Summary)<\/a><\/p>\n<p>Aist\u0117 Paliu\u0161yt\u0117<br \/>\n<a href=\"https:\/\/www.arthistorystudies.lt\/turinys-t-4\/xvii-xviii-amziaus-kauno-miestieciu-paveikslu-rinkiniai-temos-ir-funkcijos\/\">XVII\u2013XVIII am\u017eiaus Kauno miestie\u010di\u0173 paveiksl\u0173 rinkiniai: temos ir funkcijos \/ Picture Collections of Kaunas Burghers in the 17th\u201318th Centuries: Themes and Functions (Summary)<\/a><\/p>\n<p>Zbigniew Michalczyk<br \/>\n<a href=\"https:\/\/www.arthistorystudies.lt\/turinys-t-4\/ankstyvoji-tado-kosciuskos-ikonografija-ir-jos-visuomeninis-kontekstas-xviii-xix-amziu-sanduros-krokuvoje-pranciskus-smuglevicius-ir-mykolas-stachovicius-santrauka\/\">Wczesna ikonografia Tadeusza Ko\u015bciuszki i jej spo\u0142eczny kontekst w Krakowie prze\u0142omu XVIII i XIX wieku: Franciszek Smuglewicz a Micha\u0142 Stachowicz \/ Ankstyvoji Tado Kosciu\u0161kos ikonografija ir jos visuomeninis kontekstas XVIII ir XIX am\u017ei\u0173 sand\u016bros Krokuvoje: Pranci\u0161kus Smuglevi\u010dius ir Mykolas Stachovi\u010dius (Summary)<\/a><\/p>","protected":false},"excerpt":{"rendered":"<p>Titulinis puslapis \/ Content page Introduction (PDF) https:\/\/doi.org\/10.53631\/DIS\/2010.4.25 Krzysztof Obremski \u201eIkonosfera\u201d dziej\u00f3w Wielkiego Ksi\u0119stwa Litewskiego unaoczniona pi\u00f3rem Mmacieja Stryjkowskiego \/ Lietuvos Did\u017eiosios Kunigaik\u0161tyst\u0117s istorijos \u201eikonosfera\u201c, pavaizduota Motiejaus Stryjkovskio plunksna (Summary) S\u0142awomir Baczewski Heraldyka Wielkiego Ksi\u0119stwa Litewskiego i jej tre\u015bci spo\u0142eczno-ideowe w tw\u00f3rczo\u015bci Bart\u0142omieja Paprockiego \/ Lietuvos Did\u017eiosios Kunigaik\u0161tyst\u0117s heraldika ir jos visuomenin\u0117s id\u0117jin\u0117s reik\u0161m\u0117s Baltramiejaus<a href=\"https:\/\/www.arthistorystudies.lt\/en\/turinys-t-4\/\">[&#8230;]<\/a><\/p>\n","protected":false},"author":1,"featured_media":0,"parent":0,"menu_order":0,"comment_status":"closed","ping_status":"closed","template":"","meta":{"footnotes":""},"class_list":["post-583","page","type-page","status-publish","hentry"],"_links":{"self":[{"href":"https:\/\/www.arthistorystudies.lt\/en\/wp-json\/wp\/v2\/pages\/583","targetHints":{"allow":["GET"]}}],"collection":[{"href":"https:\/\/www.arthistorystudies.lt\/en\/wp-json\/wp\/v2\/pages"}],"about":[{"href":"https:\/\/www.arthistorystudies.lt\/en\/wp-json\/wp\/v2\/types\/page"}],"author":[{"embeddable":true,"href":"https:\/\/www.arthistorystudies.lt\/en\/wp-json\/wp\/v2\/users\/1"}],"replies":[{"embeddable":true,"href":"https:\/\/www.arthistorystudies.lt\/en\/wp-json\/wp\/v2\/comments?post=583"}],"version-history":[{"count":87,"href":"https:\/\/www.arthistorystudies.lt\/en\/wp-json\/wp\/v2\/pages\/583\/revisions"}],"predecessor-version":[{"id":1920,"href":"https:\/\/www.arthistorystudies.lt\/en\/wp-json\/wp\/v2\/pages\/583\/revisions\/1920"}],"wp:attachment":[{"href":"https:\/\/www.arthistorystudies.lt\/en\/wp-json\/wp\/v2\/media?parent=583"}],"curies":[{"name":"wp","href":"https:\/\/api.w.org\/{rel}","templated":true}]}}