{"id":557,"date":"2022-12-28T11:04:07","date_gmt":"2022-12-28T08:04:07","guid":{"rendered":"https:\/\/www.arthistorystudies.lt\/?page_id=557"},"modified":"2024-04-12T10:34:22","modified_gmt":"2024-04-12T07:34:22","slug":"turinys-t-3","status":"publish","type":"page","link":"https:\/\/www.arthistorystudies.lt\/en\/turinys-t-3\/","title":{"rendered":"Content T.3"},"content":{"rendered":"<p><strong><a href=\"https:\/\/www.arthistorystudies.lt\/wp-content\/uploads\/2022\/12\/DIS-3_tituliniai_compressed.pdf\" target=\"_blank\" rel=\"noopener\">Titulinis puslapis \/ Content page<\/a><\/strong><\/p>\n<p>Introduction <a href=\"https:\/\/www.arthistorystudies.lt\/wp-content\/uploads\/2022\/12\/DIS-3_p.7-8.pdf\" target=\"_blank\" rel=\"noopener\">(PDF)<br \/>\n<\/a><a href=\"https:\/\/www.arthistorystudies.lt\/wp-content\/uploads\/2022\/12\/DIS-3_p.7-8.pdf\" target=\"_blank\" rel=\"noopener\">https:\/\/doi.org\/10.53631\/DIS\/2008.3.9<\/a><\/p>\n<p>Lina Balai\u0161yt\u0117<br \/>\n<a href=\"https:\/\/www.arthistorystudies.lt\/turinys-t-3\/publicum-dolori-theatrum-kilminguju-laidotuviu-apipavidalinimas-lietuvos-didziojoje-kunigaikstysteje-xviii-a-viduryje\/\"><em>Publicum dolori theatrum<\/em>: kilming\u0173j\u0173 laidotuvi\u0173 apipavidalinimas Lietuvos Did\u017eiojoje Kunigaik\u0161tyst\u0117je XVIII a. viduryje \/ <em>Publicum dolori theatrum<\/em>: Funerals of the Nobility in the Mid-18th Century in the Grand Duchy of Lithuania (Summary)<\/a><\/p>\n<p>Auks\u0117 Kalad\u017einskait\u0117<br \/>\n<a href=\"https:\/\/www.arthistorystudies.lt\/turinys-t-3\/vilniaus-benediktiniu-vyresniuju-portretu-rinkinys-xviii-xx-a\/\">Vilniaus benediktini\u0173 vyresni\u0173j\u0173 portret\u0173 rinkinys: XVIII\u2212XX a. \/ Collection of Portraits of Benedictine Abbesses of Vilnius: 18th to 20th Centuries (Summary)<\/a><\/p>\n<p>Dalia Tarandait\u0117<br \/>\n<a href=\"https:\/\/www.arthistorystudies.lt\/turinys-t-3\/vilniaus-labdariu-draugijos-portretu-rinkinys\/\">Vilniaus labdari\u0173 draugijos portret\u0173 rinkinys \/ Collection of Portraits of Vilnius Charity Society (Summary)<\/a><\/p>\n<p>Jolita Mulevi\u010di\u016bt\u0117<br \/>\n<a href=\"https:\/\/www.arthistorystudies.lt\/turinys-t-3\/kieno-veidas-apie-xix-a-ii-puses-xx-a-pradzios-portreto-zanro-ypatumus\/\">Kieno veidas? Apie XIX a. II pus\u0117s \u2013 XX a. prad\u017eios portreto \u017eanro ypatumus \/ Whose Face Is This? On the Characteristic Features of the Portrait Genre of the Second Half of the 19th and Early 20th Centuries (Summary)<\/a><\/p>\n<p>Laima Lau\u010dkait\u0117<br \/>\n<a href=\"https:\/\/www.arthistorystudies.lt\/turinys-t-3\/apie-paminklus-lietuvos-provincijoje-xix-a-viduryje-xx-a-pradzioje-ar-state-lietuviai-paminklus-carams\/\">Apie paminklus Lietuvos provincijoje XIX a. viduryje \u2212 XX a. prad\u017eioje. Ar stat\u0117 lietuviai paminklus carams? \/ On the Monuments in Lithuanian Provincial Localities in the Mid-19th and Early 20th Centuries: Did Lithuanians Raise Monuments to the Tsar? (Summary)<\/a><\/p>\n<p>Jolanta Bernotaityt\u0117<br \/>\n<a href=\"https:\/\/www.arthistorystudies.lt\/turinys-t-3\/isiamzines-ir-iamzintas-jono-basanaviciaus-ikonografijos-ypatumai\/\">\u012esiam\u017ein\u0119s ir \u012fam\u017eintas: Jono Basanavi\u010diaus ikonografijos ypatumai \/ The Peculiarities of the Iconography of Jonas Basanavi\u010dius (Summary)<\/a><\/p>\n<p>Lijana \u0160atavi\u010di\u016bt\u0117<br \/>\n<a href=\"https:\/\/www.arthistorystudies.lt\/turinys-t-3\/isiamzinimo-problema-siuolaikineje-lietuviu-tekstileje\/\">\u012esiam\u017einimo problema \u0161iuolaikin\u0117je lietuvi\u0173 tekstil\u0117je \/ Problem of Self-Memorialization in Lithuanian Contemporary Textiles (Summary)<\/a><\/p>\n<p>Erika Grigoravi\u010dien\u0117<br \/>\n<a href=\"https:\/\/www.arthistorystudies.lt\/turinys-t-3\/sovietmecio-atminimo-erdves-menas-ir-memuarai\/\">Sovietme\u010dio atminimo erdv\u0117s: menas ir memuarai \/ Spaces of the Memory of Soviet Years: Art and Memoirs (Summary)<\/a><\/p>","protected":false},"excerpt":{"rendered":"<p>Titulinis puslapis \/ Content page Introduction (PDF) https:\/\/doi.org\/10.53631\/DIS\/2008.3.9 Lina Balai\u0161yt\u0117 Publicum dolori theatrum: kilming\u0173j\u0173 laidotuvi\u0173 apipavidalinimas Lietuvos Did\u017eiojoje Kunigaik\u0161tyst\u0117je XVIII a. viduryje \/ Publicum dolori theatrum: Funerals of the Nobility in the Mid-18th Century in the Grand Duchy of Lithuania (Summary) Auks\u0117 Kalad\u017einskait\u0117 Vilniaus benediktini\u0173 vyresni\u0173j\u0173 portret\u0173 rinkinys: XVIII\u2212XX a. \/ Collection of Portraits of<a href=\"https:\/\/www.arthistorystudies.lt\/en\/turinys-t-3\/\">[&#8230;]<\/a><\/p>\n","protected":false},"author":1,"featured_media":0,"parent":0,"menu_order":0,"comment_status":"closed","ping_status":"closed","template":"","meta":{"footnotes":""},"class_list":["post-557","page","type-page","status-publish","hentry"],"_links":{"self":[{"href":"https:\/\/www.arthistorystudies.lt\/en\/wp-json\/wp\/v2\/pages\/557","targetHints":{"allow":["GET"]}}],"collection":[{"href":"https:\/\/www.arthistorystudies.lt\/en\/wp-json\/wp\/v2\/pages"}],"about":[{"href":"https:\/\/www.arthistorystudies.lt\/en\/wp-json\/wp\/v2\/types\/page"}],"author":[{"embeddable":true,"href":"https:\/\/www.arthistorystudies.lt\/en\/wp-json\/wp\/v2\/users\/1"}],"replies":[{"embeddable":true,"href":"https:\/\/www.arthistorystudies.lt\/en\/wp-json\/wp\/v2\/comments?post=557"}],"version-history":[{"count":28,"href":"https:\/\/www.arthistorystudies.lt\/en\/wp-json\/wp\/v2\/pages\/557\/revisions"}],"predecessor-version":[{"id":1446,"href":"https:\/\/www.arthistorystudies.lt\/en\/wp-json\/wp\/v2\/pages\/557\/revisions\/1446"}],"wp:attachment":[{"href":"https:\/\/www.arthistorystudies.lt\/en\/wp-json\/wp\/v2\/media?parent=557"}],"curies":[{"name":"wp","href":"https:\/\/api.w.org\/{rel}","templated":true}]}}