{"id":511,"date":"2022-12-23T16:57:05","date_gmt":"2022-12-23T13:57:05","guid":{"rendered":"https:\/\/www.arthistorystudies.lt\/?page_id=511"},"modified":"2024-07-30T11:10:29","modified_gmt":"2024-07-30T08:10:29","slug":"turinys-t-2","status":"publish","type":"page","link":"https:\/\/www.arthistorystudies.lt\/en\/turinys-t-2\/","title":{"rendered":"Content T.2"},"content":{"rendered":"<p><a href=\"https:\/\/www.arthistorystudies.lt\/wp-content\/uploads\/2022\/12\/DIS-2_tituliniai.pdf\" target=\"_blank\" rel=\"noopener\">Titulinis puslapis \/ Content page<\/a><\/p>\n<p><strong>\u012e\u017eanga \/ Introduction <a href=\"https:\/\/www.arthistorystudies.lt\/wp-content\/uploads\/2024\/07\/DIS-2_p.7-9_ivadas_introduction.pdf\" target=\"_blank\" rel=\"noopener\">(PDF)<\/a><br \/>\n<a href=\"https:\/\/www.arthistorystudies.lt\/wp-content\/uploads\/2024\/07\/DIS-2_p.7-9_ivadas_introduction.pdf\" target=\"_blank\" rel=\"noopener\">https:\/\/doi.org\/10.53631\/DIS\/2006.2.15<\/a><\/strong><\/p>\n<p>Irena Vai\u0161vilait\u0117<br \/>\n<a href=\"https:\/\/www.arthistorystudies.lt\/turinys-t-2\/vienas-vilniaus-namas-xvi-a-jezuitu-saltiniuose\/\">Vienas Vilniaus namas XVI a. j\u0117zuit\u0173 \u0161altiniuose \/ One Vilnius house in the 16th century Jesuit sources (Summary)<\/a><\/p>\n<p>Mindaugas Paknys<br \/>\n<a href=\"https:\/\/www.arthistorystudies.lt\/turinys-t-2\/akmentasiai-vilniuje-iki-xvii-a-vidurio\/\">Akmenta\u0161iai Vilniuje iki XVII a. vidurio \/ Stonecutters in Vilnius before the mid-17th century (Summary)<\/a><\/p>\n<p>Birut\u0117 R\u016bta Vitkauskien\u0117<br \/>\n<a href=\"https:\/\/www.arthistorystudies.lt\/turinys-t-2\/karaliaus-zigmanto-vazos-uzsakymai-vilniaus-zemutineje-pilyje\/\">Karaliaus Zigmanto Vazos u\u017esakymai Vilniaus \u017demutin\u0117je pilyje \/ King Sigismund Vasa\u2019s commissions in Vilnius\u2019 Lower Castle (Summary)<\/a><\/p>\n<p>\u0410\u043b\u0435\u043a\u0441\u0430\u043d\u0434\u0440 \u042f\u0440\u043e\u0448\u0435\u0432\u0438\u0447<br \/>\n<a href=\"https:\/\/www.arthistorystudies.lt\/turinys-t-2\/kazimiero-leono-sapiegos-itaka-drozybinei-skulpturai-krokuvos-ir-vietiniai-meistrai-santrauka\/\">\u0420\u043e\u043b\u044c \u041a\u0430\u0437\u0438\u043c\u0438\u0440\u0430 \u041b\u044c\u0432\u0430 \u0421\u0430\u043f\u0435\u0433\u0438 \u0432 \u0444\u043e\u0440\u043c\u0438\u0440\u043e\u0432\u0430\u043d\u0438\u0438 \u0440\u0435\u0437\u043d\u043e\u0439 \u0441\u043a\u0443\u043b\u044c\u043f\u0442\u0443\u0440\u044b: \u043a\u0440\u0430\u043a\u043e\u0432\u0441\u043a\u0438\u0435 \u0438 \u043c\u0435\u0441\u0442\u043d\u044b\u0435 \u043c\u0430\u0441\u0442\u0435\u0440\u0430 \/ Kazimiero Leono Sapiegos \u012ftaka dro\u017eybinei skulpt\u016brai: Krokuvos ir vietiniai meistrai (Summary)<\/a><\/p>\n<p>Au\u0161ra Baniulyt\u0117<br \/>\n<a href=\"https:\/\/www.arthistorystudies.lt\/turinys-t-2\/italiskieji-pacu-rysiai-xvii-a-antroje-puseje-ir-ldk-miestu-daile\/\">Itali\u0161kieji Pac\u0173 ry\u0161iai XVII a. antroje pus\u0117je ir LDK miest\u0173 daile \/ Italian relations of the Pacai family in the late 17th century and the urban art in the Grand Duchy of Lithuania (Summary)<\/a><\/p>\n<p>R\u016bta Janonien\u0117<br \/>\n<a href=\"https:\/\/www.arthistorystudies.lt\/turinys-t-2\/sapiegu-svc-mergele-marija-vilniaus-globeja\/\">\u201eSapieg\u0173 \u0160v\u010d. Mergel\u0117 Marija\u201c \u2013 Vilniaus glob\u0117ja \/ Our Lady of the Sapiehas as the patroness of Vilnius (Summary)<\/a><\/p>\n<p>Lina Balai\u0161yt\u0117<br \/>\n<a href=\"https:\/\/www.arthistorystudies.lt\/turinys-t-2\/dailininku-darbo-paklausa-vilniuje-xvii-a-antroje-puseje-xviii-amziuje\/\">Dailinink\u0173 darbo paklausa Vilniuje XVII a. antroje pus\u0117je \u2013 XVIII a. \/ Demand for artists\u2018 work in Vilnius in the late 17th and the 18th century (Summary)<\/a><\/p>\n<p>Auks\u0117 Kalad\u017einskait\u0117<br \/>\n<a href=\"https:\/\/www.arthistorystudies.lt\/turinys-t-2\/broliju-dailes-uzsakymai-vilniuje-xviii-a\/\">Brolij\u0173 dail\u0117s u\u017esakymai Vilniuje XVIII a. \/ Artistic commissions from brotherhoods in Vilnius in the 18th century (Summary)<\/a><\/p>\n<p>Ewa \u0141omnicka-\u017bakowska<br \/>\n<a href=\"https:\/\/www.arthistorystudies.lt\/turinys-t-2\/apie-vilniaus-religine-iliustracine-grafika-xviii-a-viduryje\/\">O religijnej grafice ilustracyjnej w Wilnie oko\u0142o po\u0142owy XVIII wieku \/ Apie Vilniaus religin\u0119 iliustracin\u0119 grafik\u0105 XVIII a. viduryje (Santrauka)<\/a><\/p>\n<p>\u042e\u0440\u0438\u0439 \u041f\u0438\u0441\u043a\u0443\u043d<br \/>\n<a href=\"https:\/\/www.arthistorystudies.lt\/turinys-t-2\/dailininkai-ir-amatininkai-xvii-xviii-a-slucke-santrauka\/\">\u041f\u0440\u0435\u0434\u0441\u0442\u0430\u0432\u0438\u0442\u0435\u043b\u0438 \u0445\u0443\u0434\u043e\u0436\u0435\u0441\u0442\u0432\u0435\u043d\u043d\u044b\u0445 \u043f\u0440\u043e\u0444\u0435\u0441\u0441\u0438\u0439 \u0441\u0440\u0435\u0434\u0438 \u0440\u0435\u043c\u0435\u0441\u043b\u0435\u043d\u043d\u043e\u0433\u043e \u043d\u0430\u0441\u0435\u043b\u0435\u043d\u0438\u044f \u0421\u043b\u0443\u0446\u043a\u0430 \u0432 XVII\u2013XVIII \u0432\u0435\u043a\u0430\u0445 \/ Dailininkai ir amatininkai XVII\u2013XVIII a. Slucke (Santrauka)<\/a><\/p>\n<p>Aist\u0117 Paliu\u0161yt\u0117<br \/>\n<a href=\"https:\/\/www.arthistorystudies.lt\/turinys-t-2\/palenkes-bialos-skulptoriu-veikla-ir-statusas-xviii-a-ketvirtajame-penktajame-desimtmetyje\/\">Palenk\u0117s Bialos skulptori\u0173 veikla ir statusas XVIII a. ketvirtame penktame de\u0161imtmetyje \/ The activities and status of the sculptors of Bia\u0142a Podlaska in the 1730\u201340s (Summary)<\/a><\/p>\n<p>\u041e\u043b\u044c\u0433\u0430 \u0413\u043e\u0440\u0448\u043a\u043e\u0432\u043e\u0437-\u0411\u0430\u0436\u0435\u043d\u043e\u0432\u0430<br \/>\n<a href=\"https:\/\/www.arthistorystudies.lt\/turinys-t-2\/apie-dailininko-ir-uzsakovo-santykius-xviii-a-radvilu-nesvyzius-santrauka\/\">\u041a \u043f\u0440\u043e\u0431\u043b\u0435\u043c\u0435 \u043e\u0442\u043d\u043e\u0448\u0435\u043d\u0438\u0439 \u043f\u0430\u0442\u0440\u043e\u043d\u0430 \u0438 \u0445\u0443\u0434\u043e\u0436\u043d\u0438\u043a\u043e\u0432 (\u043d\u0430 \u043f\u0440\u0438\u043c\u0435\u0440\u0435 \u041d\u0435\u0441\u0432\u0438\u0436\u0430 \u043a\u043d\u044f\u0437\u0435\u0439 \u0420\u0430\u0434\u0437\u0438\u0431\u0438\u043b\u043b\u043e\u0432 XVIII \u0432\u0435\u043a\u0430) \/ Apie dailininko ir u\u017esakovo santykius: XVIII a Radvil\u0173 Nesvy\u017eius (Summary)<\/a><\/p>\n<p>Dorota Wereda<br \/>\n<a href=\"https:\/\/www.arthistorystudies.lt\/turinys-t-2\/cerkviu-fundacijos-brastos-vaivadijos-vakarines-dalies-miestuose-xviii-a-santrauka\/\">Fundacje cerkiewne w miastach zachodniej cz\u0119\u015bci wojew\u00f3dztwa brzeskiego w XVIII wieku \/ Cerkvi\u0173 fundacijos Brastos vaivadijos vakarin\u0117s dalies miestuose XVIII a. (Summary)<\/a><\/p>\n<p>Pawe\u0142 Sygowski<br \/>\n<a href=\"https:\/\/www.arthistorystudies.lt\/turinys-t-2\/lenkijos-polocko-unitu-arkivyskupijos-halubicu-dekanato-cerkves-pagal-1789-m-vizitacija\/\">Cerkwie w dekanacie ho\u0142ubickim unickiej diecezji \u201ePolskopo\u0142ockiej\u201c w \u015bwietle wizytacji z 1789 roku \/ \u201eLenkijos Polocko\u201c unit\u0173 arkivyskupijos Halubi\u010d\u0173 dekanato cerkv\u0117s pagal 1789 m. vizitacij\u0105 (Summary)<\/a><\/p>","protected":false},"excerpt":{"rendered":"<p>Titulinis puslapis \/ Content page \u012e\u017eanga \/ Introduction (PDF) https:\/\/doi.org\/10.53631\/DIS\/2006.2.15 Irena Vai\u0161vilait\u0117 Vienas Vilniaus namas XVI a. j\u0117zuit\u0173 \u0161altiniuose \/ One Vilnius house in the 16th century Jesuit sources (Summary) Mindaugas Paknys Akmenta\u0161iai Vilniuje iki XVII a. vidurio \/ Stonecutters in Vilnius before the mid-17th century (Summary) Birut\u0117 R\u016bta Vitkauskien\u0117 Karaliaus Zigmanto Vazos u\u017esakymai Vilniaus<a href=\"https:\/\/www.arthistorystudies.lt\/en\/turinys-t-2\/\">[&#8230;]<\/a><\/p>\n","protected":false},"author":1,"featured_media":0,"parent":0,"menu_order":0,"comment_status":"closed","ping_status":"closed","template":"","meta":{"footnotes":""},"class_list":["post-511","page","type-page","status-publish","hentry"],"_links":{"self":[{"href":"https:\/\/www.arthistorystudies.lt\/en\/wp-json\/wp\/v2\/pages\/511","targetHints":{"allow":["GET"]}}],"collection":[{"href":"https:\/\/www.arthistorystudies.lt\/en\/wp-json\/wp\/v2\/pages"}],"about":[{"href":"https:\/\/www.arthistorystudies.lt\/en\/wp-json\/wp\/v2\/types\/page"}],"author":[{"embeddable":true,"href":"https:\/\/www.arthistorystudies.lt\/en\/wp-json\/wp\/v2\/users\/1"}],"replies":[{"embeddable":true,"href":"https:\/\/www.arthistorystudies.lt\/en\/wp-json\/wp\/v2\/comments?post=511"}],"version-history":[{"count":41,"href":"https:\/\/www.arthistorystudies.lt\/en\/wp-json\/wp\/v2\/pages\/511\/revisions"}],"predecessor-version":[{"id":1908,"href":"https:\/\/www.arthistorystudies.lt\/en\/wp-json\/wp\/v2\/pages\/511\/revisions\/1908"}],"wp:attachment":[{"href":"https:\/\/www.arthistorystudies.lt\/en\/wp-json\/wp\/v2\/media?parent=511"}],"curies":[{"name":"wp","href":"https:\/\/api.w.org\/{rel}","templated":true}]}}