{"id":256,"date":"2022-09-21T19:49:26","date_gmt":"2022-09-21T16:49:26","guid":{"rendered":"https:\/\/www.arthistorystudies.lt\/?page_id=256"},"modified":"2022-12-01T14:52:32","modified_gmt":"2022-12-01T11:52:32","slug":"kontaktai","status":"publish","type":"page","link":"https:\/\/www.arthistorystudies.lt\/en\/kontaktai\/","title":{"rendered":"Contacts"},"content":{"rendered":"<p>LITHUANIAN CULTURE RESEARCH INSTITUTE<\/p>\n<p>Saltoni\u0161ki\u0173 58, LT-08105, Vilnius, Lietuva<\/p>\n<p><strong>Person in charge:<\/strong><\/p>\n<p>Helmutas \u0160abasevi\u010dius, PhD<\/p>\n<p>e-mail: <a href=\"mailto:helmutas.sabasevicius@gmail.com\">helmutas.sabasevicius[at]gmail.com<\/a><\/p>\n<p>phone: +370 682 35546<\/p>","protected":false},"excerpt":{"rendered":"<p>LITHUANIAN CULTURE RESEARCH INSTITUTE Saltoni\u0161ki\u0173 58, LT-08105, Vilnius, Lietuva Person in charge: Helmutas \u0160abasevi\u010dius, PhD e-mail: helmutas.sabasevicius[at]gmail.com phone: +370 682 35546<\/p>\n","protected":false},"author":1,"featured_media":0,"parent":0,"menu_order":0,"comment_status":"closed","ping_status":"closed","template":"","meta":{"footnotes":""},"class_list":["post-256","page","type-page","status-publish","hentry"],"_links":{"self":[{"href":"https:\/\/www.arthistorystudies.lt\/en\/wp-json\/wp\/v2\/pages\/256","targetHints":{"allow":["GET"]}}],"collection":[{"href":"https:\/\/www.arthistorystudies.lt\/en\/wp-json\/wp\/v2\/pages"}],"about":[{"href":"https:\/\/www.arthistorystudies.lt\/en\/wp-json\/wp\/v2\/types\/page"}],"author":[{"embeddable":true,"href":"https:\/\/www.arthistorystudies.lt\/en\/wp-json\/wp\/v2\/users\/1"}],"replies":[{"embeddable":true,"href":"https:\/\/www.arthistorystudies.lt\/en\/wp-json\/wp\/v2\/comments?post=256"}],"version-history":[{"count":3,"href":"https:\/\/www.arthistorystudies.lt\/en\/wp-json\/wp\/v2\/pages\/256\/revisions"}],"predecessor-version":[{"id":384,"href":"https:\/\/www.arthistorystudies.lt\/en\/wp-json\/wp\/v2\/pages\/256\/revisions\/384"}],"wp:attachment":[{"href":"https:\/\/www.arthistorystudies.lt\/en\/wp-json\/wp\/v2\/media?parent=256"}],"curies":[{"name":"wp","href":"https:\/\/api.w.org\/{rel}","templated":true}]}}