{"id":231,"date":"2022-09-21T18:09:36","date_gmt":"2022-09-21T15:09:36","guid":{"rendered":"https:\/\/www.arthistorystudies.lt\/?page_id=231"},"modified":"2024-07-08T12:42:21","modified_gmt":"2024-07-08T09:42:21","slug":"publikavimo-grafikas-ir-tomu-temos","status":"publish","type":"page","link":"https:\/\/www.arthistorystudies.lt\/en\/apie\/publikavimo-grafikas-ir-tomu-temos\/","title":{"rendered":"Publication schedule and volume topics"},"content":{"rendered":"<p>The journal\u2019s volumes are organised on a thematic basis, covering professional and folk works or art, secular and sacral art. The publication prioritises interdisciplinary research, where a published topic is examined by specialists from different fields. To publish an article in the journal, please contact the editorial board or the compiler of the volume directly:<\/p>\n<p style=\"text-align: center;\">Editorial Board of the journal <em>Meno istorijos studijos<\/em><\/p>\n<p style=\"text-align: center;\">Lithuanian Culture Research Institute<\/p>\n<p style=\"text-align: center;\">Saltoni\u0161ki\u0173 str. 58, LT-08105, Vilnius<\/p>\n<p style=\"text-align: center;\">E-mail: <a href=\"mailto:helmutas.sabasevicius@gmail.com\">helmutas.sabasevicius@gmail.com<\/a><\/p>\n<p><strong>2024<\/strong><br \/>\nVol.15: Lietuvos profesionalioji ir liaudies religin\u0117 dail\u0117 (Professional and Folk Religious Art of Lithuania), editors of the volume Asta Gini\u016bnien\u0117, Skaidr\u0117 Urbonien\u0117, e-mail: <a href=\"mailto:skaidreu@gmail.com\">skaidreu@gmail.com<\/a><br \/>\nVol.16: Menas ir politika (Art and Politics), editor of the volume Erika Grigoravi\u010dien\u0117, e-mail: <a href=\"mailto:erika.grigoraviciene@gmx.net\">erika.grigoraviciene@gmx.net<\/a><\/p>\n<p><strong>2025<\/strong><br \/>\nVol.17: <em>Teatras ir miestas (Theatre and City)<\/em>, ed. Martynas Petrikas<br \/>\nVol.18: <em>Lietuvos religin\u0117s dail\u0117s kontekstai (Lithuanian Religious Art Contexts)<\/em>, ed. Dalia Vasili\u016bnien\u0117, e-mail: <a href=\"mailto:vasiliuniene.dalia@gmail.com\">vasiliuniene.dalia@gmail.com<\/a><\/p>\n<p><strong>2026<\/strong><br \/>\nVol.19: <em>Menas ir mokslas (Art and Science)<\/em>, ed. Erika Grigoravi\u010dien\u0117, e-mail: <a href=\"mailto:erika.grigoraviciene@gmx.net\">erika.grigoraviciene@gmx.net<\/a><br \/>\nVol.20: <em>Nat\u016bralus intelektas (Natural Intellect)<\/em>, ed. Asta Petrikien\u0117, e-mail: <a href=\"mailto:asta.petrikiene@lkti.lt\">asta.petrikiene@lkti.lt<\/a><\/p>\n<p><strong>2027<\/strong><br \/>\nVol.21: <em>Lietuvos profesionalioji ir liaudies religin\u0117 dail\u0117 (Lithuanian Professional and Folk Religious Art)<\/em>, ed. Silvija Slaminskien\u0117, e-mail: <a href=\"mailto:silvija.slaminskiene@gmail.com\">silvija.slaminskiene@gmail.com<\/a><br \/>\nVol.22: <em>\u0160iuolaikin\u0117 taikomoji dail\u0117 ir dizainas (Contemporary Applied Art and Design)<\/em>, ed. Lijana \u0160atavi\u010di\u016bt\u0117-Natalevi\u010dien\u0117, e-mail: <a href=\"mailto:lijana.sn@gmail.com\">lijana.sn@gmail.com<\/a><\/p>\n<p>&nbsp;<\/p>\n<p>&nbsp;<\/p>","protected":false},"excerpt":{"rendered":"<p>The journal\u2019s volumes are organised on a thematic basis, covering professional and folk works or art, secular and sacral art. The publication prioritises interdisciplinary research, where a published topic is examined by specialists from different fields. To publish an article in the journal, please contact the editorial board or the compiler of the volume directly:<a href=\"https:\/\/www.arthistorystudies.lt\/en\/apie\/publikavimo-grafikas-ir-tomu-temos\/\">[&#8230;]<\/a><\/p>\n","protected":false},"author":1,"featured_media":0,"parent":70,"menu_order":0,"comment_status":"closed","ping_status":"closed","template":"","meta":{"footnotes":""},"class_list":["post-231","page","type-page","status-publish","hentry"],"_links":{"self":[{"href":"https:\/\/www.arthistorystudies.lt\/en\/wp-json\/wp\/v2\/pages\/231","targetHints":{"allow":["GET"]}}],"collection":[{"href":"https:\/\/www.arthistorystudies.lt\/en\/wp-json\/wp\/v2\/pages"}],"about":[{"href":"https:\/\/www.arthistorystudies.lt\/en\/wp-json\/wp\/v2\/types\/page"}],"author":[{"embeddable":true,"href":"https:\/\/www.arthistorystudies.lt\/en\/wp-json\/wp\/v2\/users\/1"}],"replies":[{"embeddable":true,"href":"https:\/\/www.arthistorystudies.lt\/en\/wp-json\/wp\/v2\/comments?post=231"}],"version-history":[{"count":9,"href":"https:\/\/www.arthistorystudies.lt\/en\/wp-json\/wp\/v2\/pages\/231\/revisions"}],"predecessor-version":[{"id":1805,"href":"https:\/\/www.arthistorystudies.lt\/en\/wp-json\/wp\/v2\/pages\/231\/revisions\/1805"}],"up":[{"embeddable":true,"href":"https:\/\/www.arthistorystudies.lt\/en\/wp-json\/wp\/v2\/pages\/70"}],"wp:attachment":[{"href":"https:\/\/www.arthistorystudies.lt\/en\/wp-json\/wp\/v2\/media?parent=231"}],"curies":[{"name":"wp","href":"https:\/\/api.w.org\/{rel}","templated":true}]}}