{"id":2182,"date":"2026-04-21T11:21:23","date_gmt":"2026-04-21T08:21:23","guid":{"rendered":"https:\/\/www.arthistorystudies.lt\/?page_id=2182"},"modified":"2026-04-21T11:50:22","modified_gmt":"2026-04-21T08:50:22","slug":"turinys-t-18","status":"publish","type":"page","link":"https:\/\/www.arthistorystudies.lt\/en\/archyvas\/turinys-t-18\/","title":{"rendered":"Content T.18"},"content":{"rendered":"<p>Turinys | Table of Contents<\/p>\n<p>Dalia Vasili\u016bnien\u0117<\/p>\n<p>Pratarm\u0117 <a href=\"https:\/\/www.arthistorystudies.lt\/wp-content\/uploads\/2026\/04\/01_MIS-18___2025_Vasiliuniene.pdf\" target=\"_blank\" rel=\"noopener\"><strong>(PDF)<\/strong><\/a><br \/>\n<a href=\"https:\/\/www.arthistorystudies.lt\/wp-content\/uploads\/2026\/04\/01_MIS-18___2025_Vasiliuniene.pdf\" target=\"_blank\" rel=\"noopener\">https:\/\/doi.org\/10.53631\/MIS\/2025.18.6<\/a><\/p>\n<p>Gintautas \u017dal\u0117nas<br \/>\n<a href=\"https:\/\/www.arthistorystudies.lt\/archyvas\/turinys-t-18\/josvainiu-baznycios-dievo-motinos-paveikslo-geneze-ir-istorinis-kontekstas-the-origin-and-historical-context-of-the-painting-of-our-lady-in-the-church-of-josvainiai\/\">Josvaini\u0173 ba\u017eny\u010dios Dievo Motinos paveikslo genez\u0117 ir istorinis kontekstas \/ The Origin and Historical Context of the Painting of Our Lady in the Church of Josvainiai (Summary)<\/a><\/p>\n<p>Lijana Bir\u0161kyt\u0117-Klimien\u0117<br \/>\n<a href=\"https:\/\/www.arthistorystudies.lt\/archyvas\/turinys-t-18\/svc-mergeles-marijos-auklejimo-ikonografija-lietuvoje-xviii-xix-a-nuo-europos-grafikos-pavyzdziu-iki-kopiju-the-iconography-of-the-education-of-the-blessed-virgin-mary-i\/\">\u201e\u0160v\u010d.\u00a0Mergel\u0117s Marijos aukl\u0117jimo\u201c ikonografija Lietuvoje XVIII\u2013XIX\u00a0a.: \u00a0nuo Europos grafikos pavyzd\u017ei\u0173 iki kopij\u0173 \/ The Iconography of <em>the Education of the Blessed Virgin Mary<\/em> in Lithuania in the Eighteenth and Nineteenth Centuries: From European Graphic Examples to Derivations (Summary)<\/a><\/p>\n<p>Karolina Bukovskyt\u0117<br \/>\n<a href=\"https:\/\/www.arthistorystudies.lt\/archyvas\/turinys-t-18\/karaliskiu-cerkves-ikonu-teologine-prasme-ir-menine-verte-the-theological-meaning-and-artistic-value-of-the-icons-from-the-karaliskiai-one-believers-orthodox-church\/\">Karali\u0161ki\u0173 cerkv\u0117s ikon\u0173 teologin\u0117 prasm\u0117 ir menin\u0117 vert\u0117 \/ The Theological Meaning and Artistic Value of the Icons from the Karali\u0161kiai One Believers\u2019 Orthodox Church (Summary)<\/a><\/p>\n<p>Gabija Surdokait\u0117-Vitien\u0117<\/p>\n<p><a href=\"https:\/\/www.arthistorystudies.lt\/archyvas\/turinys-t-18\/liturginiu-rubu-siuvimas-ir-siuvinejimas-kauno-benediktiniu-vienuolyne-the-sewing-and-embroidery-of-liturgical-vestments-at-the-benedictine-monastery-of-kaunas\/\">Liturgini\u0173 r\u016bb\u0173 siuvimas ir siuvin\u0117jimas Kauno benediktini\u0173 vienuolyne \/ The Sewing and Embroidery of Liturgical Vestments at the Benedictine Monastery of Kaunas (Summary)<\/a><\/p>\n<p>Krista Petrauska<br \/>\n<a href=\"https:\/\/www.arthistorystudies.lt\/archyvas\/turinys-t-18\/christian-altarpiece-painters-in-soviet-latvia-from-1945-to-1990-krikscionisku-altoriniu-paveikslu-tapytojai-sovietu-latvijoje-1945-1990-santrauka\/\">Christian Altarpiece Painters in Soviet Latvia from 1945 to 1990 \/ Krik\u0161\u010dioni\u0161k\u0173 altorini\u0173 paveiksl\u0173 tapytojai Soviet\u0173 Latvijoje (1945\u20131990) (Santrauka)<\/a><\/p>","protected":false},"excerpt":{"rendered":"<p>Turinys | Table of Contents Dalia Vasili\u016bnien\u0117 Pratarm\u0117 (PDF) https:\/\/doi.org\/10.53631\/MIS\/2025.18.6 Gintautas \u017dal\u0117nas Josvaini\u0173 ba\u017eny\u010dios Dievo Motinos paveikslo genez\u0117 ir istorinis kontekstas \/ The Origin and Historical Context of the Painting of Our Lady in the Church of Josvainiai (Summary) Lijana Bir\u0161kyt\u0117-Klimien\u0117 \u201e\u0160v\u010d.\u00a0Mergel\u0117s Marijos aukl\u0117jimo\u201c ikonografija Lietuvoje XVIII\u2013XIX\u00a0a.: \u00a0nuo Europos grafikos pavyzd\u017ei\u0173 iki kopij\u0173 \/ The<a href=\"https:\/\/www.arthistorystudies.lt\/en\/archyvas\/turinys-t-18\/\">[&#8230;]<\/a><\/p>\n","protected":false},"author":1,"featured_media":0,"parent":269,"menu_order":0,"comment_status":"closed","ping_status":"closed","template":"","meta":{"footnotes":""},"class_list":["post-2182","page","type-page","status-publish","hentry"],"_links":{"self":[{"href":"https:\/\/www.arthistorystudies.lt\/en\/wp-json\/wp\/v2\/pages\/2182","targetHints":{"allow":["GET"]}}],"collection":[{"href":"https:\/\/www.arthistorystudies.lt\/en\/wp-json\/wp\/v2\/pages"}],"about":[{"href":"https:\/\/www.arthistorystudies.lt\/en\/wp-json\/wp\/v2\/types\/page"}],"author":[{"embeddable":true,"href":"https:\/\/www.arthistorystudies.lt\/en\/wp-json\/wp\/v2\/users\/1"}],"replies":[{"embeddable":true,"href":"https:\/\/www.arthistorystudies.lt\/en\/wp-json\/wp\/v2\/comments?post=2182"}],"version-history":[{"count":6,"href":"https:\/\/www.arthistorystudies.lt\/en\/wp-json\/wp\/v2\/pages\/2182\/revisions"}],"predecessor-version":[{"id":2205,"href":"https:\/\/www.arthistorystudies.lt\/en\/wp-json\/wp\/v2\/pages\/2182\/revisions\/2205"}],"up":[{"embeddable":true,"href":"https:\/\/www.arthistorystudies.lt\/en\/wp-json\/wp\/v2\/pages\/269"}],"wp:attachment":[{"href":"https:\/\/www.arthistorystudies.lt\/en\/wp-json\/wp\/v2\/media?parent=2182"}],"curies":[{"name":"wp","href":"https:\/\/api.w.org\/{rel}","templated":true}]}}