{"id":2039,"date":"2025-02-04T12:53:07","date_gmt":"2025-02-04T09:53:07","guid":{"rendered":"https:\/\/www.arthistorystudies.lt\/?page_id=2039"},"modified":"2025-02-04T12:53:07","modified_gmt":"2025-02-04T09:53:07","slug":"istorijos-paraleles-ir-pakartojimai-dainiaus-liskeviciaus-performansas-ukrainai-palaikyti-ten-yra-versme","status":"publish","type":"page","link":"https:\/\/www.arthistorystudies.lt\/en\/archyvas\/turinys-t-16\/istorijos-paraleles-ir-pakartojimai-dainiaus-liskeviciaus-performansas-ukrainai-palaikyti-ten-yra-versme\/","title":{"rendered":"Historical Parallels and Repetitions: Is There a Source Over There? \u2013 a Performance by Dainius Li\u0161kevi\u010dius in Support of Ukraine"},"content":{"rendered":"<p>Agn\u0117 Naru\u0161yt\u0117 <a href=\"https:\/\/www.arthistorystudies.lt\/wp-content\/uploads\/2025\/02\/03_MIS-16__2024-Narusyte.pdf\" target=\"_blank\" rel=\"noopener\"><strong>(PDF)<\/strong><\/a><br \/>\n<a href=\"https:\/\/www.arthistorystudies.lt\/wp-content\/uploads\/2025\/02\/03_MIS-16__2024-Narusyte.pdf\" target=\"_blank\" rel=\"noopener\">https:\/\/doi.org\/10.53631\/MIS\/2024.16.3<\/a><\/p>\n<p>When Russia launched its full-scale invasion on February 24, 2022, historians, political scientists, and other commentators all over the world started discussing and visually demonstrating the similarities between the current war and WWII, as well as the apparent repetition of previous events in the present. It has also been noted that we are observing a duel between the present and the past, prompted by this war, that will cause systemic changes leading the civilization towards an unknown future. An important issue is how we can distinguish which currently emerging phenomena are echoes of the past and which ones are harbingers of the future. Particularly since Russians started their war by glueing stickers saying: \u201cWe can repeat\u201d (<em>\u041c\u043e\u0436\u0435\u043c \u043f\u043e\u0432\u0442\u043e\u0440\u0438\u0442\u044c<\/em>) on their cars, and their leader, president Vladimir Putin, wrote essays and books grounding the necessity of war on an arbitrarily chosen historical period when Ukraine as a state did not exist. This seems to be a realisation of \u201crestorative nostalgia\u201d described by Svetlana Boym in 2001.<\/p>\n<p>Such an unstable geopolitical situation encourages artists to join the discourse and reflect on the parallels of the past and the present. With his performance <em>Is There a Source Over There?<\/em> (2022), Dainius Li\u0161kevi\u010dius pondered the repetitions of history. The performance took place in the lobby of the Lithuanian National Drama Theatre around the sculpture <em>Source<\/em> by Stanislovas Kuzma, created in 1981 and installed in the middle of the fountain pool. By wrapping it and covering it with a canopy, Li\u0161kevi\u010dius referred to the actions of Ukrainians trying to protect their public monuments from Russian bombs. But the performer also seemingly received an impulse from the Soviet-like image of Putin broadcasted on television, which prompted him to revert to aggressive behaviour. The article discusses the performance as the artist\u2019s indirect answer to the question bothering many observers of the current war: if this war is a repetition of the past war, how can we understand its causes and how can we influence its order of events?<\/p>\n<p><strong>Keywords<\/strong>: Dainius Li\u0161kevi\u010dius, Svetlana Boym, restorative nostalgia, Stanislovas Kuzma, war, Ukraine<\/p>","protected":false},"excerpt":{"rendered":"<p>Agn\u0117 Naru\u0161yt\u0117 (PDF) https:\/\/doi.org\/10.53631\/MIS\/2024.16.3 When Russia launched its full-scale invasion on February 24, 2022, historians, political scientists, and other commentators all over the world started discussing and visually demonstrating the similarities between the current war and WWII, as well as the apparent repetition of previous events in the present. It has also been noted that<a href=\"https:\/\/www.arthistorystudies.lt\/en\/archyvas\/turinys-t-16\/istorijos-paraleles-ir-pakartojimai-dainiaus-liskeviciaus-performansas-ukrainai-palaikyti-ten-yra-versme\/\">[&#8230;]<\/a><\/p>\n","protected":false},"author":1,"featured_media":0,"parent":2020,"menu_order":0,"comment_status":"closed","ping_status":"closed","template":"","meta":{"footnotes":""},"class_list":["post-2039","page","type-page","status-publish","hentry"],"_links":{"self":[{"href":"https:\/\/www.arthistorystudies.lt\/en\/wp-json\/wp\/v2\/pages\/2039","targetHints":{"allow":["GET"]}}],"collection":[{"href":"https:\/\/www.arthistorystudies.lt\/en\/wp-json\/wp\/v2\/pages"}],"about":[{"href":"https:\/\/www.arthistorystudies.lt\/en\/wp-json\/wp\/v2\/types\/page"}],"author":[{"embeddable":true,"href":"https:\/\/www.arthistorystudies.lt\/en\/wp-json\/wp\/v2\/users\/1"}],"replies":[{"embeddable":true,"href":"https:\/\/www.arthistorystudies.lt\/en\/wp-json\/wp\/v2\/comments?post=2039"}],"version-history":[{"count":1,"href":"https:\/\/www.arthistorystudies.lt\/en\/wp-json\/wp\/v2\/pages\/2039\/revisions"}],"predecessor-version":[{"id":2041,"href":"https:\/\/www.arthistorystudies.lt\/en\/wp-json\/wp\/v2\/pages\/2039\/revisions\/2041"}],"up":[{"embeddable":true,"href":"https:\/\/www.arthistorystudies.lt\/en\/wp-json\/wp\/v2\/pages\/2020"}],"wp:attachment":[{"href":"https:\/\/www.arthistorystudies.lt\/en\/wp-json\/wp\/v2\/media?parent=2039"}],"curies":[{"name":"wp","href":"https:\/\/api.w.org\/{rel}","templated":true}]}}