{"id":2035,"date":"2025-02-04T12:48:55","date_gmt":"2025-02-04T09:48:55","guid":{"rendered":"https:\/\/www.arthistorystudies.lt\/?page_id=2035"},"modified":"2025-02-04T12:48:55","modified_gmt":"2025-02-04T09:48:55","slug":"siu-dienu-mirties-sokis-mindaugo-lukosaicio-piesiniu-serija-z-2022","status":"publish","type":"page","link":"https:\/\/www.arthistorystudies.lt\/en\/archyvas\/turinys-t-16\/siu-dienu-mirties-sokis-mindaugo-lukosaicio-piesiniu-serija-z-2022\/","title":{"rendered":"Danse Macabre Now: Z (2022), a Series of Drawings by Mindaugas Luko\u0161aitis"},"content":{"rendered":"<p>Erika Grigoravi\u010dien\u0117 <a href=\"https:\/\/www.arthistorystudies.lt\/wp-content\/uploads\/2025\/02\/02_MIS-16__2024-Grigoraviciene.pdf\" target=\"_blank\" rel=\"noopener\"><strong>(PDF)<\/strong><\/a><br \/>\n<a href=\"https:\/\/www.arthistorystudies.lt\/wp-content\/uploads\/2025\/02\/02_MIS-16__2024-Grigoraviciene.pdf\" target=\"_blank\" rel=\"noopener\">https:\/\/doi.org\/10.53631\/MIS\/2024.16.2<\/a><\/p>\n<p>Mindaugas Luko\u0161aitis has become renowned in the Lithuanian as well as international visual arts scene for his numerous series of drawings\u2014a kind of wordless comic strips or silent animated films\u2014in which he recreates the extreme events of Lithuanian and world history by using his imagination. These include the post-WWII struggle of the Lithuanian freedom fighters (<em>Resistance<\/em>, 2004), the Finnish resistance against the Soviet invasion in 1939\u20131940 (<em>Talvisota. The Winter War<\/em>, 2013), the 1994 genocide in Rwanda (<em>Rwanda 1994<\/em>, 2013) and the Holocaust in Lithuania (<em>Jews. My History<\/em>, 2010\u20132012; <em>Jews. My History <\/em><em>2<\/em>, 2014). In March-February 2022, Luko\u0161aitis presented his new series <em>Z<\/em> on social media: 60 drawings, this time digital, in which he drew from memory\/imagination the bodies of the invaders of Ukraine mutilated by explosions. The latter work is the main object of this study. In order to ascertain its aesthetical and political effectiveness, it is interpreted with regard to the author\u2019s commentary, the entirety of the artist\u2019s oeuvre, art researchers\u2019 texts dedicated to it, as well as certain visual phenomena (from representations of the theme on social media to symbolic iconography of death) and theoretical discourses (Jean-Paul Sartre\u2019s theory of the imaginary, the critique of non-representability by Georges Didi-Huberman and Jacques Ranci\u00e8re, and posthumanist, ecological concept of death).<\/p>\n<p>Russia\u2019s war on Ukraine\u2014another invention of political insanity\u2014outbids any notion of justice; thus, one has to use political imagination again to develop a new sensibility. Luko\u0161aitis\u2019 zest to draw, his goal \u201cto twist, wrench, crush, mangle, scatter even more imaginatively\u201d (M. L.) is a kind of psyop, a consolation and therapy for all who are tormented by the constant fear of Russian invasion, psychological tension, grievance, and hatred. The direct connection between the routine of artistic practice and the passion for creation could also be the key to a better understanding of Luko\u0161aitis\u2019 earlier series of drawings (in which the prolonged, persistent, exhausting work of imagination and drawing was supposed to assist in coping with collective trauma and atoning for collective guilt).<\/p>\n<p>The remains of the invaders in the series <em>Z<\/em>, drawn in the <em>aesthetic regime<\/em> (Ranci\u00e8re), change the viewers\u2019 attitude towards the <em>sapiens<\/em>, death, and contemporaneity, as they prompt a reconsideration of the notions of <em>environmental grief<\/em> and <em>disenfranchised grief<\/em>. The deterritorialisation of the work, the transfer of its subject matter from the current geopolitical context to the discourse of the history of visual art and photography enables it to manifest a distinctive interaction between the energy of forms (lines) and a peculiar lifelessness, an expression of absolute nonexistence. Carcasses in rags and the semantic function of drapery emphasised by the artist, as well as the animated dance of the whole series, brings to mind not only images of casualties of war or other disasters, but also the traditional symbolic iconography of death that has been developing in Western art since the late Middle Ages\u2014the allegorical figure of the Grim Reaper, <em>danse macabre<\/em>, and the like. However, the corpses of soldiers are not the undead, resemblant of dancing skeletons; they will never rise. Their shroud-like uniforms have more vitality, but they, too, are doomed to entropy. Luko\u0161aitis\u2019 <em>Z<\/em> merges quasi-baroque anthropomorphism and bataillesque <em>informe<\/em>, the possibility of transcendence and its collapse, the semantics of burial shrouds and emerging cultural imagery of environmental grief.<\/p>\n<p><strong>Keywords<\/strong>: Mindaugas Luko\u0161aitis, the imaginary (Jean-Paul Sartre), critique of non-representability (Georges Didi-Huberman, Jacques Ranci\u00e8re), post-humanist concept of death, symbolic iconography of death, <em>informe<\/em>.<\/p>\n<p>&nbsp;<\/p>","protected":false},"excerpt":{"rendered":"<p>Erika Grigoravi\u010dien\u0117 (PDF) https:\/\/doi.org\/10.53631\/MIS\/2024.16.2 Mindaugas Luko\u0161aitis has become renowned in the Lithuanian as well as international visual arts scene for his numerous series of drawings\u2014a kind of wordless comic strips or silent animated films\u2014in which he recreates the extreme events of Lithuanian and world history by using his imagination. These include the post-WWII struggle of<a href=\"https:\/\/www.arthistorystudies.lt\/en\/archyvas\/turinys-t-16\/siu-dienu-mirties-sokis-mindaugo-lukosaicio-piesiniu-serija-z-2022\/\">[&#8230;]<\/a><\/p>\n","protected":false},"author":1,"featured_media":0,"parent":2020,"menu_order":0,"comment_status":"closed","ping_status":"closed","template":"","meta":{"footnotes":""},"class_list":["post-2035","page","type-page","status-publish","hentry"],"_links":{"self":[{"href":"https:\/\/www.arthistorystudies.lt\/en\/wp-json\/wp\/v2\/pages\/2035","targetHints":{"allow":["GET"]}}],"collection":[{"href":"https:\/\/www.arthistorystudies.lt\/en\/wp-json\/wp\/v2\/pages"}],"about":[{"href":"https:\/\/www.arthistorystudies.lt\/en\/wp-json\/wp\/v2\/types\/page"}],"author":[{"embeddable":true,"href":"https:\/\/www.arthistorystudies.lt\/en\/wp-json\/wp\/v2\/users\/1"}],"replies":[{"embeddable":true,"href":"https:\/\/www.arthistorystudies.lt\/en\/wp-json\/wp\/v2\/comments?post=2035"}],"version-history":[{"count":1,"href":"https:\/\/www.arthistorystudies.lt\/en\/wp-json\/wp\/v2\/pages\/2035\/revisions"}],"predecessor-version":[{"id":2037,"href":"https:\/\/www.arthistorystudies.lt\/en\/wp-json\/wp\/v2\/pages\/2035\/revisions\/2037"}],"up":[{"embeddable":true,"href":"https:\/\/www.arthistorystudies.lt\/en\/wp-json\/wp\/v2\/pages\/2020"}],"wp:attachment":[{"href":"https:\/\/www.arthistorystudies.lt\/en\/wp-json\/wp\/v2\/media?parent=2035"}],"curies":[{"name":"wp","href":"https:\/\/api.w.org\/{rel}","templated":true}]}}