{"id":1966,"date":"2024-12-31T17:13:00","date_gmt":"2024-12-31T14:13:00","guid":{"rendered":"https:\/\/www.arthistorystudies.lt\/?page_id=1966"},"modified":"2025-01-02T12:31:39","modified_gmt":"2025-01-02T09:31:39","slug":"t-15","status":"publish","type":"page","link":"https:\/\/www.arthistorystudies.lt\/en\/archyvas\/t-15\/","title":{"rendered":"Content T.15"},"content":{"rendered":"<p>Meno istorijos studijos \/ Art History Studies, 15: I\u0161koduoti atvaizd\u0105: forma, faktas, kontekstas \/ Decode the Image: Form, Fact and Context, sud. Skaidr\u0117 Urbonien\u0117, Asta Gini\u016bnien\u0117, Vilnius: Lietuvos kult\u016bros tyrim\u0173 institutas, 2024<\/p>\n<p>Turinys \/ Table of Contents<\/p>\n<p>Skaidr\u0117 Urbonien\u0117, Asta Gini\u016bnien\u0117<\/p>\n<p>Foreword<a href=\"https:\/\/www.arthistorystudies.lt\/wp-content\/uploads\/2024\/12\/MIS-15__2024___pratarme.pdf\" target=\"_blank\" rel=\"noopener\"><strong> (PDF)<\/strong><\/a><br \/>\n<a href=\"https:\/\/www.arthistorystudies.lt\/wp-content\/uploads\/2024\/12\/MIS-15__2024___pratarme.pdf\" target=\"_blank\" rel=\"noopener\">https:\/\/doi.org\/10.53631\/MIS\/2024.15.7<\/a><\/p>\n<p>Regimanta Stankevi\u010dien\u0117<\/p>\n<p><a href=\"https:\/\/www.arthistorystudies.lt\/archyvas\/t-15\/kurkliu-baznycios-svc-mergeles-marijos-su-vaikeliu-1710-m-paveikslas-ir-jo-paslaptys\/\">Kurkli\u0173 ba\u017eny\u010dios \u201e\u0160v\u010d. Mergel\u0117s Marijos su Vaikeliu\u201c 1710 m. paveikslas ir jo paslaptys \/ The Painting of Our Lady with the Child (1710) from Kurkliai Church and its Mysteries (Summary)<\/a><\/p>\n<p>Rima Valin\u010di\u016bt\u0117-Varn\u0117<\/p>\n<p><a href=\"https:\/\/www.arthistorystudies.lt\/archyvas\/t-15\/pasvalio-bialynicu-dievo-motinos-su-vaikeliu-jezumi-paveikslas-istorija-ikonografija-kultas\/\">Pasvalio \u201eBialyni\u010d\u0173 Dievo Motinos su Vaikeliu J\u0117zumi\u201c paveikslas: istorija, ikonografija, kultas \/ The Image of Our Lady of Bialyniczy from Pasvalys Church: History, Iconography and Devotion (Summary)<\/a><\/p>\n<p>Jolita Li\u0161kevi\u010dien\u0117<\/p>\n<p><a href=\"https:\/\/www.arthistorystudies.lt\/archyvas\/t-15\/sv-antano-paduviecio-gyvenimo-ir-stebuklu-freskos-vilniaus-pranciskonu-baznycios-lubu-skliaute-pirmavaizdziai-ir-sumanymo-rekonstrukcija\/\">\u0160v. Antano Paduvie\u010dio gyvenimo ir stebukl\u0173 freskos Vilniaus pranci\u0161kon\u0173 ba\u017eny\u010dios lub\u0173 skliaute: pirmavaizd\u017eiai ir sumanymo rekonstrukcija \/ The Frescoes of the Life and Miracles of St Anthony of Padua in the Ceiling Vaults of the Franciscan Church in Vilnius: Prototypes and Conception of Reconstruction (Summary)<\/a><\/p>\n<p>Dalia Vasili\u016bnien\u0117<\/p>\n<p><a href=\"https:\/\/www.arthistorystudies.lt\/archyvas\/t-15\/dominikonu-paveldo-fragmentai-vilniaus-sventosios-dvasios-baznycios-lavabo\/\">Dominikon\u0173 paveldo fragmentai: Vilniaus \u0160ventosios Dvasios ba\u017eny\u010dios lavabo \/ Fragments of Dominican Heritage: The Lavabo of the Church of the Holy Spirit in Vilnius (Summary)<\/a><\/p>\n<p>Alant\u0117 Valtait\u0117-Gaga\u010d<\/p>\n<p><a href=\"https:\/\/www.arthistorystudies.lt\/archyvas\/t-15\/elnio-galvos-formos-sietynai-xvii-a-lietuvoje-kontekstas-simbolika-paplitimas-santrauka\/\">Elnio galvos formos sietynai XVII a. Lietuvoje: kontekstas, simbolika, paplitimas \/ Deer-head Chandeliers in Lithuania in the Seventeenth Century: Context, Symbolism and Prevalence (Summary)<\/a><\/p>\n<p>Au\u0161ra Vasiliauskien\u0117<\/p>\n<p><a href=\"https:\/\/www.arthistorystudies.lt\/archyvas\/t-15\/kauno-svc-trejybes-baznycios-interjero-ir-ikonografines-programos-pokyciai-1938-1940-m-ir-xx-a-ii-p\/\">Kauno \u0160v\u010d. Trejyb\u0117s ba\u017eny\u010dios interjero ir ikonografin\u0117s programos poky\u010diai 1938\u20131940 m. ir XX a. II p. \/ Changes to the Interior and Iconographic Programme of the Holy Trinity (Seminary) Church in Kaunas from 1938 to 1940 and the Second Half of the Twentieth Century (Summary)<\/a><\/p>","protected":false},"excerpt":{"rendered":"<p>Meno istorijos studijos \/ Art History Studies, 15: I\u0161koduoti atvaizd\u0105: forma, faktas, kontekstas \/ Decode the Image: Form, Fact and Context, sud. Skaidr\u0117 Urbonien\u0117, Asta Gini\u016bnien\u0117, Vilnius: Lietuvos kult\u016bros tyrim\u0173 institutas, 2024 Turinys \/ Table of Contents Skaidr\u0117 Urbonien\u0117, Asta Gini\u016bnien\u0117 Foreword (PDF) https:\/\/doi.org\/10.53631\/MIS\/2024.15.7 Regimanta Stankevi\u010dien\u0117 Kurkli\u0173 ba\u017eny\u010dios \u201e\u0160v\u010d. Mergel\u0117s Marijos su Vaikeliu\u201c 1710 m.<a href=\"https:\/\/www.arthistorystudies.lt\/en\/archyvas\/t-15\/\">[&#8230;]<\/a><\/p>\n","protected":false},"author":1,"featured_media":0,"parent":269,"menu_order":0,"comment_status":"closed","ping_status":"closed","template":"","meta":{"footnotes":""},"class_list":["post-1966","page","type-page","status-publish","hentry"],"_links":{"self":[{"href":"https:\/\/www.arthistorystudies.lt\/en\/wp-json\/wp\/v2\/pages\/1966","targetHints":{"allow":["GET"]}}],"collection":[{"href":"https:\/\/www.arthistorystudies.lt\/en\/wp-json\/wp\/v2\/pages"}],"about":[{"href":"https:\/\/www.arthistorystudies.lt\/en\/wp-json\/wp\/v2\/types\/page"}],"author":[{"embeddable":true,"href":"https:\/\/www.arthistorystudies.lt\/en\/wp-json\/wp\/v2\/users\/1"}],"replies":[{"embeddable":true,"href":"https:\/\/www.arthistorystudies.lt\/en\/wp-json\/wp\/v2\/comments?post=1966"}],"version-history":[{"count":12,"href":"https:\/\/www.arthistorystudies.lt\/en\/wp-json\/wp\/v2\/pages\/1966\/revisions"}],"predecessor-version":[{"id":2005,"href":"https:\/\/www.arthistorystudies.lt\/en\/wp-json\/wp\/v2\/pages\/1966\/revisions\/2005"}],"up":[{"embeddable":true,"href":"https:\/\/www.arthistorystudies.lt\/en\/wp-json\/wp\/v2\/pages\/269"}],"wp:attachment":[{"href":"https:\/\/www.arthistorystudies.lt\/en\/wp-json\/wp\/v2\/media?parent=1966"}],"curies":[{"name":"wp","href":"https:\/\/api.w.org\/{rel}","templated":true}]}}