{"id":1941,"date":"2024-08-01T14:27:20","date_gmt":"2024-08-01T11:27:20","guid":{"rendered":"https:\/\/www.arthistorystudies.lt\/?page_id=1941"},"modified":"2024-08-01T14:27:20","modified_gmt":"2024-08-01T11:27:20","slug":"dailininku-bendruomene-lietuvdailininku-bendruomene-lietuvoje-vilniaus-jeruzales-skulpturu-sodo-atvejis-santraukaoje-vilniaus-jeruzales-skulpturu-sodo-atvejis-santrauka","status":"publish","type":"page","link":"https:\/\/www.arthistorystudies.lt\/en\/turinys-t-8\/dailininku-bendruomene-lietuvdailininku-bendruomene-lietuvoje-vilniaus-jeruzales-skulpturu-sodo-atvejis-santraukaoje-vilniaus-jeruzales-skulpturu-sodo-atvejis-santrauka\/","title":{"rendered":"Artists\u2019 Community in Soviet Lithuania: Case Study of the Vilnius Jeruzal\u0117 Sculpture Garden (Summary)"},"content":{"rendered":"<p><strong>Elona Lubyt\u0117 <a href=\"https:\/\/www.arthistorystudies.lt\/wp-content\/uploads\/2022\/12\/DIS-8_2017_p.142-175_compressed.pdf\" target=\"_blank\" rel=\"noopener\">(PDF)<\/a><\/strong><br \/>\n<a href=\"https:\/\/www.arthistorystudies.lt\/wp-content\/uploads\/2022\/12\/DIS-8_2017_p.142-175_compressed.pdf\" target=\"_blank\" rel=\"noopener\"><strong>https:\/\/doi.org\/10.53631\/DIS\/2017.8.7<\/strong><\/a><\/p>\n<p>In Soviet Lithuania, as in the entire Soviet Union, gathering of artists in informal groups was not tolerated. However, informal communities of like-minded colleagues would assemble in private spaces, artists\u2019 homes and studios, where creative and political freedom goals were pursued. The article discusses the history of the Vilnius Jeruzal\u0117 Sculpture Garden, the activities of its sculptors from 1962 to 1990, and the creative pursuits of late modernism and post-modernism, which were manifested in the environment of socialist realism.<\/p>\n<p>In 1962, the family of sculptor Vladas Vild\u017ei\u016bnas (1932\u20132013) and printmaker Marija Ladigait\u0117 rented a part of the house in Jeruzal\u0117, the suburb of Vilnius with nationalised Polish villas from the interwar period. Their home became an informal gathering place for the sculptors\u2019 community in the Jeruzal\u0117 Garden. Thanks to Vild\u017ei\u016bnas\u2019s support for young talent, active efforts and diplomacy, in 1970, the Executive Committee of the City of Vilnius decided to transfer a plot of an old fruit garden in Jeruzal\u0117 to the Art Foundation of the Lithuanian SSR. The plot was assigned to build a temporary sculpture studio. During 1972 and 1973, Gediminas Karalius and Petras Maz\u016bras built the first temporary studios in the Jeruzal\u0117 Garden. The construction of studios in the Jeruzal\u0117 Garden continued in the 1980s and 1990s.<\/p>\n<p>In 1977, Vild\u017ei\u016bnas became the chairman of the Sculpture Department of the Artists\u2019 Union of the Lithuanian SSR. He sought to unite the forces of his guild and, alongside, present the newest works by the Jeruzal\u0117 sculptors. Vild\u017ei\u016bnas also initiated the First Exhibition of Medals and Small-Scale Sculptures in 1979 at the House of Art Exhibitions and the Republican Sculpture Exhibition in 1983 at the Art Exhibition Palace. During 1984 and 1985, thanks to Vild\u017ei\u016bnas\u2019s efforts, an exhibition of small-scale sculptures and drawings by the \u2018sixsome\u2019 of Jeruzal\u0117 Garden sculptors was held in the Gallery of Soviet Art of the State Art Museum of the Lithuanian SSR. In 1978\u20131979, shows of abstract drawings and paintings of minimalist style by textile artist Kazimiera Zimblyt\u0117 that were not accepted into official exhibitions were held in the Jeruzal\u0117 Garden. A new type of artist was forming in the Jeruzal\u0117 Garden who, from the beginning (sketch) to the end, realised the creative idea independently without the help of the State Art House and the censorship of the clients.<\/p>\n<p><strong>Keywords<\/strong>: sculptor studio, Vladas Vild\u017ei\u016bnas, Artists\u2019 Union, exhibition, State Art Museum<\/p>","protected":false},"excerpt":{"rendered":"<p>Elona Lubyt\u0117 (PDF) https:\/\/doi.org\/10.53631\/DIS\/2017.8.7 In Soviet Lithuania, as in the entire Soviet Union, gathering of artists in informal groups was not tolerated. However, informal communities of like-minded colleagues would assemble in private spaces, artists\u2019 homes and studios, where creative and political freedom goals were pursued. The article discusses the history of the Vilnius Jeruzal\u0117 Sculpture<a href=\"https:\/\/www.arthistorystudies.lt\/en\/turinys-t-8\/dailininku-bendruomene-lietuvdailininku-bendruomene-lietuvoje-vilniaus-jeruzales-skulpturu-sodo-atvejis-santraukaoje-vilniaus-jeruzales-skulpturu-sodo-atvejis-santrauka\/\">[&#8230;]<\/a><\/p>\n","protected":false},"author":1,"featured_media":0,"parent":735,"menu_order":0,"comment_status":"closed","ping_status":"closed","template":"","meta":{"footnotes":""},"class_list":["post-1941","page","type-page","status-publish","hentry"],"_links":{"self":[{"href":"https:\/\/www.arthistorystudies.lt\/en\/wp-json\/wp\/v2\/pages\/1941","targetHints":{"allow":["GET"]}}],"collection":[{"href":"https:\/\/www.arthistorystudies.lt\/en\/wp-json\/wp\/v2\/pages"}],"about":[{"href":"https:\/\/www.arthistorystudies.lt\/en\/wp-json\/wp\/v2\/types\/page"}],"author":[{"embeddable":true,"href":"https:\/\/www.arthistorystudies.lt\/en\/wp-json\/wp\/v2\/users\/1"}],"replies":[{"embeddable":true,"href":"https:\/\/www.arthistorystudies.lt\/en\/wp-json\/wp\/v2\/comments?post=1941"}],"version-history":[{"count":1,"href":"https:\/\/www.arthistorystudies.lt\/en\/wp-json\/wp\/v2\/pages\/1941\/revisions"}],"predecessor-version":[{"id":1942,"href":"https:\/\/www.arthistorystudies.lt\/en\/wp-json\/wp\/v2\/pages\/1941\/revisions\/1942"}],"up":[{"embeddable":true,"href":"https:\/\/www.arthistorystudies.lt\/en\/wp-json\/wp\/v2\/pages\/735"}],"wp:attachment":[{"href":"https:\/\/www.arthistorystudies.lt\/en\/wp-json\/wp\/v2\/media?parent=1941"}],"curies":[{"name":"wp","href":"https:\/\/api.w.org\/{rel}","templated":true}]}}