{"id":1838,"date":"2024-07-22T12:39:49","date_gmt":"2024-07-22T09:39:49","guid":{"rendered":"https:\/\/www.arthistorystudies.lt\/?page_id=1838"},"modified":"2024-07-24T13:41:22","modified_gmt":"2024-07-24T10:41:22","slug":"pamatyti-bylu-uki-kestucio-grigaliuno-projektas-apie-meile-santrauka","status":"publish","type":"page","link":"https:\/\/www.arthistorystudies.lt\/en\/turinys-t-6\/pamatyti-bylu-uki-kestucio-grigaliuno-projektas-apie-meile-santrauka\/","title":{"rendered":"Looking at the Scriptural Economy of the Atrocity Archive: \u2018About Love\u2019 by K\u0119stutis Grigali\u016bnas (Summary)"},"content":{"rendered":"<p><strong>Natalija Arlauskait\u0117 <a href=\"https:\/\/www.arthistorystudies.lt\/wp-content\/uploads\/2022\/12\/DIS-6_2014_p.118-132_compressed.pdf\" target=\"_blank\" rel=\"noopener\">(PDF)<\/a><\/strong><br \/>\n<a href=\"https:\/\/www.arthistorystudies.lt\/wp-content\/uploads\/2022\/12\/DIS-6_2014_p.118-132_compressed.pdf\" target=\"_blank\" rel=\"noopener\"><strong>https:\/\/doi.org\/10.53631\/DIS\/2014.6.6<\/strong><\/a><\/p>\n<p>At the moment of their production, Soviet atrocity and repression archives were not intended to be watched. When their initial status is being subverted, one cannot ask what it means to read these archives and make them visible. What does looking at them mean, and how can the archive\u2019s visuality be approached and handled? The article scrutinises the second book in the framework of a project, \u2018About Love\u2019, by artist K\u0119stutis Grigali\u016bnas. The book is a collection of 130 silk prints, the material from files of 130 victims of political persecution, killed in Tuskul\u0117nai Estate in Vilnius from 1944 to 1947. The aim of the article was to show how the visualisation of the atrocity archive, the very scopic regime and its alteration participate in the subversion of the archive and the creation of new orders of historical memory. This kind of de- and re-archiving relies on the \u2018indexical power\u2019 of the photographic image as an intermediary stage in producing silk prints. Montage techniques introduced in \u2018About Love\u2019 strengthen and multiply indexicality effects in various ways, thus complementing the strategy of making the trauma archive visible despite being initially deprived of presence in the visual sphere.<\/p>\n<p><strong>Keywords<\/strong>: archive, regimes of visuality, indexicality, scriptural photography<\/p>","protected":false},"excerpt":{"rendered":"<p>Natalija Arlauskait\u0117 (PDF) https:\/\/doi.org\/10.53631\/DIS\/2014.6.6 At the moment of their production, Soviet atrocity and repression archives were not intended to be watched. When their initial status is being subverted, one cannot ask what it means to read these archives and make them visible. What does looking at them mean, and how can the archive\u2019s visuality be<a href=\"https:\/\/www.arthistorystudies.lt\/en\/turinys-t-6\/pamatyti-bylu-uki-kestucio-grigaliuno-projektas-apie-meile-santrauka\/\">[&#8230;]<\/a><\/p>\n","protected":false},"author":1,"featured_media":0,"parent":666,"menu_order":0,"comment_status":"closed","ping_status":"closed","template":"","meta":{"footnotes":""},"class_list":["post-1838","page","type-page","status-publish","hentry"],"_links":{"self":[{"href":"https:\/\/www.arthistorystudies.lt\/en\/wp-json\/wp\/v2\/pages\/1838","targetHints":{"allow":["GET"]}}],"collection":[{"href":"https:\/\/www.arthistorystudies.lt\/en\/wp-json\/wp\/v2\/pages"}],"about":[{"href":"https:\/\/www.arthistorystudies.lt\/en\/wp-json\/wp\/v2\/types\/page"}],"author":[{"embeddable":true,"href":"https:\/\/www.arthistorystudies.lt\/en\/wp-json\/wp\/v2\/users\/1"}],"replies":[{"embeddable":true,"href":"https:\/\/www.arthistorystudies.lt\/en\/wp-json\/wp\/v2\/comments?post=1838"}],"version-history":[{"count":2,"href":"https:\/\/www.arthistorystudies.lt\/en\/wp-json\/wp\/v2\/pages\/1838\/revisions"}],"predecessor-version":[{"id":1870,"href":"https:\/\/www.arthistorystudies.lt\/en\/wp-json\/wp\/v2\/pages\/1838\/revisions\/1870"}],"up":[{"embeddable":true,"href":"https:\/\/www.arthistorystudies.lt\/en\/wp-json\/wp\/v2\/pages\/666"}],"wp:attachment":[{"href":"https:\/\/www.arthistorystudies.lt\/en\/wp-json\/wp\/v2\/media?parent=1838"}],"curies":[{"name":"wp","href":"https:\/\/api.w.org\/{rel}","templated":true}]}}