{"id":1765,"date":"2024-07-07T13:22:55","date_gmt":"2024-07-07T10:22:55","guid":{"rendered":"https:\/\/www.arthistorystudies.lt\/?page_id=1765"},"modified":"2024-07-07T21:10:22","modified_gmt":"2024-07-07T18:10:22","slug":"voluines-aristokratu-gimines-tarp-lietuvos-didziosios-kunigaikstystes-ir-lenkijos-karalystes-santrauka","status":"publish","type":"page","link":"https:\/\/www.arthistorystudies.lt\/en\/turinys-t-4\/voluines-aristokratu-gimines-tarp-lietuvos-didziosios-kunigaikstystes-ir-lenkijos-karalystes-santrauka\/","title":{"rendered":"Aristocratic Families of Volhynia: Between the Grand Duchy of Lithuania and the Kingdom of Poland (Summary)"},"content":{"rendered":"<p><strong>Andrzej J\u00f3zef Baranowski <a href=\"https:\/\/www.arthistorystudies.lt\/wp-content\/uploads\/2022\/12\/DIS-4_p.449-467_CompressPdf.pdf\" target=\"_blank\" rel=\"noopener\">(PDF)<\/a><\/strong><br \/>\n<a href=\"https:\/\/www.arthistorystudies.lt\/wp-content\/uploads\/2022\/12\/DIS-4_p.449-467_CompressPdf.pdf\" target=\"_blank\" rel=\"noopener\"><strong>https:\/\/doi.org\/10.53631\/DIS\/2010.4.21<\/strong><\/a><\/p>\n<p>Until the Union of Lublin in 1569, Volhynia was part of the Grand Duchy of Lithuania (GDL). Later, the noble families of Volhynia maintained cultural relations with Lithuania. However, members of these families could not obtain state and episcopal positions in the GDL, so they pursued their careers in the Kingdom of Poland. Already in the 16th century, the most influential became the families of Ostrogski and Zbaraski, who overshadowed others, such as the Korecki family until their extinction in the 17th century or the Czartoryski and Sanguszko families, who were still on their way to the peak of their wealth and political careers and gained a prominent position only in the 18th century. Kinship with Polish families became an introduction to political unification for the Zbaraski, Ostrogski and Wi\u015bniowiecki families after the Union of Lublin was signed. These relations were strengthened by awarding Ruthenian families with the highest positions in the Republic. Janusz Ostrogski, Jerzy Zbaraski and Janusz Wi\u015bniowiecki were promoted to the Castellan of Cracow, and Micha\u0142 Korybut Wi\u015bniowiecki was elected a King of Poland. The vast domains of Tarnowski and other families of Lesser Poland passed to Ruthenian families. Polish nobles, such as the Konecpolski, Sieniawski, Sobieski, Potocki and Lubomirski, intermarried with the Czartoryski, Zas\u0142awski and Sangushko, acquired large domains in Volhynia and other Ruthenian lands. Volhynia and Lithuania started to unite again in the 18th century when the Saxon dynasty fought against the Lithuanian nobles with separatist attitudes and raised cosmopolitan aristocratic families. Then the Sanguszko, Wi\u015bniowiecki and Czartoryski families, remote descendants of the Jagiellonians and Rurikids, took over the most important offices in the GDL, which the families of Radziwi\u0142\u0142, Sapieha and Pac had previously occupied. Members of the Volhynia families who converted to Catholicism generously funded Latin churches, for example, in Zbarazh, Dubno, Vyshnivets and Zaslav (Izyaslav). The dukes Wi\u015bniowiecki built a massive Jesuit ensemble in Kremenets. Miko\u0142aj Potocki, who took over the construction of the Cathedral of St George in Lviv and the Pochayiv Basilian Monastery, became one of the most generous benefactors of the Ruthenian Uniate churches.<\/p>\n<p><strong>Keywords<\/strong>: noblemen, Union of Lublin, Ruthenians, Lesser Poland, aristocracy<\/p>\n<p>&nbsp;<\/p>","protected":false},"excerpt":{"rendered":"<p>Andrzej J\u00f3zef Baranowski (PDF) https:\/\/doi.org\/10.53631\/DIS\/2010.4.21 Until the Union of Lublin in 1569, Volhynia was part of the Grand Duchy of Lithuania (GDL). Later, the noble families of Volhynia maintained cultural relations with Lithuania. However, members of these families could not obtain state and episcopal positions in the GDL, so they pursued their careers in the<a href=\"https:\/\/www.arthistorystudies.lt\/en\/turinys-t-4\/voluines-aristokratu-gimines-tarp-lietuvos-didziosios-kunigaikstystes-ir-lenkijos-karalystes-santrauka\/\">[&#8230;]<\/a><\/p>\n","protected":false},"author":1,"featured_media":0,"parent":583,"menu_order":0,"comment_status":"closed","ping_status":"closed","template":"","meta":{"footnotes":""},"class_list":["post-1765","page","type-page","status-publish","hentry"],"_links":{"self":[{"href":"https:\/\/www.arthistorystudies.lt\/en\/wp-json\/wp\/v2\/pages\/1765","targetHints":{"allow":["GET"]}}],"collection":[{"href":"https:\/\/www.arthistorystudies.lt\/en\/wp-json\/wp\/v2\/pages"}],"about":[{"href":"https:\/\/www.arthistorystudies.lt\/en\/wp-json\/wp\/v2\/types\/page"}],"author":[{"embeddable":true,"href":"https:\/\/www.arthistorystudies.lt\/en\/wp-json\/wp\/v2\/users\/1"}],"replies":[{"embeddable":true,"href":"https:\/\/www.arthistorystudies.lt\/en\/wp-json\/wp\/v2\/comments?post=1765"}],"version-history":[{"count":3,"href":"https:\/\/www.arthistorystudies.lt\/en\/wp-json\/wp\/v2\/pages\/1765\/revisions"}],"predecessor-version":[{"id":1785,"href":"https:\/\/www.arthistorystudies.lt\/en\/wp-json\/wp\/v2\/pages\/1765\/revisions\/1785"}],"up":[{"embeddable":true,"href":"https:\/\/www.arthistorystudies.lt\/en\/wp-json\/wp\/v2\/pages\/583"}],"wp:attachment":[{"href":"https:\/\/www.arthistorystudies.lt\/en\/wp-json\/wp\/v2\/media?parent=1765"}],"curies":[{"name":"wp","href":"https:\/\/api.w.org\/{rel}","templated":true}]}}