{"id":1720,"date":"2024-07-06T15:06:52","date_gmt":"2024-07-06T12:06:52","guid":{"rendered":"https:\/\/www.arthistorystudies.lt\/?page_id=1720"},"modified":"2024-07-07T21:28:31","modified_gmt":"2024-07-07T18:28:31","slug":"piligrimas-ir-turistas-mykolo-kazimiero-radvilos-kelione-i-italija-1678-metais-santrauka","status":"publish","type":"page","link":"https:\/\/www.arthistorystudies.lt\/en\/turinys-t-4\/piligrimas-ir-turistas-mykolo-kazimiero-radvilos-kelione-i-italija-1678-metais-santrauka\/","title":{"rendered":"Pilgrim and Tourist: The Journey of Micha\u0142 Kazimierz Radziwi\u0142\u0142 to Italy in 1678 (Summary)"},"content":{"rendered":"<p><strong>Hanna Osiecka-Samsonowicz <a href=\"https:\/\/www.arthistorystudies.lt\/wp-content\/uploads\/2022\/12\/DIS-4_p.172-187_CompressPdf.pdf\" target=\"_blank\" rel=\"noopener\">(PDF)<\/a><\/strong><br \/>\n<a href=\"https:\/\/www.arthistorystudies.lt\/wp-content\/uploads\/2022\/12\/DIS-4_p.172-187_CompressPdf.pdf\" target=\"_blank\" rel=\"noopener\"><strong>https:\/\/doi.org\/10.53631\/DIS\/2010.4.8<\/strong><\/a><\/p>\n<p>In August 1677, Micha\u0142 Kazimierz Radziwi\u0142\u0142, Voivode of Vilnius, Vice-Chancellor and Hetman of the Grand Duchy of Lithuania, travelled to Italy with wife, Katarzyna Sobieska. More than a year ago, John III Sobieski decided to entrust to the duke the function of an obedience envoy (expressing respect) to Pope Innocent XI. For the King, the question of the envoy was prestigious and urgent, so he tried to give the trip of his brother-in-law an official character. However, Radziwi\u0142\u0142 treated this trip as a key preparation for the postponed obedience mission, which was finally carried out in 1680.<\/p>\n<p>In December, the Radziwi\u0142\u0142s reached Venice, then via Padua and Loreto, went to Rome. In Loreto, they donated precious ex-votos. On 20 February 1678, the Duke entered the city <em>incognito<\/em>. A few days later, accompanied by dozens of carriages, he made a sumptuous entry into the city with the participation of representatives of the French Embassy, Cardinal Pietro Vidoni, papal legate and nuncio of the Polish-Lithuanian Commonwealth and numerous Roman aristocracy. In the city along the shores of the Tiber, the princely couple attended audiences with the Pope and participated in numerous church ceremonies. Although Radziwi\u0142\u0142s visited Rome on a devotional-tourist basis, the Duke was treated as a private envoy of the Polish King. The princely couple was due to return to the country in early March.\u00a0 However, they fell ill and were delayed in Rome, which they left only on 2 April. They returned to their homeland in June 1678.<\/p>\n<p>No iconographic sources testify to the stay of Radziwi\u0142\u0142s in Rome. Therefore, the descriptions of the Duke\u2019s sumptuous entry into the city and the ceremonies in the memoirs of those times and <em>Avvisi di Roma<\/em> are particularly valuable archival sources. They provide details of events that have been unmarked until now in the literature for the Radziwi\u0142\u0142s. In addition, the visit of a Lithuanian nobleman to <em>Corte di Roma<\/em> is an interesting fragment of cultural and customs history included in the luxurious calendar of Roman secular and sacral ceremonies in the 17th century.<\/p>\n<p><strong>Keywords<\/strong>: John III Sobieski, GDL, Rome, diplomatic history, Katarzyna Sobieska<\/p>","protected":false},"excerpt":{"rendered":"<p>Hanna Osiecka-Samsonowicz (PDF) https:\/\/doi.org\/10.53631\/DIS\/2010.4.8 In August 1677, Micha\u0142 Kazimierz Radziwi\u0142\u0142, Voivode of Vilnius, Vice-Chancellor and Hetman of the Grand Duchy of Lithuania, travelled to Italy with wife, Katarzyna Sobieska. More than a year ago, John III Sobieski decided to entrust to the duke the function of an obedience envoy (expressing respect) to Pope Innocent XI.<a href=\"https:\/\/www.arthistorystudies.lt\/en\/turinys-t-4\/piligrimas-ir-turistas-mykolo-kazimiero-radvilos-kelione-i-italija-1678-metais-santrauka\/\">[&#8230;]<\/a><\/p>\n","protected":false},"author":1,"featured_media":0,"parent":583,"menu_order":0,"comment_status":"closed","ping_status":"closed","template":"","meta":{"footnotes":""},"class_list":["post-1720","page","type-page","status-publish","hentry"],"_links":{"self":[{"href":"https:\/\/www.arthistorystudies.lt\/en\/wp-json\/wp\/v2\/pages\/1720","targetHints":{"allow":["GET"]}}],"collection":[{"href":"https:\/\/www.arthistorystudies.lt\/en\/wp-json\/wp\/v2\/pages"}],"about":[{"href":"https:\/\/www.arthistorystudies.lt\/en\/wp-json\/wp\/v2\/types\/page"}],"author":[{"embeddable":true,"href":"https:\/\/www.arthistorystudies.lt\/en\/wp-json\/wp\/v2\/users\/1"}],"replies":[{"embeddable":true,"href":"https:\/\/www.arthistorystudies.lt\/en\/wp-json\/wp\/v2\/comments?post=1720"}],"version-history":[{"count":2,"href":"https:\/\/www.arthistorystudies.lt\/en\/wp-json\/wp\/v2\/pages\/1720\/revisions"}],"predecessor-version":[{"id":1799,"href":"https:\/\/www.arthistorystudies.lt\/en\/wp-json\/wp\/v2\/pages\/1720\/revisions\/1799"}],"up":[{"embeddable":true,"href":"https:\/\/www.arthistorystudies.lt\/en\/wp-json\/wp\/v2\/pages\/583"}],"wp:attachment":[{"href":"https:\/\/www.arthistorystudies.lt\/en\/wp-json\/wp\/v2\/media?parent=1720"}],"curies":[{"name":"wp","href":"https:\/\/api.w.org\/{rel}","templated":true}]}}