{"id":1695,"date":"2024-07-04T15:08:06","date_gmt":"2024-07-04T12:08:06","guid":{"rendered":"https:\/\/www.arthistorystudies.lt\/?page_id=1695"},"modified":"2024-07-07T21:02:56","modified_gmt":"2024-07-07T18:02:56","slug":"lietuvos-didziosios-kunigaikstystes-heraldika-ir-jos-visuomenines-idejines-reiksmes-baltramiejaus-paprockio-kuryboje-santrauka","status":"publish","type":"page","link":"https:\/\/www.arthistorystudies.lt\/en\/turinys-t-4\/lietuvos-didziosios-kunigaikstystes-heraldika-ir-jos-visuomenines-idejines-reiksmes-baltramiejaus-paprockio-kuryboje-santrauka\/","title":{"rendered":"Heraldry of the Grand Duchy of Lithuania and its Social and Ideological Meanings in the Work of Bart\u0142omiej Paprocki (Summary)"},"content":{"rendered":"<p><strong>S\u0142awomir Baczewski <a href=\"https:\/\/www.arthistorystudies.lt\/wp-content\/uploads\/2022\/12\/DIS-4_p.43-54_CompressPdf.pdf\" target=\"_blank\" rel=\"noopener\">(PDF)<\/a><\/strong><br \/>\n<a href=\"https:\/\/www.arthistorystudies.lt\/wp-content\/uploads\/2022\/12\/DIS-4_p.43-54_CompressPdf.pdf\" target=\"_blank\" rel=\"noopener\"><strong>https:\/\/doi.org\/10.53631\/DIS\/2010.4.2<\/strong><\/a><\/p>\n<p>The article analyses the heraldic works of Bart\u0142omiej Paprocki (1543\u20131614): \u2018Wealthy\u2019 (Panosza), \u2018Nest of Virtue\u2019 (Gnie\u017ado cnoty), \u2018Coats of Arms of Polish Knights\u2019 (Herby rycerstwa polskiego) and \u2018Royal Garden\u2019 (Ogr\u00f3d kr\u00f3lewski). Attention is drawn to the different assessments of the origins and meanings of the heraldry of the Grand Duchy of Lithuania (GDL) and Poland, as well as the different interpretations of the history of the two countries. Paprocki did not support the idea that the Lithuanian nobility originated from the Romans. Ignoring knowledge of historiography, he underestimated the tradition of pagan Lithuanian statehood until the times of Jagie\u0142\u0142o. Questioning the antiquity of the Lithuanian nobility families and coats of arms, he regarded them as secondary in the Polish-Lithuanian Commonwealth. In his works, Paprocki polemicised with the point of view of the chronicler Maciej Stryjkowski (1547\u20131593), who founded the tradition of Lithuanian history and, contrary to his intentions, reinforced the notion of the exclusivity of the inhabitants of the GDL. The reasons for Paprocki\u2019s attitudes need to be clarified. Perhaps he was thinking of a different kind of union of nations. His works written after 1588, when he emigrated to Krom\u011b\u0159\u00ed\u017e (Moravia), repeatedly refer to the common origin of Poles and Czechs and state that many Polish coats of arms are of Czech origin. The alternative of a union between Lithuania and Poland is tentatively proposed, emphasising the link between the two Slavic nations.<\/p>\n<p><strong>Keywords<\/strong>: coat of arms, Poland, nobility, historiography, the Czechs<\/p>","protected":false},"excerpt":{"rendered":"<p>S\u0142awomir Baczewski (PDF) https:\/\/doi.org\/10.53631\/DIS\/2010.4.2 The article analyses the heraldic works of Bart\u0142omiej Paprocki (1543\u20131614): \u2018Wealthy\u2019 (Panosza), \u2018Nest of Virtue\u2019 (Gnie\u017ado cnoty), \u2018Coats of Arms of Polish Knights\u2019 (Herby rycerstwa polskiego) and \u2018Royal Garden\u2019 (Ogr\u00f3d kr\u00f3lewski). Attention is drawn to the different assessments of the origins and meanings of the heraldry of the Grand Duchy of<a href=\"https:\/\/www.arthistorystudies.lt\/en\/turinys-t-4\/lietuvos-didziosios-kunigaikstystes-heraldika-ir-jos-visuomenines-idejines-reiksmes-baltramiejaus-paprockio-kuryboje-santrauka\/\">[&#8230;]<\/a><\/p>\n","protected":false},"author":1,"featured_media":0,"parent":583,"menu_order":0,"comment_status":"closed","ping_status":"closed","template":"","meta":{"footnotes":""},"class_list":["post-1695","page","type-page","status-publish","hentry"],"_links":{"self":[{"href":"https:\/\/www.arthistorystudies.lt\/en\/wp-json\/wp\/v2\/pages\/1695","targetHints":{"allow":["GET"]}}],"collection":[{"href":"https:\/\/www.arthistorystudies.lt\/en\/wp-json\/wp\/v2\/pages"}],"about":[{"href":"https:\/\/www.arthistorystudies.lt\/en\/wp-json\/wp\/v2\/types\/page"}],"author":[{"embeddable":true,"href":"https:\/\/www.arthistorystudies.lt\/en\/wp-json\/wp\/v2\/users\/1"}],"replies":[{"embeddable":true,"href":"https:\/\/www.arthistorystudies.lt\/en\/wp-json\/wp\/v2\/comments?post=1695"}],"version-history":[{"count":2,"href":"https:\/\/www.arthistorystudies.lt\/en\/wp-json\/wp\/v2\/pages\/1695\/revisions"}],"predecessor-version":[{"id":1780,"href":"https:\/\/www.arthistorystudies.lt\/en\/wp-json\/wp\/v2\/pages\/1695\/revisions\/1780"}],"up":[{"embeddable":true,"href":"https:\/\/www.arthistorystudies.lt\/en\/wp-json\/wp\/v2\/pages\/583"}],"wp:attachment":[{"href":"https:\/\/www.arthistorystudies.lt\/en\/wp-json\/wp\/v2\/media?parent=1695"}],"curies":[{"name":"wp","href":"https:\/\/api.w.org\/{rel}","templated":true}]}}