{"id":1665,"date":"2024-06-15T12:59:32","date_gmt":"2024-06-15T09:59:32","guid":{"rendered":"https:\/\/www.arthistorystudies.lt\/?page_id=1665"},"modified":"2024-06-15T13:00:15","modified_gmt":"2024-06-15T10:00:15","slug":"janka-kaskielis-nusikaltimu-bendrininkas-ar-dvieju-diktaturu-auka-stalininio-ir-naciu-rezimu-karikaturisto-likimas-santrauka","status":"publish","type":"page","link":"https:\/\/www.arthistorystudies.lt\/en\/turinys-t-5\/janka-kaskielis-nusikaltimu-bendrininkas-ar-dvieju-diktaturu-auka-stalininio-ir-naciu-rezimu-karikaturisto-likimas-santrauka\/","title":{"rendered":"Janka Ka\u0161kiel: An Accomplice in Crimes or the Victim of Two Dictatorships? The Fate of a Caricaturist in the Service of the Stalinist and Nazi Regimes (summary)"},"content":{"rendered":"<p><strong>Uladzimir Valodzin <a href=\"https:\/\/www.arthistorystudies.lt\/wp-content\/uploads\/2022\/12\/DIS-5_p.351-370_CompressPdf.pdf\" target=\"_blank\" rel=\"noopener\">(PDF)<\/a><br \/>\n<\/strong><a href=\"https:\/\/www.arthistorystudies.lt\/wp-content\/uploads\/2022\/12\/DIS-5_p.351-370_CompressPdf.pdf\" target=\"_blank\" rel=\"noopener\"><strong>https:\/\/doi.org\/10.53631\/DIS\/2012.5.18<\/strong><\/a><\/p>\n<p>Janka Ka\u0161kiel, born in 1902, was an amateur painter. In the 1920s, he worked for the newspaper \u0179viazda (The Star) and the State Publishing House of the Belarusian SSR. Ka\u0161kiel was made famous by his cartoons and friendly caricatures published in 1928. After the war, however, his name was banned because, during the Nazi occupation, he collaborated with the newspapers in the Belarusian language, Belaruskaya hazeta and Holas vioski, creating anti-Bolshevik, anti-Stalinist and anti-Semitic cartoons and illustrations embodying the images of Belarusian nationalism.<\/p>\n<p>At the end of the Second World War, Ka\u0161kielis was arrested. His further fate is unknown. He must have ended his life somewhere in the gulag system in the late 1940s or early 1950s.<\/p>\n<p>It is not clear what motivated Ka\u0161kiel to collaborate with the Nazi regime. In addition to economic motives, one must also take into account the fact that before the war, he was persecuted by the NKVD for creating an ideologically \u2018incorrect\u2019 collage.<\/p>\n<p>It is not easy to identify works by Ka\u0161kiel because his cartoons and drawings are usually unsigned. However, financial documents from the Publishing House of the General Commissariat of Belarus allow us to refine the authorship. The cartoons in the Belaruskaya hazeta are almost exclusively political. They evidence the victories of the Reich\u2019s army, mock Stalin, and, to a lesser extent, Roosevelt and Churchill. Many of the cartoons were anti-Semitic.<\/p>\n<p>Ka\u0161kiel\u2019s name was legalised in Belarus only at the end of the 20th century, and his works were brought back into the discourse of Belarusian art history. However, the artist\u2019s biography has remained silent because collaboration with the Nazi regime is still a taboo subject in Belarus.<\/p>\n<p>The works by Ka\u0161kiel from the war years are interesting in their thematic content. The content of the cartoons and illustrations created by Ka\u0161kiel for Belaruskaya hazeta helps characterise the ideological aspirations of the German administration of the General Commissariat of Belarus and the Belarusian nationalists who collaborated with the newspaper.<\/p>\n<p><strong>Keywords<\/strong>: anti-Bolshevism, anti-semitism, Belarusian nationalism, collaboration, occupation<\/p>","protected":false},"excerpt":{"rendered":"<p>Uladzimir Valodzin (PDF) https:\/\/doi.org\/10.53631\/DIS\/2012.5.18 Janka Ka\u0161kiel, born in 1902, was an amateur painter. In the 1920s, he worked for the newspaper \u0179viazda (The Star) and the State Publishing House of the Belarusian SSR. Ka\u0161kiel was made famous by his cartoons and friendly caricatures published in 1928. After the war, however, his name was banned because,<a href=\"https:\/\/www.arthistorystudies.lt\/en\/turinys-t-5\/janka-kaskielis-nusikaltimu-bendrininkas-ar-dvieju-diktaturu-auka-stalininio-ir-naciu-rezimu-karikaturisto-likimas-santrauka\/\">[&#8230;]<\/a><\/p>\n","protected":false},"author":1,"featured_media":0,"parent":626,"menu_order":0,"comment_status":"closed","ping_status":"closed","template":"","meta":{"footnotes":""},"class_list":["post-1665","page","type-page","status-publish","hentry"],"_links":{"self":[{"href":"https:\/\/www.arthistorystudies.lt\/en\/wp-json\/wp\/v2\/pages\/1665","targetHints":{"allow":["GET"]}}],"collection":[{"href":"https:\/\/www.arthistorystudies.lt\/en\/wp-json\/wp\/v2\/pages"}],"about":[{"href":"https:\/\/www.arthistorystudies.lt\/en\/wp-json\/wp\/v2\/types\/page"}],"author":[{"embeddable":true,"href":"https:\/\/www.arthistorystudies.lt\/en\/wp-json\/wp\/v2\/users\/1"}],"replies":[{"embeddable":true,"href":"https:\/\/www.arthistorystudies.lt\/en\/wp-json\/wp\/v2\/comments?post=1665"}],"version-history":[{"count":2,"href":"https:\/\/www.arthistorystudies.lt\/en\/wp-json\/wp\/v2\/pages\/1665\/revisions"}],"predecessor-version":[{"id":1667,"href":"https:\/\/www.arthistorystudies.lt\/en\/wp-json\/wp\/v2\/pages\/1665\/revisions\/1667"}],"up":[{"embeddable":true,"href":"https:\/\/www.arthistorystudies.lt\/en\/wp-json\/wp\/v2\/pages\/626"}],"wp:attachment":[{"href":"https:\/\/www.arthistorystudies.lt\/en\/wp-json\/wp\/v2\/media?parent=1665"}],"curies":[{"name":"wp","href":"https:\/\/api.w.org\/{rel}","templated":true}]}}