{"id":1415,"date":"2024-04-12T10:11:25","date_gmt":"2024-04-12T07:11:25","guid":{"rendered":"https:\/\/www.arthistorystudies.lt\/?page_id=1415"},"modified":"2024-04-12T10:13:18","modified_gmt":"2024-04-12T07:13:18","slug":"vilniaus-labdariu-draugijos-portretu-rinkinys","status":"publish","type":"page","link":"https:\/\/www.arthistorystudies.lt\/en\/turinys-t-3\/vilniaus-labdariu-draugijos-portretu-rinkinys\/","title":{"rendered":"Collection of Portraits of Vilnius Charity Society"},"content":{"rendered":"<p><strong>Dalia Tarandait\u0117 <a href=\"https:\/\/www.arthistorystudies.lt\/wp-content\/uploads\/2022\/12\/DIS-3_p.43-65.pdf\" target=\"_blank\" rel=\"noopener\">(PDF)<\/a><br \/>\n<\/strong><a href=\"https:\/\/www.arthistorystudies.lt\/wp-content\/uploads\/2022\/12\/DIS-3_p.43-65.pdf\" target=\"_blank\" rel=\"noopener\">https:\/\/doi.org\/10.53631\/DIS\/2008.3.3<\/a><\/p>\n<p>Vilnius Charity Society, which was established in 1807 at the initiative of the bishop of Vilnius Jan Nepomucen Kossakowski and the physician and professor at Vilnius University J\u00f3zef Frank, has been among the most active public organisations in Vilnius and among the few to continue its activity well into 1940 along with Vilnius Medical Society that operated for the same time. Information on its activity and its most generous benefactors was published in annual financial reports, the association\u2019s newsletter, <em>Dzieje dobroczynno\u015bci krajowej i zagranicznej<\/em>, and popular daily newspapers in the region. The distinguished members of civil merit and charitable activity and the major benefactors were noted on the commemorative plaque embedded on the wall of the society\u2019s chapel, and their portraits adorned the walls of the society\u2019s conference room.<\/p>\n<p>The collection of portraits of the Vilnius Charity Society began around 1819. It was assembled largely from portraits provided by society members, i.e., donated portraits, works presented by relatives of deceased members, and personally commissioned portraits of the members. The collection consisted of 18 portraits on display in the conference room in 1859 and expanded to around 50 pieces at the time of the closure of the society in 1940. Most of the portraits are in the depositories of the Lithuanian Art Museum. The author managed to identify 37 portraits previously included in this collection.<\/p>\n<p>Compared to similar collections comprising mainly replicas, the collection of portraits held by the Vilnius Charity Society stood out for its artistic quality. Most of the portraits were produced by such well-known Vilnius painters as Franciszek Smuglewicz, Jan Rustem, Andrzej Walinowicz, Polikarp Joteyko, Walenty Wa\u0144kowicz, Wincenty Smokowski, Jan Zenkiewicz, Henryk Kozlowski, Miko\u0142aj Dawidowicz and Helena Spleszy\u0144ska-Kotwicz-Onichimowska. The only portrait of Duke Micha\u0142 Kleofas Ogi\u0144ski, which reflects the cosmopolitan attitudes of the Lithuanian aristocracy, was made by the famous French painter Fran\u00e7ois Xavier Fabre.<\/p>\n<p>The article analyses the portrait collection of the Vilnius Charity Society as a whole and concentrates on its content without considering the artistic form of individual works. Drawing on written sources, it discusses the contribution of the members to charity and the activity of the society, simultaneously revealing the principles underlying the building of the collection and some associated history.<\/p>\n<p><strong>Keywords<\/strong>: collection of portraits, Vilnius Charity Society, charitable activity, private donations, Vilnius University, Vilnius School of Art, Vilnius residents<\/p>","protected":false},"excerpt":{"rendered":"<p>Dalia Tarandait\u0117 (PDF) https:\/\/doi.org\/10.53631\/DIS\/2008.3.3 Vilnius Charity Society, which was established in 1807 at the initiative of the bishop of Vilnius Jan Nepomucen Kossakowski and the physician and professor at Vilnius University J\u00f3zef Frank, has been among the most active public organisations in Vilnius and among the few to continue its activity well into 1940 along<a href=\"https:\/\/www.arthistorystudies.lt\/en\/turinys-t-3\/vilniaus-labdariu-draugijos-portretu-rinkinys\/\">[&#8230;]<\/a><\/p>\n","protected":false},"author":1,"featured_media":0,"parent":557,"menu_order":0,"comment_status":"closed","ping_status":"closed","template":"","meta":{"footnotes":""},"class_list":["post-1415","page","type-page","status-publish","hentry"],"_links":{"self":[{"href":"https:\/\/www.arthistorystudies.lt\/en\/wp-json\/wp\/v2\/pages\/1415","targetHints":{"allow":["GET"]}}],"collection":[{"href":"https:\/\/www.arthistorystudies.lt\/en\/wp-json\/wp\/v2\/pages"}],"about":[{"href":"https:\/\/www.arthistorystudies.lt\/en\/wp-json\/wp\/v2\/types\/page"}],"author":[{"embeddable":true,"href":"https:\/\/www.arthistorystudies.lt\/en\/wp-json\/wp\/v2\/users\/1"}],"replies":[{"embeddable":true,"href":"https:\/\/www.arthistorystudies.lt\/en\/wp-json\/wp\/v2\/comments?post=1415"}],"version-history":[{"count":2,"href":"https:\/\/www.arthistorystudies.lt\/en\/wp-json\/wp\/v2\/pages\/1415\/revisions"}],"predecessor-version":[{"id":1418,"href":"https:\/\/www.arthistorystudies.lt\/en\/wp-json\/wp\/v2\/pages\/1415\/revisions\/1418"}],"up":[{"embeddable":true,"href":"https:\/\/www.arthistorystudies.lt\/en\/wp-json\/wp\/v2\/pages\/557"}],"wp:attachment":[{"href":"https:\/\/www.arthistorystudies.lt\/en\/wp-json\/wp\/v2\/media?parent=1415"}],"curies":[{"name":"wp","href":"https:\/\/api.w.org\/{rel}","templated":true}]}}