{"id":1386,"date":"2024-04-11T10:55:14","date_gmt":"2024-04-11T07:55:14","guid":{"rendered":"https:\/\/www.arthistorystudies.lt\/?page_id=1386"},"modified":"2024-04-25T12:22:41","modified_gmt":"2024-04-25T09:22:41","slug":"apie-dailininko-ir-uzsakovo-santykius-xviii-a-radvilu-nesvyzius-santrauka","status":"publish","type":"page","link":"https:\/\/www.arthistorystudies.lt\/en\/turinys-t-2\/apie-dailininko-ir-uzsakovo-santykius-xviii-a-radvilu-nesvyzius-santrauka\/","title":{"rendered":"The Relationship between Artist and Commissioner in the Radziwi\u0142\u0142\u2019s Nesvizh of the Eighteenth Century (Summary)"},"content":{"rendered":"<p><strong>\u041e\u043b\u044c\u0433\u0430 \u0413\u043e\u0440\u0448\u043a\u043e\u0432\u043e\u0437-\u0411\u0430\u0436\u0435\u043d\u043e\u0432\u0430\u00a0<a href=\"https:\/\/www.arthistorystudies.lt\/wp-content\/uploads\/2022\/12\/DIS-2_p.236-257_bazenova_compressed.pdf\" target=\"_blank\" rel=\"noopener\">(PDF)<\/a><\/strong><br \/>\n<a href=\"https:\/\/www.arthistorystudies.lt\/wp-content\/uploads\/2022\/12\/DIS-2_p.236-257_bazenova_compressed.pdf\" target=\"_blank\" rel=\"noopener\">https:\/\/doi.org\/10.53631\/DIS\/2006.2.12<\/a><\/p>\n<p>The article presents data found in the archives in Minsk and Warsaw related to the artistic and social history of the noble Micha\u0142 Kazimierz \u2018Rybe\u0144ko\u2019 Radziwi\u0142\u0142 (1702\u20131762). The artists of the ducal court began to accumulate between 1735 and 1740, with the formation of the separate domain of Micha\u0142 Kazimierz \u2018Rybe\u0144ko\u2019 Radziwi\u0142\u0142. The main group of craftsmen gathered in Nesvizh, the capital of the duke\u2019s domain. The core of the group consisted of artists who came to the court of Micha\u0142 Kazimierz \u2018Rybe\u0144ko\u2019 Radziwi\u0142\u0142 from the environment of his mother, Anna Katarzyna Sanguszko-Radziwi\u0142\u0142owa (1676\u20131746). <em>Sanguszko-Radziwi\u0142\u0142owa invited well-known masters, such as <\/em>Johann Conrad Blanck, Giovanni de Fulchi and Johann Benedict Hoffmann. The contract with each master provided training for two to three learners.<\/p>\n<p>The craftsmen commissioned by Micha\u0142 Kazimierz \u2018Rybe\u0144ko\u2019 Radziwi\u0142\u0142 formed four distinct groups. The most numerous of them was the Nesvizh group, which consisted of 10 people, namely Ksawery Dominik Heski, J\u00f3zef Ksawery Heski, Kazimierz Lutnicki and Stanis\u0142aw Miko\u0142ajewski and the decorators of the faience manufactory in Sverzhen, the German K\u00fcntzelmann, Maciej, Jan and Tomasz. Another group of duke painters was located in Zhovkva, the former domain of Hetman \u017b\u00f3\u0142kiewski-Sobieski in Ukraine. The Zhovkva group consisted of six artists. These two groups of artists often worked together under the leadership of Ksawery Dominik Heski. The names of the artists in the Kopys group are not known.<\/p>\n<p>Such a large number of artists permanently working at the ducal court under the patronage of a single patron was relatively rare in the mid-eighteenth century. Neither the duke\u2019s mother, Sanguszko-Radziwi\u0142\u0142, nor his brother, Hieronim Florian Radziwi\u0142\u0142, nor most of the other nobles had so many artists.<\/p>\n<p>The artist training system was similar to the old guild system, and each master who worked for a duke had to teach his craft to two learners. After starting their education, they stayed at the master\u2019s house. The learners were selected from the families of petty nobles of the court of Micha\u0142 Kazimierz \u2018Rybe\u0144ko\u2019 Radziwi\u0142\u0142. Gifted young men were usually identified by the duke\u2019s administrators.<\/p>\n<p>The duke\u2019s artists enjoyed the legal protection of the ruler and earned their living by commissioning his work. Radziwi\u0142\u0142\u2019s artists received a regular salary in cash and kind and payment for specific commissions. In addition, craftsmen could receive special rewards from the duke, such as plots of land, houses, etc. The artists worked under the strict control of the duke, and their main goal was to carry out his commissions as accurately as possible.<\/p>\n<p><strong>Keywords<\/strong>: Micha\u0142 Kazimierz \u2018Rybe\u0144ko\u2019 Radziwi\u0142\u0142, Anna Katarzyna <em>Sanguszko-<\/em>Radziwi\u0142\u0142owa, Nesvizh, Zhovkva, Bia\u0142a Podlaska<\/p>","protected":false},"excerpt":{"rendered":"<p>\u041e\u043b\u044c\u0433\u0430 \u0413\u043e\u0440\u0448\u043a\u043e\u0432\u043e\u0437-\u0411\u0430\u0436\u0435\u043d\u043e\u0432\u0430\u00a0(PDF) https:\/\/doi.org\/10.53631\/DIS\/2006.2.12 The article presents data found in the archives in Minsk and Warsaw related to the artistic and social history of the noble Micha\u0142 Kazimierz \u2018Rybe\u0144ko\u2019 Radziwi\u0142\u0142 (1702\u20131762). The artists of the ducal court began to accumulate between 1735 and 1740, with the formation of the separate domain of Micha\u0142 Kazimierz \u2018Rybe\u0144ko\u2019 Radziwi\u0142\u0142.<a href=\"https:\/\/www.arthistorystudies.lt\/en\/turinys-t-2\/apie-dailininko-ir-uzsakovo-santykius-xviii-a-radvilu-nesvyzius-santrauka\/\">[&#8230;]<\/a><\/p>\n","protected":false},"author":1,"featured_media":0,"parent":511,"menu_order":0,"comment_status":"closed","ping_status":"closed","template":"","meta":{"footnotes":""},"class_list":["post-1386","page","type-page","status-publish","hentry"],"_links":{"self":[{"href":"https:\/\/www.arthistorystudies.lt\/en\/wp-json\/wp\/v2\/pages\/1386","targetHints":{"allow":["GET"]}}],"collection":[{"href":"https:\/\/www.arthistorystudies.lt\/en\/wp-json\/wp\/v2\/pages"}],"about":[{"href":"https:\/\/www.arthistorystudies.lt\/en\/wp-json\/wp\/v2\/types\/page"}],"author":[{"embeddable":true,"href":"https:\/\/www.arthistorystudies.lt\/en\/wp-json\/wp\/v2\/users\/1"}],"replies":[{"embeddable":true,"href":"https:\/\/www.arthistorystudies.lt\/en\/wp-json\/wp\/v2\/comments?post=1386"}],"version-history":[{"count":3,"href":"https:\/\/www.arthistorystudies.lt\/en\/wp-json\/wp\/v2\/pages\/1386\/revisions"}],"predecessor-version":[{"id":1450,"href":"https:\/\/www.arthistorystudies.lt\/en\/wp-json\/wp\/v2\/pages\/1386\/revisions\/1450"}],"up":[{"embeddable":true,"href":"https:\/\/www.arthistorystudies.lt\/en\/wp-json\/wp\/v2\/pages\/511"}],"wp:attachment":[{"href":"https:\/\/www.arthistorystudies.lt\/en\/wp-json\/wp\/v2\/media?parent=1386"}],"curies":[{"name":"wp","href":"https:\/\/api.w.org\/{rel}","templated":true}]}}