{"id":1381,"date":"2024-04-11T10:51:41","date_gmt":"2024-04-11T07:51:41","guid":{"rendered":"https:\/\/www.arthistorystudies.lt\/?page_id=1381"},"modified":"2024-04-11T10:52:58","modified_gmt":"2024-04-11T07:52:58","slug":"palenkes-bialos-skulptoriu-veikla-ir-statusas-xviii-a-ketvirtajame-penktajame-desimtmetyje","status":"publish","type":"page","link":"https:\/\/www.arthistorystudies.lt\/en\/turinys-t-2\/palenkes-bialos-skulptoriu-veikla-ir-statusas-xviii-a-ketvirtajame-penktajame-desimtmetyje\/","title":{"rendered":"The Activities and Status of the Sculptors of Bia\u0142a Podlaska in the 1730s and 1740s (Summary)"},"content":{"rendered":"<p><strong>Aist\u0117 Paliu\u0161yt\u0117 <a href=\"https:\/\/www.arthistorystudies.lt\/wp-content\/uploads\/2022\/12\/DIS-2_p.222-235_paliusyte_compressed.pdf\" target=\"_blank\" rel=\"noopener\">(PDF)<\/a><\/strong><br \/>\n<a href=\"https:\/\/www.arthistorystudies.lt\/wp-content\/uploads\/2022\/12\/DIS-2_p.222-235_paliusyte_compressed.pdf\" target=\"_blank\" rel=\"noopener\">https:\/\/doi.org\/10.53631\/DIS\/2006.2.11<\/a><\/p>\n<p>The article analyses unexplored activities of the sculptors of Bia\u0142a Podlaska commissioned by the wife of the Chancellor of the Grand Duchy of Lithuania (GDL), Anna Katarzyna Sanguszko-Radziwi\u0142\u0142owa, in the 1730s and 1740s. The profession of the sculptor, the peculiarities of the work commissions and the social status were addressed. The article seeks to better comprehend the tradition of sculpture in the GDL in the eighteenth century and to explain the little-addressed problems linked to the creative conditions of artists in private towns. In analysing these questions, the author relies on previously unstudied financial documents of the ducal court, namely work contracts and treasury expenses. These historical sources are mainly from the 1730s and early 1740s. It was the most active period for Sanguszko-Radziwi\u0142\u0142owa commissions and the most intensive creative activity of the sculptors.<br \/>\nMore than ten sculptors worked in Bia\u0142a Podlaska, ruled by Sanguszko-Radziwi\u0142\u0142owa in the early eighteenth century. Moulders created compositions of different techniques and genres. Also, they were especially prominent as decorators. Therefore, their activities influenced the artistic development of the whole region. The masters instructed the learners drawn from among the subjects of their noble landlady. They worked in Bia\u0142a Podlaska and other towns in the GDL ruled by the Chancellor\u2019s wife.<br \/>\nWe did not observe irregularities or exclusive treatment of sculptors regarding their social status compared to other groups of artists and craftsmen. Nevertheless, some representatives of this profession were well-paid and well-esteemed. In ducal court documents, sculptors and painters are sometimes rated as executors of commissions, which is different from other craftsmen.<br \/>\nInvestigating the activities of sculptors in Bia\u0142a Podlaska, we found no tension between the noble court and the city, which existed in other regions of modern Europe. The sculptors of Bia\u0142a Podlaska, like other groups of artists, did not form a guild as an institutional alternative to the court. The groups of creative artists accumulated primarily at the owner\u2019s court and with the direct participation of Sanguszko-Radziwi\u0142\u0142owa, the most important art commissioner of the town.<br \/>\nThe activities of most sculptors in Bia\u0142a Podlaska were directly dependent on the economy of the town\u2019s owner. The working conditions of artists in the private town had peculiarities. The connection to the noble court made their working conditions similar to those of artists who worked in other properties not related to the urban space. On the other hand, existing urban conditions enabled more intensive, varied and influential artistic activities. It is evidenced by the history of Bia\u0142a Podlaska sculptors in the 1730s and 1740s.<br \/>\n<strong>Keywords:<\/strong> Grand Duchy of Lithuania, Anna Katarzyna Sanguszko-Radziwi\u0142\u0142owa, ducal court, nobles, artists<\/p>","protected":false},"excerpt":{"rendered":"<p>Aist\u0117 Paliu\u0161yt\u0117 (PDF) https:\/\/doi.org\/10.53631\/DIS\/2006.2.11 The article analyses unexplored activities of the sculptors of Bia\u0142a Podlaska commissioned by the wife of the Chancellor of the Grand Duchy of Lithuania (GDL), Anna Katarzyna Sanguszko-Radziwi\u0142\u0142owa, in the 1730s and 1740s. The profession of the sculptor, the peculiarities of the work commissions and the social status were addressed. The<a href=\"https:\/\/www.arthistorystudies.lt\/en\/turinys-t-2\/palenkes-bialos-skulptoriu-veikla-ir-statusas-xviii-a-ketvirtajame-penktajame-desimtmetyje\/\">[&#8230;]<\/a><\/p>\n","protected":false},"author":1,"featured_media":0,"parent":511,"menu_order":0,"comment_status":"closed","ping_status":"closed","template":"","meta":{"footnotes":""},"class_list":["post-1381","page","type-page","status-publish","hentry"],"_links":{"self":[{"href":"https:\/\/www.arthistorystudies.lt\/en\/wp-json\/wp\/v2\/pages\/1381","targetHints":{"allow":["GET"]}}],"collection":[{"href":"https:\/\/www.arthistorystudies.lt\/en\/wp-json\/wp\/v2\/pages"}],"about":[{"href":"https:\/\/www.arthistorystudies.lt\/en\/wp-json\/wp\/v2\/types\/page"}],"author":[{"embeddable":true,"href":"https:\/\/www.arthistorystudies.lt\/en\/wp-json\/wp\/v2\/users\/1"}],"replies":[{"embeddable":true,"href":"https:\/\/www.arthistorystudies.lt\/en\/wp-json\/wp\/v2\/comments?post=1381"}],"version-history":[{"count":2,"href":"https:\/\/www.arthistorystudies.lt\/en\/wp-json\/wp\/v2\/pages\/1381\/revisions"}],"predecessor-version":[{"id":1384,"href":"https:\/\/www.arthistorystudies.lt\/en\/wp-json\/wp\/v2\/pages\/1381\/revisions\/1384"}],"up":[{"embeddable":true,"href":"https:\/\/www.arthistorystudies.lt\/en\/wp-json\/wp\/v2\/pages\/511"}],"wp:attachment":[{"href":"https:\/\/www.arthistorystudies.lt\/en\/wp-json\/wp\/v2\/media?parent=1381"}],"curies":[{"name":"wp","href":"https:\/\/api.w.org\/{rel}","templated":true}]}}