{"id":1371,"date":"2024-04-11T10:44:21","date_gmt":"2024-04-11T07:44:21","guid":{"rendered":"https:\/\/www.arthistorystudies.lt\/?page_id=1371"},"modified":"2024-04-11T10:46:03","modified_gmt":"2024-04-11T07:46:03","slug":"apie-vilniaus-religine-iliustracine-grafika-xviii-a-viduryje","status":"publish","type":"page","link":"https:\/\/www.arthistorystudies.lt\/en\/turinys-t-2\/apie-vilniaus-religine-iliustracine-grafika-xviii-a-viduryje\/","title":{"rendered":"Illustrative Religious Graphics in Vilnius in the Mid-Eighteenth Century (Summary)"},"content":{"rendered":"<p><strong>Ewa \u0141omnicka-\u017bakowska <a href=\"https:\/\/www.arthistorystudies.lt\/wp-content\/uploads\/2022\/12\/DIS-2_p.165-201_zakowska_compressed.pdf\" target=\"_blank\" rel=\"noopener\">(PDF)<\/a><\/strong><br \/>\n<a href=\"https:\/\/www.arthistorystudies.lt\/wp-content\/uploads\/2022\/12\/DIS-2_p.165-201_zakowska_compressed.pdf\" target=\"_blank\" rel=\"noopener\">https:\/\/doi.org\/10.53631\/DIS\/2006.2.9<\/a><\/p>\n<p>In the first decades of the eighteenth century, the Polish-Lithuanian Commonwealth saw a rapid increase in illustrative graphics as book publishing intensified. The topics of printed publications in the first half of the eighteenth century varied. Political, historical, religious and panegyric literature, calendars and guides to everyday life were published. The growing number of publications and the diversity of their topics stimulated the need for illustrations.<\/p>\n<p>Local engravers created illustrations for the printings. They rarely had graphic art workshops and mostly worked in monasteries, colleges and universities. Engravings were commissioned by monasteries, colleges and universities and sometimes rulers, high-ranking clergy and secular people. The engravers worked in various cities of the Polish-Lithuanian Commonwealth, including Krakow, Warsaw, Poznan, Lublin, Zamosc, Lviv and Vilnius.<\/p>\n<p>In the eighteenth century, religious themes depicting images of saints, their lives and martyrdom scenes dominated the works of local engravers in the Polish-Lithuanian Commonwealth. Allegorical and symbolic motifs often complemented the compositions. Churches and monasteries, fragments of urban architecture or landscapes were also engraved on the backgrounds. Architectural motifs often accompanied religious compositions. Rococo ornamentation dominated the compositions. Many religious illustrations of the eighteenth century were richly supplemented with various motifs and provided the impression of a <em>horror vacui<\/em>.<\/p>\n<p>The article presents the works of several Vilnius engravers of the first half of the eighteenth century, namely, \u2018St John of Nepomuk\u2019, \u2018Bl. Joseph Calasanz\u2019, \u2018St Justin\u2019, \u2018St Peter de Regalado\u2019, \u2018The Immaculate Conception of the Blessed Virgin Mary\u2019 and \u2018St Casimir\u2019 by Franciszek Wac\u0142aw Balcewicz, several versions of \u2018The Miraculous Image of Lord Jesus from Chashniki\u2019, \u2018St Anthony of Padua and St John of Nepomuk\u2019, \u2018Composition with images of St Augustine and St Ignatius of Loyola\u2019 and \u2018Our Lady of R\u00f3\u017canystok\u2019 by Jan Onufry Piotrowski and \u2018St Ignatius of Loyola\u2019 and \u2018Our Lady of Mercy\u2019 by Miko\u0142aj Czapli\u0144ski. The engravings of \u2018The Mother of God of Trakai\u2019 and \u2018St Victor the Martyr\u2019 are attributed to Miko\u0142aj Czapli\u0144ski.<\/p>\n<p>A comparison of the works of Vilnius engravers with illustrations created in other cities of the Polish-Lithuanian Commonwealth shows that Vilnius engravers are characterised by a storyline and abundant and varied ornamental decorations. Many engravings in Vilnius of the eighteenth century are primitive in form but detailed in drawing. The abundance of meaningful and decorative motifs in engravings is striking in its own way.<\/p>\n<p><strong>Keywords<\/strong>: Polish-Lithuanian Commonwealth, engravers, images of saints, Franciszek Wac\u0142aw Balcewicz, Jan Onufry Piotrowski, Miko\u0142aj Czapli\u0144ski<\/p>","protected":false},"excerpt":{"rendered":"<p>Ewa \u0141omnicka-\u017bakowska (PDF) https:\/\/doi.org\/10.53631\/DIS\/2006.2.9 In the first decades of the eighteenth century, the Polish-Lithuanian Commonwealth saw a rapid increase in illustrative graphics as book publishing intensified. The topics of printed publications in the first half of the eighteenth century varied. Political, historical, religious and panegyric literature, calendars and guides to everyday life were published. The<a href=\"https:\/\/www.arthistorystudies.lt\/en\/turinys-t-2\/apie-vilniaus-religine-iliustracine-grafika-xviii-a-viduryje\/\">[&#8230;]<\/a><\/p>\n","protected":false},"author":1,"featured_media":0,"parent":511,"menu_order":0,"comment_status":"closed","ping_status":"closed","template":"","meta":{"footnotes":""},"class_list":["post-1371","page","type-page","status-publish","hentry"],"_links":{"self":[{"href":"https:\/\/www.arthistorystudies.lt\/en\/wp-json\/wp\/v2\/pages\/1371","targetHints":{"allow":["GET"]}}],"collection":[{"href":"https:\/\/www.arthistorystudies.lt\/en\/wp-json\/wp\/v2\/pages"}],"about":[{"href":"https:\/\/www.arthistorystudies.lt\/en\/wp-json\/wp\/v2\/types\/page"}],"author":[{"embeddable":true,"href":"https:\/\/www.arthistorystudies.lt\/en\/wp-json\/wp\/v2\/users\/1"}],"replies":[{"embeddable":true,"href":"https:\/\/www.arthistorystudies.lt\/en\/wp-json\/wp\/v2\/comments?post=1371"}],"version-history":[{"count":2,"href":"https:\/\/www.arthistorystudies.lt\/en\/wp-json\/wp\/v2\/pages\/1371\/revisions"}],"predecessor-version":[{"id":1374,"href":"https:\/\/www.arthistorystudies.lt\/en\/wp-json\/wp\/v2\/pages\/1371\/revisions\/1374"}],"up":[{"embeddable":true,"href":"https:\/\/www.arthistorystudies.lt\/en\/wp-json\/wp\/v2\/pages\/511"}],"wp:attachment":[{"href":"https:\/\/www.arthistorystudies.lt\/en\/wp-json\/wp\/v2\/media?parent=1371"}],"curies":[{"name":"wp","href":"https:\/\/api.w.org\/{rel}","templated":true}]}}