{"id":1326,"date":"2024-04-11T09:58:27","date_gmt":"2024-04-11T06:58:27","guid":{"rendered":"https:\/\/www.arthistorystudies.lt\/?page_id=1326"},"modified":"2024-04-11T10:02:59","modified_gmt":"2024-04-11T07:02:59","slug":"vienas-vilniaus-namas-xvi-a-jezuitu-saltiniuose","status":"publish","type":"page","link":"https:\/\/www.arthistorystudies.lt\/en\/turinys-t-2\/vienas-vilniaus-namas-xvi-a-jezuitu-saltiniuose\/","title":{"rendered":"One Vilnius House in the Jesuit Sources of the Sixteenth Century (Summary)"},"content":{"rendered":"<p><strong>Irena Vai\u0161vilait\u0117 <a href=\"https:\/\/www.arthistorystudies.lt\/wp-content\/uploads\/2022\/12\/DIS-2_p.13-29_vaisvilaite_compressed.pdf\" target=\"_blank\" rel=\"noopener\">(PDF)<\/a><br \/>\n<\/strong><a href=\"https:\/\/www.arthistorystudies.lt\/wp-content\/uploads\/2022\/12\/DIS-2_p.13-29_vaisvilaite_compressed.pdf\" target=\"_blank\" rel=\"noopener\">https:\/\/doi.org\/10.53631\/DIS\/2006.2.1<\/a><\/p>\n<p>Sources are scarce for Vilnius houses in the sixteenth century. Therefore, the information provided by the Jesuit sources on one such house is valuable and revealing.<br \/>\nIn 1568, Valerian Protasewicz, the bishop of Vilnius, bought a house for the future Jesuit College. At that time, the house was the property of Nicolas Jasie\u0144ski (Jasi\u0144ski, Jarzi\u0144ski), who had inherited it from his father, Albert. Albert Jasie\u0144ski received this house from his brother, archdeacon Joseph Jasie\u0144ski. The early histories of Vilnius Jesuit College provide some characteristics of the house. In 1570, Francis Sunyer, the first Jesuit Provincial in Poland and Lithuania, described the house as firm, well-built and situated in a splendid location next to the Bishops\u2019 Palace in Vilnius. The house had a beautiful and solemn entrance. The excellent cellars were behind and under the building. Multiple upper rooms were covered with vaults and grouped around a courtyard. Two fountains were supplied with water from the municipal aqueduct next to the kitchen. The house also had a garden that was not big but rather beautiful. The living rooms were numerous and of high quality. One of the rooms was especially spacious, square in plan and decorated with fabrics and images. This room was deemed suitable for special occasions. Next to this room was the chapel, which was beautiful and lavishly furnished with fabrics and images. It also had expensive floors. At least 30 persons comfortably lived in the house, and a school was functioning.<br \/>\nA short history of the first two years of Vilnius College describes the house of Jasie\u0144ski as probably the best in Vilnius. The house had a hypocaustic heating system. World maps decorated the house hall, and the heated rooms contained many fabrics and images. The house also contained a library.<br \/>\nThe Jesuit archive in Rome also houses the index of documents concerning the legal history of the house. From it, we learn that between 1536 and 1550, archdeacon Joseph Jasie\u0144ski formed his property from two houses and adjacent areas. In 1536, Jasie\u0144ski was given a house by bishop Paul of Holszany. This house had been acquired from George, the bishop of Lutsk. In 1539, Jasie\u0144ski bought neighbouring land. In 1549, he acquired the privilege of using the city aqueduct of the Bishops\u2019 palace. In 1550, he bought a house built in 1504 by organist loannus Cicchi on the land given to him by bishop Paul of Holszany.<br \/>\nThus, thanks to Jesuit archives, we know many interesting details about this rich house that bishop Valerian Protasewicz acquired for the Jesuit College in Vilnius.<br \/>\n<strong>Keywords:<\/strong> Valerian Protasewicz, Jesuit College, Jasie\u0144ski, Paul of Holszany, Jesuit archives<\/p>","protected":false},"excerpt":{"rendered":"<p>Irena Vai\u0161vilait\u0117 (PDF) https:\/\/doi.org\/10.53631\/DIS\/2006.2.1 Sources are scarce for Vilnius houses in the sixteenth century. Therefore, the information provided by the Jesuit sources on one such house is valuable and revealing. In 1568, Valerian Protasewicz, the bishop of Vilnius, bought a house for the future Jesuit College. At that time, the house was the property of<a href=\"https:\/\/www.arthistorystudies.lt\/en\/turinys-t-2\/vienas-vilniaus-namas-xvi-a-jezuitu-saltiniuose\/\">[&#8230;]<\/a><\/p>\n","protected":false},"author":1,"featured_media":0,"parent":511,"menu_order":0,"comment_status":"closed","ping_status":"closed","template":"","meta":{"footnotes":""},"class_list":["post-1326","page","type-page","status-publish","hentry"],"_links":{"self":[{"href":"https:\/\/www.arthistorystudies.lt\/en\/wp-json\/wp\/v2\/pages\/1326","targetHints":{"allow":["GET"]}}],"collection":[{"href":"https:\/\/www.arthistorystudies.lt\/en\/wp-json\/wp\/v2\/pages"}],"about":[{"href":"https:\/\/www.arthistorystudies.lt\/en\/wp-json\/wp\/v2\/types\/page"}],"author":[{"embeddable":true,"href":"https:\/\/www.arthistorystudies.lt\/en\/wp-json\/wp\/v2\/users\/1"}],"replies":[{"embeddable":true,"href":"https:\/\/www.arthistorystudies.lt\/en\/wp-json\/wp\/v2\/comments?post=1326"}],"version-history":[{"count":2,"href":"https:\/\/www.arthistorystudies.lt\/en\/wp-json\/wp\/v2\/pages\/1326\/revisions"}],"predecessor-version":[{"id":1330,"href":"https:\/\/www.arthistorystudies.lt\/en\/wp-json\/wp\/v2\/pages\/1326\/revisions\/1330"}],"up":[{"embeddable":true,"href":"https:\/\/www.arthistorystudies.lt\/en\/wp-json\/wp\/v2\/pages\/511"}],"wp:attachment":[{"href":"https:\/\/www.arthistorystudies.lt\/en\/wp-json\/wp\/v2\/media?parent=1326"}],"curies":[{"name":"wp","href":"https:\/\/api.w.org\/{rel}","templated":true}]}}