{"id":1278,"date":"2024-04-08T10:48:20","date_gmt":"2024-04-08T07:48:20","guid":{"rendered":"https:\/\/www.arthistorystudies.lt\/?page_id=1278"},"modified":"2024-04-09T10:04:44","modified_gmt":"2024-04-09T07:04:44","slug":"jaunosios-lenkijos-ideju-atspindziai-m-k-ciurlionio-tekstuose","status":"publish","type":"page","link":"https:\/\/www.arthistorystudies.lt\/en\/turinys\/jaunosios-lenkijos-ideju-atspindziai-m-k-ciurlionio-tekstuose\/","title":{"rendered":"Reflections of Young Poland Ideas in the Texts of M.K. \u010ciurlionis"},"content":{"rendered":"<p><strong>Rasa Andriu\u0161yt\u0117-\u017dukien\u0117 <a href=\"https:\/\/www.arthistorystudies.lt\/wp-content\/uploads\/2022\/12\/DIS-1_p.130-144_CompressPdf.pdf\" target=\"_blank\" rel=\"noopener\">(PDF)<\/a><\/strong><br \/>\n<a href=\"https:\/\/www.arthistorystudies.lt\/wp-content\/uploads\/2022\/12\/DIS-1_p.130-144_CompressPdf.pdf\" target=\"_blank\" rel=\"noopener\">https:\/\/doi.org\/10.53631\/DIS\/2004.1.10<\/a><\/p>\n<p>The start of the artistic creation of Mikalojus Konstantinas \u010ciurlionis coincided with the intense artistic change in Poland in the late nineteenth and early twentieth centuries when the symbolist movement of Young Poland (M\u0142oda Polska) was active. The Young Poland, a gathering of writers and artists, became the centre of Polish modern art, influencing individual personalities and the artistic life of cultural centres in Lviv, Warsaw and Vilnius. \u010ciurlionis, who lived in Poland for about ten years between 1894 and 1906 and took an active part in the life of the Warsaw School of Art, was also influenced by the ideas of that time. The Young Poland movement played an important role in developing the personality of \u010ciurlionis. \u010ciurlionis was partly inspired by the ideas of the intellectuals of that time. His philosophical interests and aesthetic fascinations are close to the ideas expressed by the literates and critics of Young Poland in the Chimera magazine and private salons and artistic studios. An analysis of his letters and literature creation suggests that the Lithuanian artist was not a consistent follower of the ideas of Young Poland. In his letters, \u010ciurlionis rejects the individualism and self-analysis promoted by the leader of Young Poland. His thoughts reflected both the ethical and cultural ideas of the Young Poland and the positive attitudes that opposed them.<\/p>\n<p><strong>Keywords:<\/strong> symbolism, Warsaw School of Arts, artists, literature, philosophical interests<\/p>","protected":false},"excerpt":{"rendered":"<p>Rasa Andriu\u0161yt\u0117-\u017dukien\u0117 (PDF) https:\/\/doi.org\/10.53631\/DIS\/2004.1.10 The start of the artistic creation of Mikalojus Konstantinas \u010ciurlionis coincided with the intense artistic change in Poland in the late nineteenth and early twentieth centuries when the symbolist movement of Young Poland (M\u0142oda Polska) was active. The Young Poland, a gathering of writers and artists, became the centre of Polish<a href=\"https:\/\/www.arthistorystudies.lt\/en\/turinys\/jaunosios-lenkijos-ideju-atspindziai-m-k-ciurlionio-tekstuose\/\">[&#8230;]<\/a><\/p>\n","protected":false},"author":1,"featured_media":0,"parent":407,"menu_order":0,"comment_status":"closed","ping_status":"closed","template":"","meta":{"footnotes":""},"class_list":["post-1278","page","type-page","status-publish","hentry"],"_links":{"self":[{"href":"https:\/\/www.arthistorystudies.lt\/en\/wp-json\/wp\/v2\/pages\/1278","targetHints":{"allow":["GET"]}}],"collection":[{"href":"https:\/\/www.arthistorystudies.lt\/en\/wp-json\/wp\/v2\/pages"}],"about":[{"href":"https:\/\/www.arthistorystudies.lt\/en\/wp-json\/wp\/v2\/types\/page"}],"author":[{"embeddable":true,"href":"https:\/\/www.arthistorystudies.lt\/en\/wp-json\/wp\/v2\/users\/1"}],"replies":[{"embeddable":true,"href":"https:\/\/www.arthistorystudies.lt\/en\/wp-json\/wp\/v2\/comments?post=1278"}],"version-history":[{"count":2,"href":"https:\/\/www.arthistorystudies.lt\/en\/wp-json\/wp\/v2\/pages\/1278\/revisions"}],"predecessor-version":[{"id":1310,"href":"https:\/\/www.arthistorystudies.lt\/en\/wp-json\/wp\/v2\/pages\/1278\/revisions\/1310"}],"up":[{"embeddable":true,"href":"https:\/\/www.arthistorystudies.lt\/en\/wp-json\/wp\/v2\/pages\/407"}],"wp:attachment":[{"href":"https:\/\/www.arthistorystudies.lt\/en\/wp-json\/wp\/v2\/media?parent=1278"}],"curies":[{"name":"wp","href":"https:\/\/api.w.org\/{rel}","templated":true}]}}