{"id":1272,"date":"2024-04-08T10:44:30","date_gmt":"2024-04-08T07:44:30","guid":{"rendered":"https:\/\/www.arthistorystudies.lt\/?page_id=1272"},"modified":"2024-04-09T10:02:03","modified_gmt":"2024-04-09T07:02:03","slug":"meno-sventoves-vaizdinys-xx-a-pradzios-vilniaus-pastatuose","status":"publish","type":"page","link":"https:\/\/www.arthistorystudies.lt\/en\/turinys\/meno-sventoves-vaizdinys-xx-a-pradzios-vilniaus-pastatuose\/","title":{"rendered":"The Image of the \u2018Sanctuary of Art\u2019 in Vilnius Buildings in the early Twentieth Century"},"content":{"rendered":"<p><strong>Nijol\u0117 Luk\u0161ionyt\u0117-Tolvai\u0161ien\u0117 <a href=\"https:\/\/www.arthistorystudies.lt\/wp-content\/uploads\/2022\/12\/DIS-1_p.100-112_CompressPdf.pdf\" target=\"_blank\" rel=\"noopener\">(PDF)<\/a><\/strong><br \/>\n<a href=\"https:\/\/www.arthistorystudies.lt\/wp-content\/uploads\/2022\/12\/DIS-1_p.100-112_CompressPdf.pdf\" target=\"_blank\" rel=\"noopener\">https:\/\/doi.org\/10.53631\/DIS\/2004.1.8<\/a><\/p>\n<p>In the nineteenth century, architecture became the secular equivalent of religion, and secular buildings began to serve a new cult, art. Museums, libraries and cultural institutions were designed in contemporary styles. At the beginning of the twentieth century, Vilnius experienced a cultural renaissance, neoromanticism, when it was again looking back to national history. The 1902 pavilion in the Bernardine Garden can be seen as a representative of the image of the \u2018Sanctuary of Art\u2019 in Vilnius. This wooden building has an unusually streamlined shape. The building has a basilica-like volume with two Baroque towers in front. In 1903, its hall hosted an exhibition of the Cracow Society of Art \u2018Sztuka\u2019. The wooden summer theatre (1907), built in the Vilnius Botanical Garden, had a similar layout in the main fa\u00e7ade. The Baroque churches of Vilnius probably inspired the double-tower facades of the summer theatre and pavilion. This assumption is supported by the theatre palace design by the city architect Wac\u0142aw Michniewicz, in which the representative fa\u00e7ade is framed by Baroque towers, obviously taken from the sacral architecture. Public buildings are often characterised by a volume with one main tower. However, unlike sacral architecture, the tower is built on the corner of the building. The Merchants Club building is an example. A visually similar solution was chosen for the Vilnius power station (1902).<\/p>\n<p><strong>Keywords:<\/strong> Neoromanticism, historicism, double-tower fa\u00e7ades, the pavilion of the Bernardine Garden, Baroque towers<\/p>","protected":false},"excerpt":{"rendered":"<p>Nijol\u0117 Luk\u0161ionyt\u0117-Tolvai\u0161ien\u0117 (PDF) https:\/\/doi.org\/10.53631\/DIS\/2004.1.8 In the nineteenth century, architecture became the secular equivalent of religion, and secular buildings began to serve a new cult, art. Museums, libraries and cultural institutions were designed in contemporary styles. At the beginning of the twentieth century, Vilnius experienced a cultural renaissance, neoromanticism, when it was again looking back to<a href=\"https:\/\/www.arthistorystudies.lt\/en\/turinys\/meno-sventoves-vaizdinys-xx-a-pradzios-vilniaus-pastatuose\/\">[&#8230;]<\/a><\/p>\n","protected":false},"author":1,"featured_media":0,"parent":407,"menu_order":0,"comment_status":"closed","ping_status":"closed","template":"","meta":{"footnotes":""},"class_list":["post-1272","page","type-page","status-publish","hentry"],"_links":{"self":[{"href":"https:\/\/www.arthistorystudies.lt\/en\/wp-json\/wp\/v2\/pages\/1272","targetHints":{"allow":["GET"]}}],"collection":[{"href":"https:\/\/www.arthistorystudies.lt\/en\/wp-json\/wp\/v2\/pages"}],"about":[{"href":"https:\/\/www.arthistorystudies.lt\/en\/wp-json\/wp\/v2\/types\/page"}],"author":[{"embeddable":true,"href":"https:\/\/www.arthistorystudies.lt\/en\/wp-json\/wp\/v2\/users\/1"}],"replies":[{"embeddable":true,"href":"https:\/\/www.arthistorystudies.lt\/en\/wp-json\/wp\/v2\/comments?post=1272"}],"version-history":[{"count":2,"href":"https:\/\/www.arthistorystudies.lt\/en\/wp-json\/wp\/v2\/pages\/1272\/revisions"}],"predecessor-version":[{"id":1306,"href":"https:\/\/www.arthistorystudies.lt\/en\/wp-json\/wp\/v2\/pages\/1272\/revisions\/1306"}],"up":[{"embeddable":true,"href":"https:\/\/www.arthistorystudies.lt\/en\/wp-json\/wp\/v2\/pages\/407"}],"wp:attachment":[{"href":"https:\/\/www.arthistorystudies.lt\/en\/wp-json\/wp\/v2\/media?parent=1272"}],"curies":[{"name":"wp","href":"https:\/\/api.w.org\/{rel}","templated":true}]}}