{"id":1179,"date":"2024-03-26T11:14:19","date_gmt":"2024-03-26T08:14:19","guid":{"rendered":"https:\/\/www.arthistorystudies.lt\/?page_id=1179"},"modified":"2024-03-26T11:14:19","modified_gmt":"2024-03-26T08:14:19","slug":"spalvos-samprata-ir-reiksme-vlado-dremos-menineje-kuryboje","status":"publish","type":"page","link":"https:\/\/www.arthistorystudies.lt\/en\/turinys-t-11\/spalvos-samprata-ir-reiksme-vlado-dremos-menineje-kuryboje\/","title":{"rendered":"Concept and significance of colour in the artistic work of Vladas Dr\u0117ma (Summary)"},"content":{"rendered":"<p><strong>Giedr\u0117 Jankevi\u010di\u016bt\u0117 <a href=\"https:\/\/www.arthistorystudies.lt\/wp-content\/uploads\/2023\/01\/MIS-11_2022_p.9-44_jankeviciute2_sumaz.pdf\" target=\"_blank\" rel=\"noopener\">(PDF)<\/a><br \/>\n<\/strong><a href=\"https:\/\/www.arthistorystudies.lt\/wp-content\/uploads\/2023\/01\/MIS-11_2022_p.9-44_jankeviciute2_sumaz.pdf\" target=\"_blank\" rel=\"noopener\">https:\/\/doi.org\/10.53631\/MIS\/2022.11.1<\/a><\/p>\n<p>This paper is a micro-study based on the case study of coloured linocut series Gediminas Hill in Different Seasons (1943) by Vladas Dr\u0117ma, which reveals the personal circumstances and artistic interests of this artist and art historian in the year when the series was created, i.e. during the Nazi occupation. Lithuanian National Museum of Art alone owns 78 prints of this series but it seems likely that Dr\u0117ma made twice as many prints, i.e. around 150, modifying the colour combination each time. A series of this size based on the variations of the same motif is a unique case in the history of Lithuanian modern art. The paper looks into possible answers to such questions as: what was Dr\u0117ma trying to achieve with this series, why did he focus on Gediminas Hill in particular, what made him pay such a special attention to this very simply rendered motif and what encouraged him to devote so much time and effort to almost identical images, which are not very suggestive or impressive each in itself?<\/p>\n<p>After raising and analysing a few hypotheses on potential reasons and motivations for creating the series (such as auto-psychotherapy, or an attempt to earn money by printing hand-made postcards), the author came to the conclusion that the main inspiration to create the series had been Dr\u0117ma\u2019s interest in colour theory and psycholog y of colour perception that was born in Vytautas Kairi\u016bk\u0161tis studio in Vilnius Lithuanian Gymnasium of Vytautas the Great and grew stronger during the war. This hypothesis is based on the study of surviving Dr\u0117ma`s manuscripts and his collection of books stored at Vilnius Art Academy, as well as on the knowledge of his biographical facts such as his life and work circumstances, daily routines and living conditions of his family.<\/p>\n<p>This study links Dr\u0117ma`s work created during the World War 2 with constructivist experiments from his early period influenced by Kairi\u016bk\u0161tis school; helps to understand the pedagogical fundamentals and landmarks he used while teaching at the State Institute of Art of the Soviet Lithuanian Republic; and allows us to better imagine the life of Vilnius artists during the Nazi occupation. The review of the sources on colour theory accumulated in Dr\u0117ma`s collection of books adds to the current knowledge on the impact the modernism theory had on the art of Vilnius during the inter-war period and on the sources of information available to artists and intellectuals in the Soviet era, which allowed them to transcend the boundaries of the artistic theory imposed by the Socialist Realism doctrine.<\/p>\n<p><strong>Keywords:<\/strong> art psichology, colour theory, constructivism, Vilnius, World War II<\/p>","protected":false},"excerpt":{"rendered":"<p>Giedr\u0117 Jankevi\u010di\u016bt\u0117 (PDF) https:\/\/doi.org\/10.53631\/MIS\/2022.11.1 This paper is a micro-study based on the case study of coloured linocut series Gediminas Hill in Different Seasons (1943) by Vladas Dr\u0117ma, which reveals the personal circumstances and artistic interests of this artist and art historian in the year when the series was created, i.e. during the Nazi occupation. Lithuanian<a href=\"https:\/\/www.arthistorystudies.lt\/en\/turinys-t-11\/spalvos-samprata-ir-reiksme-vlado-dremos-menineje-kuryboje\/\">[&#8230;]<\/a><\/p>\n","protected":false},"author":1,"featured_media":0,"parent":808,"menu_order":0,"comment_status":"closed","ping_status":"closed","template":"","meta":{"footnotes":""},"class_list":["post-1179","page","type-page","status-publish","hentry"],"_links":{"self":[{"href":"https:\/\/www.arthistorystudies.lt\/en\/wp-json\/wp\/v2\/pages\/1179","targetHints":{"allow":["GET"]}}],"collection":[{"href":"https:\/\/www.arthistorystudies.lt\/en\/wp-json\/wp\/v2\/pages"}],"about":[{"href":"https:\/\/www.arthistorystudies.lt\/en\/wp-json\/wp\/v2\/types\/page"}],"author":[{"embeddable":true,"href":"https:\/\/www.arthistorystudies.lt\/en\/wp-json\/wp\/v2\/users\/1"}],"replies":[{"embeddable":true,"href":"https:\/\/www.arthistorystudies.lt\/en\/wp-json\/wp\/v2\/comments?post=1179"}],"version-history":[{"count":1,"href":"https:\/\/www.arthistorystudies.lt\/en\/wp-json\/wp\/v2\/pages\/1179\/revisions"}],"predecessor-version":[{"id":1180,"href":"https:\/\/www.arthistorystudies.lt\/en\/wp-json\/wp\/v2\/pages\/1179\/revisions\/1180"}],"up":[{"embeddable":true,"href":"https:\/\/www.arthistorystudies.lt\/en\/wp-json\/wp\/v2\/pages\/808"}],"wp:attachment":[{"href":"https:\/\/www.arthistorystudies.lt\/en\/wp-json\/wp\/v2\/media?parent=1179"}],"curies":[{"name":"wp","href":"https:\/\/api.w.org\/{rel}","templated":true}]}}