{"id":1140,"date":"2024-03-21T19:27:54","date_gmt":"2024-03-21T16:27:54","guid":{"rendered":"https:\/\/www.arthistorystudies.lt\/?page_id=1140"},"modified":"2024-03-21T19:27:54","modified_gmt":"2024-03-21T16:27:54","slug":"prie-liaudies-meno-tyrimo-istaku-ankstyvoji-pauliaus-galaunes-tautodailes-puoselejimo-veikla","status":"publish","type":"page","link":"https:\/\/www.arthistorystudies.lt\/en\/turinys-t-10\/prie-liaudies-meno-tyrimo-istaku-ankstyvoji-pauliaus-galaunes-tautodailes-puoselejimo-veikla\/","title":{"rendered":"The Origins of Folk Art Research: Early Upheld Activities of Folk Art by Paulius Galaun\u0117 (Summary)"},"content":{"rendered":"<p><strong>Lijana \u0160atavi\u010di\u016bt\u0117-Natalevi\u010dien\u0117 <a href=\"https:\/\/www.arthistorystudies.lt\/wp-content\/uploads\/2022\/12\/MIS-10_2021_p.127-154_compressed.pdf\" target=\"_blank\" rel=\"noopener\">(PDF)<\/a><br \/>\n<\/strong><a href=\"https:\/\/www.arthistorystudies.lt\/wp-content\/uploads\/2022\/12\/MIS-10_2021_p.127-154_compressed.pdf\" target=\"_blank\" rel=\"noopener\">https:\/\/doi.org\/10.53631\/MIS\/2021.10.5<\/a><\/p>\n<p>The article presents the contribution of the well-known museologist, art historian and artist Paulius Galaun\u0117 (1890\u20131988) to folk art research and preservation. During the early period of activity in the 1920s and 1930s, the foundations of folk art research were laid, and collecting popularising and systematising folk art began.<\/p>\n<p>The national identity of Paulius Galaun\u0117 began to form early in his life when he was studying in St. Petersburg. By the time he returned to Lithuania in 1918, he had already decided on a professional choice and perceived his mission as being one to work in the field of culture and art. In the beginning, Paulius Galaun\u0117 published articles calling on society to collect Lithuanian folk art and preserve it from extinction. Eventually, he focused on the fundamental problems of creative folk research and began to apply the same scientific criteria to professional art. The preparation of the substantial work <em>Lithuanian Folk Art: Fundamentals of the Development of Artistic Forms<\/em> (1930) became important in his biography. It was the first publication to discuss the genesis and terminology of Lithuanian folk art, identify its branches and group the works according to stylistic features. Paulius Galaun\u0117 treated folk art as a source from which modern artists could draw inspiration. After becoming the director of M. K. \u010ciurlionis Gallery, he invested much energy in organising folk art-collecting expeditions. During the first five years of its existence, the gallery accumulated about 6,000 folk art exhibits.<\/p>\n<p>Lithuania\u2019s presentations at interwar international exhibitions and the country\u2019s image largely depended on Paulius Galaun\u0117\u2019s taste and vision of the country\u2019s uniqueness, presented in folk art and artistic works symbolising the ethnographic past. At that time, his expositions of folk art in world exhibitions established the image of Lithuania as a country with a deep national tradition.<\/p>\n<p><strong>Keywords<\/strong>: Lithuania, M. K. \u010ciurlionis Gallery, expeditions, exhibits, national tradition<\/p>","protected":false},"excerpt":{"rendered":"<p>Lijana \u0160atavi\u010di\u016bt\u0117-Natalevi\u010dien\u0117 (PDF) https:\/\/doi.org\/10.53631\/MIS\/2021.10.5 The article presents the contribution of the well-known museologist, art historian and artist Paulius Galaun\u0117 (1890\u20131988) to folk art research and preservation. During the early period of activity in the 1920s and 1930s, the foundations of folk art research were laid, and collecting popularising and systematising folk art began. The national<a href=\"https:\/\/www.arthistorystudies.lt\/en\/turinys-t-10\/prie-liaudies-meno-tyrimo-istaku-ankstyvoji-pauliaus-galaunes-tautodailes-puoselejimo-veikla\/\">[&#8230;]<\/a><\/p>\n","protected":false},"author":1,"featured_media":0,"parent":782,"menu_order":0,"comment_status":"closed","ping_status":"closed","template":"","meta":{"footnotes":""},"class_list":["post-1140","page","type-page","status-publish","hentry"],"_links":{"self":[{"href":"https:\/\/www.arthistorystudies.lt\/en\/wp-json\/wp\/v2\/pages\/1140","targetHints":{"allow":["GET"]}}],"collection":[{"href":"https:\/\/www.arthistorystudies.lt\/en\/wp-json\/wp\/v2\/pages"}],"about":[{"href":"https:\/\/www.arthistorystudies.lt\/en\/wp-json\/wp\/v2\/types\/page"}],"author":[{"embeddable":true,"href":"https:\/\/www.arthistorystudies.lt\/en\/wp-json\/wp\/v2\/users\/1"}],"replies":[{"embeddable":true,"href":"https:\/\/www.arthistorystudies.lt\/en\/wp-json\/wp\/v2\/comments?post=1140"}],"version-history":[{"count":1,"href":"https:\/\/www.arthistorystudies.lt\/en\/wp-json\/wp\/v2\/pages\/1140\/revisions"}],"predecessor-version":[{"id":1141,"href":"https:\/\/www.arthistorystudies.lt\/en\/wp-json\/wp\/v2\/pages\/1140\/revisions\/1141"}],"up":[{"embeddable":true,"href":"https:\/\/www.arthistorystudies.lt\/en\/wp-json\/wp\/v2\/pages\/782"}],"wp:attachment":[{"href":"https:\/\/www.arthistorystudies.lt\/en\/wp-json\/wp\/v2\/media?parent=1140"}],"curies":[{"name":"wp","href":"https:\/\/api.w.org\/{rel}","templated":true}]}}